{"id":875,"date":"2025-04-22T07:19:29","date_gmt":"2025-04-22T07:19:29","guid":{"rendered":"https:\/\/somekco.123websitedev.com\/?page_id=875"},"modified":"2025-04-23T06:55:49","modified_gmt":"2025-04-23T06:55:49","slug":"com-dua-say-kho","status":"publish","type":"page","link":"https:\/\/somekco.com.vn\/zh\/san-pham\/com-dua-say-kho\/","title":{"rendered":"\u5e72\u6930\u5b50\u996d"},"content":{"rendered":"<div data-elementor-type=\"wp-page\" data-elementor-id=\"875\" class=\"elementor elementor-875\" data-elementor-post-type=\"page\">\n\t\t\t\t<div class=\"elementor-element elementor-element-edc26db e-flex e-con-boxed elementor-invisible e-con e-parent\" data-id=\"edc26db\" data-element_type=\"container\" data-settings=\"{&quot;background_background&quot;:&quot;classic&quot;,&quot;animation&quot;:&quot;fadeInLeft&quot;}\">\n\t\t\t\t\t<div class=\"e-con-inner\">\n\t\t<div class=\"elementor-element elementor-element-c9b6146 e-con-full e-flex e-con e-child\" data-id=\"c9b6146\" data-element_type=\"container\">\n\t\t\t\t<div class=\"elementor-element elementor-element-f162ce4 elementor--h-position-left elementor--v-position-top elementor-arrows-position-inside elementor-pagination-position-inside elementor-widget elementor-widget-slides\" data-id=\"f162ce4\" data-element_type=\"widget\" data-settings=\"{&quot;navigation&quot;:&quot;both&quot;,&quot;autoplay&quot;:&quot;yes&quot;,&quot;pause_on_hover&quot;:&quot;yes&quot;,&quot;pause_on_interaction&quot;:&quot;yes&quot;,&quot;autoplay_speed&quot;:5000,&quot;infinite&quot;:&quot;yes&quot;,&quot;transition&quot;:&quot;slide&quot;,&quot;transition_speed&quot;:500}\" data-widget_type=\"slides.default\">\n\t\t\t\t<div class=\"elementor-widget-container\">\n\t\t\t\t\t\t\t\t\t<div class=\"elementor-swiper\">\n\t\t\t\t\t<div class=\"elementor-slides-wrapper elementor-main-swiper swiper\" role=\"region\" aria-roledescription=\"carousel\" aria-label=\"\u5e7b\u706f\u7247\" dir=\"ltr\" data-animation=\"fadeInUp\">\n\t\t\t\t<div class=\"swiper-wrapper elementor-slides\">\n\t\t\t\t\t\t\t\t\t\t<div class=\"elementor-repeater-item-f39fac9 swiper-slide\" role=\"group\" aria-roledescription=\"slide\"><div class=\"swiper-slide-bg\" role=\"img\"><\/div><div class=\"swiper-slide-inner\" ><div class=\"swiper-slide-contents\"><\/div><\/div><\/div><div class=\"elementor-repeater-item-d30cb89 swiper-slide\" role=\"group\" aria-roledescription=\"slide\"><div class=\"swiper-slide-bg\" role=\"img\"><\/div><div class=\"swiper-slide-inner\" ><div class=\"swiper-slide-contents\"><\/div><\/div><\/div><div class=\"elementor-repeater-item-e102d51 swiper-slide\" role=\"group\" aria-roledescription=\"slide\"><div class=\"swiper-slide-bg\" role=\"img\"><\/div><div class=\"swiper-slide-inner\" ><div class=\"swiper-slide-contents\"><\/div><\/div><\/div><div class=\"elementor-repeater-item-e7ce77a swiper-slide\" role=\"group\" aria-roledescription=\"slide\"><div class=\"swiper-slide-bg\" role=\"img\"><\/div><div class=\"swiper-slide-inner\" ><div class=\"swiper-slide-contents\"><\/div><\/div><\/div><div class=\"elementor-repeater-item-f34fde4 swiper-slide\" role=\"group\" aria-roledescription=\"slide\"><div class=\"swiper-slide-bg\" role=\"img\"><\/div><div class=\"swiper-slide-inner\" ><div class=\"swiper-slide-contents\"><\/div><\/div><\/div>\t\t\t\t<\/div>\n\t\t\t\t\t\t\t\t\t\t\t\t\t\t\t<div class=\"elementor-swiper-button elementor-swiper-button-prev\" role=\"button\" tabindex=\"0\" aria-label=\"\u4e0a\u4e00\u5f20\u5e7b\u706f\u7247\">\n\t\t\t\t\t\t\t<svg aria-hidden=\"true\" class=\"e-font-icon-svg e-eicon-chevron-left\" viewbox=\"0 0 1000 1000\" xmlns=\"http:\/\/www.w3.org\/2000\/svg\"><path d=\"M646 125C629 125 613 133 604 142L308 442C296 454 292 471 292 487 292 504 296 521 308 533L604 854C617 867 629 875 646 875 663 875 679 871 692 858 704 846 713 829 713 812 713 796 708 779 692 767L438 487 692 225C700 217 708 204 708 187 708 171 704 154 692 142 675 129 663 125 646 125Z\"><\/path><\/svg>\t\t\t\t\t\t<\/div>\n\t\t\t\t\t\t<div class=\"elementor-swiper-button elementor-swiper-button-next\" role=\"button\" tabindex=\"0\" aria-label=\"\u4e0b\u4e00\u5f20\u5e7b\u706f\u7247\">\n\t\t\t\t\t\t\t<svg aria-hidden=\"true\" class=\"e-font-icon-svg e-eicon-chevron-right\" viewbox=\"0 0 1000 1000\" xmlns=\"http:\/\/www.w3.org\/2000\/svg\"><path d=\"M696 533C708 521 713 504 713 487 713 471 708 454 696 446L400 146C388 133 375 125 354 125 338 125 325 129 313 142 300 154 292 171 292 187 292 204 296 221 308 233L563 492 304 771C292 783 288 800 288 817 288 833 296 850 308 863 321 871 338 875 354 875 371 875 388 867 400 854L696 533Z\"><\/path><\/svg>\t\t\t\t\t\t<\/div>\n\t\t\t\t\t\t\t\t\t\t\t\t\t\t\t\t<div class=\"swiper-pagination\"><\/div>\n\t\t\t\t\t\t\t\t\t\t\t\t<\/div>\n\t\t\t\t<\/div>\n\t\t\t\t\t\t\t\t<\/div>\n\t\t\t\t<\/div>\n\t\t\t\t<\/div>\n\t\t<div class=\"elementor-element elementor-element-05ceaf7 e-con-full e-flex e-con e-child\" data-id=\"05ceaf7\" data-element_type=\"container\">\n\t\t\t\t<div class=\"elementor-element elementor-element-cd5c77b elementor-widget elementor-widget-heading\" data-id=\"cd5c77b\" data-element_type=\"widget\" data-widget_type=\"heading.default\">\n\t\t\t\t<div class=\"elementor-widget-container\">\n\t\t\t\t\t<h1 class=\"elementor-heading-title elementor-size-default\">\u5e72\u6930\u5b50\u996d <br> \uff08\u6930\u84c9\uff09<\/h1>\t\t\t\t<\/div>\n\t\t\t\t<\/div>\n\t\t\t\t<div class=\"elementor-element elementor-element-8002d64 elementor-widget elementor-widget-text-editor\" data-id=\"8002d64\" data-element_type=\"widget\" data-widget_type=\"text-editor.default\">\n\t\t\t\t<div class=\"elementor-widget-container\">\n\t\t\t\t\t\t\t\t\t<p style=\"text-align: justify;\">\u6930\u84c9\u662f\u5c06\u65b0\u9c9c\u6930\u5b50\u5207\u788e\u5e76\u5e72\u71e5\uff0c\u4fdd\u7559\u4e86\u5176\u6240\u6709\u5929\u7136\u98ce\u5473\u548c\u8425\u517b\u6210\u5206\u3002\u5b83\u7531\u7cbe\u5fc3\u6311\u9009\u7684\u6930\u5b50\u5236\u6210\uff0c\u662f\u70d8\u7119\u3001\u70f9\u996a\u6216\u6dfb\u52a0\u5230\u751c\u70b9\u7684\u5b8c\u7f8e\u539f\u6599\u3002<\/p><p>\u6930\u84c9\u5bcc\u542b\u5065\u5eb7\u8102\u80aa\u3001\u7ea4\u7ef4\u548c\u5fc5\u9700\u77ff\u7269\u8d28\uff0c\u53ef\u4e3a\u4efb\u4f55\u83dc\u80b4\u589e\u6dfb\u70ed\u5e26\u98ce\u5473\uff01<\/p>\t\t\t\t\t\t\t\t<\/div>\n\t\t\t\t<\/div>\n\t\t\t\t<\/div>\n\t\t\t\t\t<\/div>\n\t\t\t\t<\/div>\n\t\t<div class=\"elementor-element elementor-element-35f43e7 e-flex e-con-boxed elementor-invisible e-con e-parent\" data-id=\"35f43e7\" data-element_type=\"container\" data-settings=\"{&quot;background_background&quot;:&quot;classic&quot;,&quot;animation&quot;:&quot;fadeInRight&quot;}\">\n\t\t\t\t\t<div class=\"e-con-inner\">\n\t\t<div class=\"elementor-element elementor-element-3ed5214 e-con-full e-flex e-con e-child\" data-id=\"3ed5214\" data-element_type=\"container\">\n\t\t\t\t<div class=\"elementor-element elementor-element-5bc23aa elementor-widget elementor-widget-heading\" data-id=\"5bc23aa\" data-element_type=\"widget\" data-widget_type=\"heading.default\">\n\t\t\t\t<div class=\"elementor-widget-container\">\n\t\t\t\t\t<h2 class=\"elementor-heading-title elementor-size-default\">\u8d28\u91cf\u6807\u51c6<\/h2>\t\t\t\t<\/div>\n\t\t\t\t<\/div>\n\t\t\t\t<div class=\"elementor-element elementor-element-1f2ddab elementor-widget elementor-widget-text-editor\" data-id=\"1f2ddab\" data-element_type=\"widget\" data-widget_type=\"text-editor.default\">\n\t\t\t\t<div class=\"elementor-widget-container\">\n\t\t\t\t\t\t\t\t\t<ul><li>\u6e7f\u5ea6\uff1a\u6700\u9ad85%<\/li><li>\u6e38\u79bb\u8102\u80aa\u9178\uff08FFA\uff09\uff1a\u6700\u591a0.3%<\/li><li>\u4e8c\u6c27\u5316\u786b\uff08SO2\uff09\uff1a\u6700\u9ad8100 ppm<\/li><li>\u8102\u80aa\u542b\u91cf\uff1a\u6700\u4f4e30%<\/li><li>\u5fae\u751f\u7269\u5b66\uff1a\u672a\u68c0\u6d4b\u5230\u5927\u80a0\u6746\u83cc\u548c\u6c99\u95e8\u6c0f\u83cc<\/li><\/ul><p>\u989c\u8272\u548c\u8d28\u91cf\uff1a<\/p><ul><li>\u989c\u8272\u81ea\u7136\u6d01\u767d\uff0c\u65e0\u6742\u8d28<\/li><li>\u65e0\u5f02\u5473\u3001\u65e0\u9ec4\u8272\u9897\u7c92\u3001\u4e0d\u53d8\u8272<\/li><li>\u4fdd\u7559\u4e86\u72ec\u7279\u7684\u65b0\u9c9c\u6930\u5b50\u98ce\u5473<\/li><\/ul>\t\t\t\t\t\t\t\t<\/div>\n\t\t\t\t<\/div>\n\t\t\t\t<\/div>\n\t\t<div class=\"elementor-element elementor-element-0fac861 e-con-full e-flex e-con e-child\" data-id=\"0fac861\" data-element_type=\"container\">\n\t\t\t\t<div class=\"elementor-element elementor-element-32d9cff elementor--h-position-left elementor--v-position-top elementor-arrows-position-inside elementor-pagination-position-inside elementor-widget elementor-widget-slides\" data-id=\"32d9cff\" data-element_type=\"widget\" data-settings=\"{&quot;navigation&quot;:&quot;both&quot;,&quot;autoplay&quot;:&quot;yes&quot;,&quot;pause_on_hover&quot;:&quot;yes&quot;,&quot;pause_on_interaction&quot;:&quot;yes&quot;,&quot;autoplay_speed&quot;:5000,&quot;infinite&quot;:&quot;yes&quot;,&quot;transition&quot;:&quot;slide&quot;,&quot;transition_speed&quot;:500}\" data-widget_type=\"slides.default\">\n\t\t\t\t<div class=\"elementor-widget-container\">\n\t\t\t\t\t\t\t\t\t<div class=\"elementor-swiper\">\n\t\t\t\t\t<div class=\"elementor-slides-wrapper elementor-main-swiper swiper\" role=\"region\" aria-roledescription=\"carousel\" aria-label=\"\u5e7b\u706f\u7247\" dir=\"ltr\" data-animation=\"fadeInUp\">\n\t\t\t\t<div class=\"swiper-wrapper elementor-slides\">\n\t\t\t\t\t\t\t\t\t\t<div class=\"elementor-repeater-item-f39fac9 swiper-slide\" role=\"group\" aria-roledescription=\"slide\"><div class=\"swiper-slide-bg\" role=\"img\"><\/div><div class=\"swiper-slide-inner\" ><div class=\"swiper-slide-contents\"><\/div><\/div><\/div><div class=\"elementor-repeater-item-d30cb89 swiper-slide\" role=\"group\" aria-roledescription=\"slide\"><div class=\"swiper-slide-bg\" role=\"img\"><\/div><div class=\"swiper-slide-inner\" ><div class=\"swiper-slide-contents\"><\/div><\/div><\/div><div class=\"elementor-repeater-item-e7c383e swiper-slide\" role=\"group\" aria-roledescription=\"slide\"><div class=\"swiper-slide-bg\" role=\"img\"><\/div><div class=\"swiper-slide-inner\" ><div class=\"swiper-slide-contents\"><\/div><\/div><\/div>\t\t\t\t<\/div>\n\t\t\t\t\t\t\t\t\t\t\t\t\t\t\t<div class=\"elementor-swiper-button elementor-swiper-button-prev\" role=\"button\" tabindex=\"0\" aria-label=\"\u4e0a\u4e00\u5f20\u5e7b\u706f\u7247\">\n\t\t\t\t\t\t\t<svg aria-hidden=\"true\" class=\"e-font-icon-svg e-eicon-chevron-left\" viewbox=\"0 0 1000 1000\" xmlns=\"http:\/\/www.w3.org\/2000\/svg\"><path d=\"M646 125C629 125 613 133 604 142L308 442C296 454 292 471 292 487 292 504 296 521 308 533L604 854C617 867 629 875 646 875 663 875 679 871 692 858 704 846 713 829 713 812 713 796 708 779 692 767L438 487 692 225C700 217 708 204 708 187 708 171 704 154 692 142 675 129 663 125 646 125Z\"><\/path><\/svg>\t\t\t\t\t\t<\/div>\n\t\t\t\t\t\t<div class=\"elementor-swiper-button elementor-swiper-button-next\" role=\"button\" tabindex=\"0\" aria-label=\"\u4e0b\u4e00\u5f20\u5e7b\u706f\u7247\">\n\t\t\t\t\t\t\t<svg aria-hidden=\"true\" class=\"e-font-icon-svg e-eicon-chevron-right\" viewbox=\"0 0 1000 1000\" xmlns=\"http:\/\/www.w3.org\/2000\/svg\"><path d=\"M696 533C708 521 713 504 713 487 713 471 708 454 696 446L400 146C388 133 375 125 354 125 338 125 325 129 313 142 300 154 292 171 292 187 292 204 296 221 308 233L563 492 304 771C292 783 288 800 288 817 288 833 296 850 308 863 321 871 338 875 354 875 371 875 388 867 400 854L696 533Z\"><\/path><\/svg>\t\t\t\t\t\t<\/div>\n\t\t\t\t\t\t\t\t\t\t\t\t\t\t\t\t<div class=\"swiper-pagination\"><\/div>\n\t\t\t\t\t\t\t\t\t\t\t\t<\/div>\n\t\t\t\t<\/div>\n\t\t\t\t\t\t\t\t<\/div>\n\t\t\t\t<\/div>\n\t\t\t\t<\/div>\n\t\t\t\t\t<\/div>\n\t\t\t\t<\/div>\n\t\t\t\t<\/div>","protected":false},"excerpt":{"rendered":"<p>C\u01a0M D\u1eeaA S\u1ea4Y KH\u00d4 (Desiccated Coconut) C\u01a1m d\u1eeba s\u1ea5y kh\u00f4 (desiccated coconut) l\u00e0 d\u1eeba t\u01b0\u01a1i \u0111\u01b0\u1ee3c b\u00e0o m\u1ecbn, s\u1ea5y kh\u00f4, gi\u1eef tr\u1ecdn h\u01b0\u01a1ng v\u1ecb v\u00e0 d\u01b0\u1ee1ng ch\u1ea5t t\u1ef1 nhi\u00ean. \u0110\u01b0\u1ee3c l\u00e0m t\u1eeb nh\u1eefng tr\u00e1i d\u1eeba ch\u1ecdn l\u1ecdc k\u1ef9 l\u01b0\u1ee1ng, \u0111\u00e2y l\u00e0 nguy\u00ean li\u1ec7u ho\u00e0n h\u1ea3o \u0111\u1ec3 l\u00e0m b\u00e1nh, n\u1ea5u \u0103n ho\u1eb7c th\u00eam v\u00e0o m\u00f3n tr\u00e1ng [&hellip;]<\/p>","protected":false},"author":1,"featured_media":0,"parent":21,"menu_order":0,"comment_status":"closed","ping_status":"closed","template":"elementor_header_footer","meta":{"footnotes":""},"class_list":["post-875","page","type-page","status-publish","hentry"],"yoast_head":"<!-- This site is optimized with the Yoast SEO Premium plugin v24.8 (Yoast SEO v24.8) - https:\/\/yoast.com\/wordpress\/plugins\/seo\/ -->\n<title>C\u01a0M D\u1eeaA S\u1ea4Y KH\u00d4 - SOMEKCO<\/title>\n<meta name=\"robots\" content=\"index, follow, max-snippet:-1, max-image-preview:large, max-video-preview:-1\" \/>\n<link rel=\"canonical\" href=\"https:\/\/somekco.com.vn\/zh\/san-pham\/com-dua-say-kho\/\" \/>\n<meta property=\"og:locale\" content=\"zh_CN\" \/>\n<meta property=\"og:type\" content=\"article\" \/>\n<meta property=\"og:title\" content=\"C\u01a0M D\u1eeaA S\u1ea4Y KH\u00d4\" \/>\n<meta property=\"og:description\" content=\"C\u01a0M D\u1eeaA S\u1ea4Y KH\u00d4 (Desiccated Coconut) C\u01a1m d\u1eeba s\u1ea5y kh\u00f4 (desiccated coconut) l\u00e0 d\u1eeba t\u01b0\u01a1i \u0111\u01b0\u1ee3c b\u00e0o m\u1ecbn, s\u1ea5y kh\u00f4, gi\u1eef tr\u1ecdn h\u01b0\u01a1ng v\u1ecb v\u00e0 d\u01b0\u1ee1ng ch\u1ea5t t\u1ef1 nhi\u00ean. \u0110\u01b0\u1ee3c l\u00e0m t\u1eeb nh\u1eefng tr\u00e1i d\u1eeba ch\u1ecdn l\u1ecdc k\u1ef9 l\u01b0\u1ee1ng, \u0111\u00e2y l\u00e0 nguy\u00ean li\u1ec7u ho\u00e0n h\u1ea3o \u0111\u1ec3 l\u00e0m b\u00e1nh, n\u1ea5u \u0103n ho\u1eb7c th\u00eam v\u00e0o m\u00f3n tr\u00e1ng [&hellip;]\" \/>\n<meta property=\"og:url\" content=\"https:\/\/somekco.com.vn\/zh\/san-pham\/com-dua-say-kho\/\" \/>\n<meta property=\"og:site_name\" content=\"SOMEKCO\" \/>\n<meta property=\"article:modified_time\" content=\"2025-04-23T06:55:49+00:00\" \/>\n<meta name=\"twitter:card\" content=\"summary_large_image\" \/>\n<meta name=\"twitter:label1\" content=\"\u9884\u8ba1\u9605\u8bfb\u65f6\u95f4\" \/>\n\t<meta name=\"twitter:data1\" content=\"1 \u5206\" \/>\n<script type=\"application\/ld+json\" class=\"yoast-schema-graph\">{\"@context\":\"https:\/\/schema.org\",\"@graph\":[{\"@type\":\"WebPage\",\"@id\":\"https:\/\/somekco.com.vn\/san-pham\/com-dua-say-kho\/\",\"url\":\"https:\/\/somekco.com.vn\/san-pham\/com-dua-say-kho\/\",\"name\":\"C\u01a0M D\u1eeaA S\u1ea4Y KH\u00d4 - SOMEKCO\",\"isPartOf\":{\"@id\":\"https:\/\/somekco.com.vn\/#website\"},\"datePublished\":\"2025-04-22T07:19:29+00:00\",\"dateModified\":\"2025-04-23T06:55:49+00:00\",\"breadcrumb\":{\"@id\":\"https:\/\/somekco.com.vn\/san-pham\/com-dua-say-kho\/#breadcrumb\"},\"inLanguage\":\"zh-Hans\",\"potentialAction\":[{\"@type\":\"ReadAction\",\"target\":[\"https:\/\/somekco.com.vn\/san-pham\/com-dua-say-kho\/\"]}]},{\"@type\":\"BreadcrumbList\",\"@id\":\"https:\/\/somekco.com.vn\/san-pham\/com-dua-say-kho\/#breadcrumb\",\"itemListElement\":[{\"@type\":\"ListItem\",\"position\":1,\"name\":\"Trang ch\u1ee7\",\"item\":\"https:\/\/somekco.com.vn\/\"},{\"@type\":\"ListItem\",\"position\":2,\"name\":\"S\u1ea3n ph\u1ea9m\",\"item\":\"https:\/\/somekco.com.vn\/san-pham\/\"},{\"@type\":\"ListItem\",\"position\":3,\"name\":\"C\u01a0M D\u1eeaA S\u1ea4Y KH\u00d4\"}]},{\"@type\":\"WebSite\",\"@id\":\"https:\/\/somekco.com.vn\/#website\",\"url\":\"https:\/\/somekco.com.vn\/\",\"name\":\"SOMEKCO\",\"description\":\"\",\"publisher\":{\"@id\":\"https:\/\/somekco.com.vn\/#organization\"},\"potentialAction\":[{\"@type\":\"SearchAction\",\"target\":{\"@type\":\"EntryPoint\",\"urlTemplate\":\"https:\/\/somekco.com.vn\/?s={search_term_string}\"},\"query-input\":{\"@type\":\"PropertyValueSpecification\",\"valueRequired\":true,\"valueName\":\"search_term_string\"}}],\"inLanguage\":\"zh-Hans\"},{\"@type\":\"Organization\",\"@id\":\"https:\/\/somekco.com.vn\/#organization\",\"name\":\"SOMEKCO\",\"url\":\"https:\/\/somekco.com.vn\/\",\"logo\":{\"@type\":\"ImageObject\",\"inLanguage\":\"zh-Hans\",\"@id\":\"https:\/\/somekco.com.vn\/#\/schema\/logo\/image\/\",\"url\":\"https:\/\/somekco.com.vn\/wp-content\/uploads\/2025\/04\/logo-somekco.png\",\"contentUrl\":\"https:\/\/somekco.com.vn\/wp-content\/uploads\/2025\/04\/logo-somekco.png\",\"width\":1414,\"height\":529,\"caption\":\"SOMEKCO\"},\"image\":{\"@id\":\"https:\/\/somekco.com.vn\/#\/schema\/logo\/image\/\"}}]}<\/script>\n<!-- \/ Yoast SEO Premium plugin. -->","yoast_head_json":{"title":"C\u01a0M D\u1eeaA S\u1ea4Y KH\u00d4 - SOMEKCO","robots":{"index":"index","follow":"follow","max-snippet":"max-snippet:-1","max-image-preview":"max-image-preview:large","max-video-preview":"max-video-preview:-1"},"canonical":"https:\/\/somekco.com.vn\/zh\/san-pham\/com-dua-say-kho\/","og_locale":"zh_CN","og_type":"article","og_title":"C\u01a0M D\u1eeaA S\u1ea4Y KH\u00d4","og_description":"C\u01a0M D\u1eeaA S\u1ea4Y KH\u00d4 (Desiccated Coconut) C\u01a1m d\u1eeba s\u1ea5y kh\u00f4 (desiccated coconut) l\u00e0 d\u1eeba t\u01b0\u01a1i \u0111\u01b0\u1ee3c b\u00e0o m\u1ecbn, s\u1ea5y kh\u00f4, gi\u1eef tr\u1ecdn h\u01b0\u01a1ng v\u1ecb v\u00e0 d\u01b0\u1ee1ng ch\u1ea5t t\u1ef1 nhi\u00ean. \u0110\u01b0\u1ee3c l\u00e0m t\u1eeb nh\u1eefng tr\u00e1i d\u1eeba ch\u1ecdn l\u1ecdc k\u1ef9 l\u01b0\u1ee1ng, \u0111\u00e2y l\u00e0 nguy\u00ean li\u1ec7u ho\u00e0n h\u1ea3o \u0111\u1ec3 l\u00e0m b\u00e1nh, n\u1ea5u \u0103n ho\u1eb7c th\u00eam v\u00e0o m\u00f3n tr\u00e1ng [&hellip;]","og_url":"https:\/\/somekco.com.vn\/zh\/san-pham\/com-dua-say-kho\/","og_site_name":"SOMEKCO","article_modified_time":"2025-04-23T06:55:49+00:00","twitter_card":"summary_large_image","twitter_misc":{"\u9884\u8ba1\u9605\u8bfb\u65f6\u95f4":"1 \u5206"},"schema":{"@context":"https:\/\/schema.org","@graph":[{"@type":"WebPage","@id":"https:\/\/somekco.com.vn\/san-pham\/com-dua-say-kho\/","url":"https:\/\/somekco.com.vn\/san-pham\/com-dua-say-kho\/","name":"C\u01a0M D\u1eeaA S\u1ea4Y KH\u00d4 - SOMEKCO","isPartOf":{"@id":"https:\/\/somekco.com.vn\/#website"},"datePublished":"2025-04-22T07:19:29+00:00","dateModified":"2025-04-23T06:55:49+00:00","breadcrumb":{"@id":"https:\/\/somekco.com.vn\/san-pham\/com-dua-say-kho\/#breadcrumb"},"inLanguage":"zh-Hans","potentialAction":[{"@type":"ReadAction","target":["https:\/\/somekco.com.vn\/san-pham\/com-dua-say-kho\/"]}]},{"@type":"BreadcrumbList","@id":"https:\/\/somekco.com.vn\/san-pham\/com-dua-say-kho\/#breadcrumb","itemListElement":[{"@type":"ListItem","position":1,"name":"Trang ch\u1ee7","item":"https:\/\/somekco.com.vn\/"},{"@type":"ListItem","position":2,"name":"S\u1ea3n ph\u1ea9m","item":"https:\/\/somekco.com.vn\/san-pham\/"},{"@type":"ListItem","position":3,"name":"C\u01a0M D\u1eeaA S\u1ea4Y KH\u00d4"}]},{"@type":"WebSite","@id":"https:\/\/somekco.com.vn\/#website","url":"https:\/\/somekco.com.vn\/","name":"SOMEKCO","description":"","publisher":{"@id":"https:\/\/somekco.com.vn\/#organization"},"potentialAction":[{"@type":"SearchAction","target":{"@type":"EntryPoint","urlTemplate":"https:\/\/somekco.com.vn\/?s={search_term_string}"},"query-input":{"@type":"PropertyValueSpecification","valueRequired":true,"valueName":"search_term_string"}}],"inLanguage":"zh-Hans"},{"@type":"Organization","@id":"https:\/\/somekco.com.vn\/#organization","name":"SOMEKCO","url":"https:\/\/somekco.com.vn\/","logo":{"@type":"ImageObject","inLanguage":"zh-Hans","@id":"https:\/\/somekco.com.vn\/#\/schema\/logo\/image\/","url":"https:\/\/somekco.com.vn\/wp-content\/uploads\/2025\/04\/logo-somekco.png","contentUrl":"https:\/\/somekco.com.vn\/wp-content\/uploads\/2025\/04\/logo-somekco.png","width":1414,"height":529,"caption":"SOMEKCO"},"image":{"@id":"https:\/\/somekco.com.vn\/#\/schema\/logo\/image\/"}}]}},"_links":{"self":[{"href":"https:\/\/somekco.com.vn\/zh\/wp-json\/wp\/v2\/pages\/875","targetHints":{"allow":["GET"]}}],"collection":[{"href":"https:\/\/somekco.com.vn\/zh\/wp-json\/wp\/v2\/pages"}],"about":[{"href":"https:\/\/somekco.com.vn\/zh\/wp-json\/wp\/v2\/types\/page"}],"author":[{"embeddable":true,"href":"https:\/\/somekco.com.vn\/zh\/wp-json\/wp\/v2\/users\/1"}],"replies":[{"embeddable":true,"href":"https:\/\/somekco.com.vn\/zh\/wp-json\/wp\/v2\/comments?post=875"}],"version-history":[{"count":19,"href":"https:\/\/somekco.com.vn\/zh\/wp-json\/wp\/v2\/pages\/875\/revisions"}],"predecessor-version":[{"id":908,"href":"https:\/\/somekco.com.vn\/zh\/wp-json\/wp\/v2\/pages\/875\/revisions\/908"}],"up":[{"embeddable":true,"href":"https:\/\/somekco.com.vn\/zh\/wp-json\/wp\/v2\/pages\/21"}],"wp:attachment":[{"href":"https:\/\/somekco.com.vn\/zh\/wp-json\/wp\/v2\/media?parent=875"}],"curies":[{"name":"wp","href":"https:\/\/api.w.org\/{rel}","templated":true}]}}