{"id":457,"date":"2025-04-14T02:08:52","date_gmt":"2025-04-14T02:08:52","guid":{"rendered":"https:\/\/somekco.123websitedev.com\/?page_id=457"},"modified":"2025-05-03T07:06:35","modified_gmt":"2025-05-03T00:06:35","slug":"easy-coco","status":"publish","type":"page","link":"https:\/\/somekco.com.vn\/zh\/san-pham\/easy-coco\/","title":{"rendered":"\u8f7b\u677e COCO"},"content":{"rendered":"<div data-elementor-type=\"wp-page\" data-elementor-id=\"457\" class=\"elementor elementor-457\" data-elementor-post-type=\"page\">\n\t\t\t\t<div class=\"elementor-element elementor-element-edc26db e-flex e-con-boxed elementor-invisible e-con e-parent\" data-id=\"edc26db\" data-element_type=\"container\" data-settings=\"{&quot;background_background&quot;:&quot;classic&quot;,&quot;animation&quot;:&quot;fadeInLeft&quot;}\">\n\t\t\t\t\t<div class=\"e-con-inner\">\n\t\t<div class=\"elementor-element elementor-element-05ceaf7 e-con-full e-flex e-con e-child\" data-id=\"05ceaf7\" data-element_type=\"container\">\n\t\t\t\t<div class=\"elementor-element elementor-element-cd5c77b elementor-widget elementor-widget-heading\" data-id=\"cd5c77b\" data-element_type=\"widget\" data-widget_type=\"heading.default\">\n\t\t\t\t<div class=\"elementor-widget-container\">\n\t\t\t\t\t<h1 class=\"elementor-heading-title elementor-size-default\">\u8f7b\u677e COCO<\/h1>\t\t\t\t<\/div>\n\t\t\t\t<\/div>\n\t\t\t\t<div class=\"elementor-element elementor-element-8002d64 elementor-widget elementor-widget-text-editor\" data-id=\"8002d64\" data-element_type=\"widget\" data-widget_type=\"text-editor.default\">\n\t\t\t\t<div class=\"elementor-widget-container\">\n\t\t\t\t\t\t\t\t\t<p style=\"text-align: justify;\">Easy COCO \u5e26\u6765\u72ec\u7279\u4fbf\u6377\u7684\u6930\u5b50\u6c34\u4f53\u9a8c\uff0c\u8ba9\u60a8\u65e0\u9700\u5200\u5177\u6216\u7e41\u7410\u7684\u5de5\u5177\u5373\u53ef\u4eab\u53d7\u6e05\u723d\u7684\u53e3\u611f\uff01<\/p>\t\t\t\t\t\t\t\t<\/div>\n\t\t\t\t<\/div>\n\t\t\t\t<div class=\"elementor-element elementor-element-a88a444 elementor-widget elementor-widget-heading\" data-id=\"a88a444\" data-element_type=\"widget\" data-widget_type=\"heading.default\">\n\t\t\t\t<div class=\"elementor-widget-container\">\n\t\t\t\t\t<h2 class=\"elementor-heading-title elementor-size-default\">\u4f7f\u7528\u8bf4\u660e<\/h2>\t\t\t\t<\/div>\n\t\t\t\t<\/div>\n\t\t\t\t<div class=\"elementor-element elementor-element-4da585f elementor-widget elementor-widget-text-editor\" data-id=\"4da585f\" data-element_type=\"widget\" data-widget_type=\"text-editor.default\">\n\t\t\t\t<div class=\"elementor-widget-container\">\n\t\t\t\t\t\t\t\t\t<p style=\"text-align: justify;\">1.\u6495\u6389\u8d34\u7eb8\uff0c\u7528\u5c16\u5934\u5438\u7ba1\u4f5c\u4e3a\u76d6\u5b50\u64ac\u5f00\u3002<br \/>2. \u627e\u5230\u6930\u5b50\u76d6\u4e0a\u6807\u8bb0\u7684\u67d4\u8f6f\u70b9\u3002<br \/>3.\u7528\u529b\u6309\u4e0b\u6309\u94ae\uff0c\u4f7f\u5176\u7a7f\u900f\u6930\u5b50\u5e3d\uff08\u53ef\u4ee5\u4f7f\u7528\u7eb8\u5dfe\uff0c\u907f\u514d\u6e85\u51fa\uff09\u3002<br \/>4.\u63d2\u5165\u5438\u7ba1\uff0c\u7acb\u523b\u4eab\u53d7\u7eaf\u6b63\u7684\u6930\u5b50\u5473\uff01<\/p>\t\t\t\t\t\t\t\t<\/div>\n\t\t\t\t<\/div>\n\t\t\t\t<\/div>\n\t\t<div class=\"elementor-element elementor-element-c9b6146 e-con-full e-flex e-con e-child\" data-id=\"c9b6146\" data-element_type=\"container\">\n\t\t\t\t<div class=\"elementor-element elementor-element-ecfa6f8 elementor-widget elementor-widget-image\" data-id=\"ecfa6f8\" data-element_type=\"widget\" data-widget_type=\"image.default\">\n\t\t\t\t<div class=\"elementor-widget-container\">\n\t\t\t\t\t\t\t\t\t\t\t\t\t\t\t<img fetchpriority=\"high\" decoding=\"async\" width=\"800\" height=\"812\" src=\"https:\/\/somekco.com.vn\/wp-content\/uploads\/2025\/04\/easy-coco-product-01-1009x1024.jpg\" class=\"attachment-large size-large wp-image-460\" alt=\"\" srcset=\"https:\/\/somekco.com.vn\/wp-content\/uploads\/2025\/04\/easy-coco-product-01-1009x1024.jpg 1009w, https:\/\/somekco.com.vn\/wp-content\/uploads\/2025\/04\/easy-coco-product-01-296x300.jpg 296w, https:\/\/somekco.com.vn\/wp-content\/uploads\/2025\/04\/easy-coco-product-01-768x780.jpg 768w, https:\/\/somekco.com.vn\/wp-content\/uploads\/2025\/04\/easy-coco-product-01-12x12.jpg 12w, https:\/\/somekco.com.vn\/wp-content\/uploads\/2025\/04\/easy-coco-product-01.jpg 1200w\" sizes=\"(max-width: 800px) 100vw, 800px\" \/>\t\t\t\t\t\t\t\t\t\t\t\t\t\t\t<\/div>\n\t\t\t\t<\/div>\n\t\t\t\t<\/div>\n\t\t\t\t\t<\/div>\n\t\t\t\t<\/div>\n\t\t<div class=\"elementor-element elementor-element-35f43e7 e-flex e-con-boxed elementor-invisible e-con e-parent\" data-id=\"35f43e7\" data-element_type=\"container\" data-settings=\"{&quot;background_background&quot;:&quot;classic&quot;,&quot;animation&quot;:&quot;fadeInRight&quot;}\">\n\t\t\t\t\t<div class=\"e-con-inner\">\n\t\t<div class=\"elementor-element elementor-element-3ed5214 e-con-full e-flex e-con e-child\" data-id=\"3ed5214\" data-element_type=\"container\">\n\t\t\t\t<div class=\"elementor-element elementor-element-5bc23aa elementor-widget elementor-widget-heading\" data-id=\"5bc23aa\" data-element_type=\"widget\" data-widget_type=\"heading.default\">\n\t\t\t\t<div class=\"elementor-widget-container\">\n\t\t\t\t\t<h2 class=\"elementor-heading-title elementor-size-default\">\u591a\u6837\u5316\u9009\u62e9<br>\n\u6ee1\u8db3\u6240\u6709\u9700\u6c42<\/h2>\t\t\t\t<\/div>\n\t\t\t\t<\/div>\n\t\t\t\t<div class=\"elementor-element elementor-element-1f2ddab elementor-widget elementor-widget-text-editor\" data-id=\"1f2ddab\" data-element_type=\"widget\" data-widget_type=\"text-editor.default\">\n\t\t\t\t<div class=\"elementor-widget-container\">\n\t\t\t\t\t\t\t\t\t<p style=\"text-align: justify;\">\u7075\u6d3b\u7684\u5305\u88c5\u9009\u62e9\uff1a\u6709 6\u30019 \u6216 12 \u4e2a\u6c34\u679c\u76d2\u53ef\u4f9b\u9009\u62e9\uff0c\u65b9\u4fbf\u4e2a\u4eba\u3001\u5bb6\u5ead\u6216\u4f01\u4e1a\u98df\u7528\u3002<\/p>\t\t\t\t\t\t\t\t<\/div>\n\t\t\t\t<\/div>\n\t\t\t\t<div class=\"elementor-element elementor-element-1436e4f elementor-widget elementor-widget-heading\" data-id=\"1436e4f\" data-element_type=\"widget\" data-widget_type=\"heading.default\">\n\t\t\t\t<div class=\"elementor-widget-container\">\n\t\t\t\t\t<h3 class=\"elementor-heading-title elementor-size-default\">\u81ea\u6709\u54c1\u724c\n<\/h3>\t\t\t\t<\/div>\n\t\t\t\t<\/div>\n\t\t\t\t<div class=\"elementor-element elementor-element-854f9aa elementor-widget elementor-widget-text-editor\" data-id=\"854f9aa\" data-element_type=\"widget\" data-widget_type=\"text-editor.default\">\n\t\t\t\t<div class=\"elementor-widget-container\">\n\t\t\t\t\t\t\t\t\t<p style=\"text-align: justify;\">\u9ad8\u7aef\u54c1\u724c\u5b9a\u4f4d\uff1aSOMEKCO \u63d0\u4f9b OEM\/ODM \u670d\u52a1\u2014\u2014\u4f7f\u7528\u60a8\u81ea\u5df1\u7684\u6807\u5fd7\u8fdb\u884c\u4e2a\u6027\u5316\u5305\u88c5\uff0c\u5e2e\u52a9\u60a8\u7684\u54c1\u724c\u5728\u5e02\u573a\u4e2d\u8131\u9896\u800c\u51fa\uff01\u4f60\u7684\u65b9\u5f0f<\/p>\t\t\t\t\t\t\t\t<\/div>\n\t\t\t\t<\/div>\n\t\t\t\t<\/div>\n\t\t<div class=\"elementor-element elementor-element-0fac861 e-con-full e-flex e-con e-child\" data-id=\"0fac861\" data-element_type=\"container\">\n\t\t\t\t<div class=\"elementor-element elementor-element-14a0200 elementor-widget elementor-widget-image\" data-id=\"14a0200\" data-element_type=\"widget\" data-widget_type=\"image.default\">\n\t\t\t\t<div class=\"elementor-widget-container\">\n\t\t\t\t\t\t\t\t\t\t\t\t\t\t\t<img decoding=\"async\" width=\"800\" height=\"592\" src=\"https:\/\/somekco.com.vn\/wp-content\/uploads\/2025\/04\/easy-coco-product-02.jpg\" class=\"attachment-large size-large wp-image-461\" alt=\"\" srcset=\"https:\/\/somekco.com.vn\/wp-content\/uploads\/2025\/04\/easy-coco-product-02.jpg 840w, https:\/\/somekco.com.vn\/wp-content\/uploads\/2025\/04\/easy-coco-product-02-300x222.jpg 300w, https:\/\/somekco.com.vn\/wp-content\/uploads\/2025\/04\/easy-coco-product-02-768x569.jpg 768w, https:\/\/somekco.com.vn\/wp-content\/uploads\/2025\/04\/easy-coco-product-02-16x12.jpg 16w\" sizes=\"(max-width: 800px) 100vw, 800px\" \/>\t\t\t\t\t\t\t\t\t\t\t\t\t\t\t<\/div>\n\t\t\t\t<\/div>\n\t\t\t\t<\/div>\n\t\t\t\t\t<\/div>\n\t\t\t\t<\/div>\n\t\t\t\t<\/div>","protected":false},"excerpt":{"rendered":"<p>Easy COCO Easy COCO \u5e26\u6765\u72ec\u7279\u4fbf\u6377\u7684\u6930\u5b50\u6c34\u4f53\u9a8c\uff0c\u8ba9\u60a8\u65e0\u9700\u5200\u5177\u6216\u7b28\u91cd\u5de5\u5177\u5373\u53ef\u4eab\u53d7\u6e05\u65b0\u53e3\u611f\uff01\u4f7f\u7528\u65b9\u6cd5 1. \u6495\u4e0b\u8d34\u7eb8\uff0c\u4f7f\u7528\u5c16\u5934\u5438\u7ba1\u4f5c\u4e3a\u5f00\u76d6\u5668\u30022. \u786e\u5b9a [\u2026]<\/p>","protected":false},"author":1,"featured_media":0,"parent":21,"menu_order":0,"comment_status":"closed","ping_status":"closed","template":"elementor_header_footer","meta":{"footnotes":""},"class_list":["post-457","page","type-page","status-publish","hentry"],"yoast_head":"<!-- This site is optimized with the Yoast SEO Premium plugin v24.8 (Yoast SEO v24.8) - https:\/\/yoast.com\/wordpress\/plugins\/seo\/ -->\n<title>Easy COCO - SOMEKCO<\/title>\n<meta name=\"robots\" content=\"index, follow, max-snippet:-1, max-image-preview:large, max-video-preview:-1\" \/>\n<link rel=\"canonical\" href=\"https:\/\/somekco.com.vn\/zh\/san-pham\/easy-coco\/\" \/>\n<meta property=\"og:locale\" content=\"zh_CN\" \/>\n<meta property=\"og:type\" content=\"article\" \/>\n<meta property=\"og:title\" content=\"Easy COCO\" \/>\n<meta property=\"og:description\" content=\"Easy COCO Easy COCO mang \u0111\u1ebfn tr\u1ea3i nghi\u1ec7m th\u01b0\u1edfng th\u1ee9c n\u01b0\u1edbc d\u1eeba \u0111\u1ed9c \u0111\u00e1o v\u00e0 ti\u1ec7n l\u1ee3i, gi\u00fap b\u1ea1n t\u1eadn h\u01b0\u1edfng v\u1ecb t\u01b0\u01a1i m\u00e1t m\u00e0 kh\u00f4ng c\u1ea7n dao hay d\u1ee5ng c\u1ee5 l\u1ec9nh k\u1ec9nh! H\u01af\u1edaNG D\u1eaaN S\u1eec D\u1ee4NG 1. B\u00f3c mi\u1ebfng d\u00e1n v\u00e0 l\u1ea5y \u1ed1ng h\u00fat c\u00f3 \u0111\u1ea7u nh\u1ecdn l\u00e0m d\u1ee5ng c\u1ee5 ch\u1ecdc n\u1eafp.2. X\u00e1c \u0111\u1ecbnh [&hellip;]\" \/>\n<meta property=\"og:url\" content=\"https:\/\/somekco.com.vn\/zh\/san-pham\/easy-coco\/\" \/>\n<meta property=\"og:site_name\" content=\"SOMEKCO\" \/>\n<meta property=\"article:modified_time\" content=\"2025-05-03T00:06:35+00:00\" \/>\n<meta property=\"og:image\" content=\"https:\/\/somekco.com.vn\/wp-content\/uploads\/2025\/04\/easy-coco-product-01.jpg\" \/>\n\t<meta property=\"og:image:width\" content=\"1200\" \/>\n\t<meta property=\"og:image:height\" content=\"1218\" \/>\n\t<meta property=\"og:image:type\" content=\"image\/jpeg\" \/>\n<meta name=\"twitter:card\" content=\"summary_large_image\" \/>\n<meta name=\"twitter:label1\" content=\"\u9884\u8ba1\u9605\u8bfb\u65f6\u95f4\" \/>\n\t<meta name=\"twitter:data1\" content=\"2 \u5206\" \/>\n<script type=\"application\/ld+json\" class=\"yoast-schema-graph\">{\"@context\":\"https:\/\/schema.org\",\"@graph\":[{\"@type\":\"WebPage\",\"@id\":\"https:\/\/somekco.com.vn\/san-pham\/easy-coco\/\",\"url\":\"https:\/\/somekco.com.vn\/san-pham\/easy-coco\/\",\"name\":\"Easy COCO - SOMEKCO\",\"isPartOf\":{\"@id\":\"https:\/\/somekco.com.vn\/#website\"},\"primaryImageOfPage\":{\"@id\":\"https:\/\/somekco.com.vn\/san-pham\/easy-coco\/#primaryimage\"},\"image\":{\"@id\":\"https:\/\/somekco.com.vn\/san-pham\/easy-coco\/#primaryimage\"},\"thumbnailUrl\":\"https:\/\/somekco.com.vn\/wp-content\/uploads\/2025\/04\/easy-coco-product-01-1009x1024.jpg\",\"datePublished\":\"2025-04-14T02:08:52+00:00\",\"dateModified\":\"2025-05-03T00:06:35+00:00\",\"breadcrumb\":{\"@id\":\"https:\/\/somekco.com.vn\/san-pham\/easy-coco\/#breadcrumb\"},\"inLanguage\":\"zh-Hans\",\"potentialAction\":[{\"@type\":\"ReadAction\",\"target\":[\"https:\/\/somekco.com.vn\/san-pham\/easy-coco\/\"]}]},{\"@type\":\"ImageObject\",\"inLanguage\":\"zh-Hans\",\"@id\":\"https:\/\/somekco.com.vn\/san-pham\/easy-coco\/#primaryimage\",\"url\":\"https:\/\/somekco.com.vn\/wp-content\/uploads\/2025\/04\/easy-coco-product-01-1009x1024.jpg\",\"contentUrl\":\"https:\/\/somekco.com.vn\/wp-content\/uploads\/2025\/04\/easy-coco-product-01-1009x1024.jpg\"},{\"@type\":\"BreadcrumbList\",\"@id\":\"https:\/\/somekco.com.vn\/san-pham\/easy-coco\/#breadcrumb\",\"itemListElement\":[{\"@type\":\"ListItem\",\"position\":1,\"name\":\"Trang ch\u1ee7\",\"item\":\"https:\/\/somekco.com.vn\/\"},{\"@type\":\"ListItem\",\"position\":2,\"name\":\"S\u1ea3n ph\u1ea9m\",\"item\":\"https:\/\/somekco.com.vn\/san-pham\/\"},{\"@type\":\"ListItem\",\"position\":3,\"name\":\"Easy COCO\"}]},{\"@type\":\"WebSite\",\"@id\":\"https:\/\/somekco.com.vn\/#website\",\"url\":\"https:\/\/somekco.com.vn\/\",\"name\":\"SOMEKCO\",\"description\":\"\",\"publisher\":{\"@id\":\"https:\/\/somekco.com.vn\/#organization\"},\"potentialAction\":[{\"@type\":\"SearchAction\",\"target\":{\"@type\":\"EntryPoint\",\"urlTemplate\":\"https:\/\/somekco.com.vn\/?s={search_term_string}\"},\"query-input\":{\"@type\":\"PropertyValueSpecification\",\"valueRequired\":true,\"valueName\":\"search_term_string\"}}],\"inLanguage\":\"zh-Hans\"},{\"@type\":\"Organization\",\"@id\":\"https:\/\/somekco.com.vn\/#organization\",\"name\":\"SOMEKCO\",\"url\":\"https:\/\/somekco.com.vn\/\",\"logo\":{\"@type\":\"ImageObject\",\"inLanguage\":\"zh-Hans\",\"@id\":\"https:\/\/somekco.com.vn\/#\/schema\/logo\/image\/\",\"url\":\"https:\/\/somekco.com.vn\/wp-content\/uploads\/2025\/04\/logo-somekco.png\",\"contentUrl\":\"https:\/\/somekco.com.vn\/wp-content\/uploads\/2025\/04\/logo-somekco.png\",\"width\":1414,\"height\":529,\"caption\":\"SOMEKCO\"},\"image\":{\"@id\":\"https:\/\/somekco.com.vn\/#\/schema\/logo\/image\/\"}}]}<\/script>\n<!-- \/ Yoast SEO Premium plugin. -->","yoast_head_json":{"title":"Easy COCO - SOMEKCO","robots":{"index":"index","follow":"follow","max-snippet":"max-snippet:-1","max-image-preview":"max-image-preview:large","max-video-preview":"max-video-preview:-1"},"canonical":"https:\/\/somekco.com.vn\/zh\/san-pham\/easy-coco\/","og_locale":"zh_CN","og_type":"article","og_title":"Easy COCO","og_description":"Easy COCO Easy COCO mang \u0111\u1ebfn tr\u1ea3i nghi\u1ec7m th\u01b0\u1edfng th\u1ee9c n\u01b0\u1edbc d\u1eeba \u0111\u1ed9c \u0111\u00e1o v\u00e0 ti\u1ec7n l\u1ee3i, gi\u00fap b\u1ea1n t\u1eadn h\u01b0\u1edfng v\u1ecb t\u01b0\u01a1i m\u00e1t m\u00e0 kh\u00f4ng c\u1ea7n dao hay d\u1ee5ng c\u1ee5 l\u1ec9nh k\u1ec9nh! H\u01af\u1edaNG D\u1eaaN S\u1eec D\u1ee4NG 1. B\u00f3c mi\u1ebfng d\u00e1n v\u00e0 l\u1ea5y \u1ed1ng h\u00fat c\u00f3 \u0111\u1ea7u nh\u1ecdn l\u00e0m d\u1ee5ng c\u1ee5 ch\u1ecdc n\u1eafp.2. X\u00e1c \u0111\u1ecbnh [&hellip;]","og_url":"https:\/\/somekco.com.vn\/zh\/san-pham\/easy-coco\/","og_site_name":"SOMEKCO","article_modified_time":"2025-05-03T00:06:35+00:00","og_image":[{"width":1200,"height":1218,"url":"https:\/\/somekco.com.vn\/wp-content\/uploads\/2025\/04\/easy-coco-product-01.jpg","type":"image\/jpeg"}],"twitter_card":"summary_large_image","twitter_misc":{"\u9884\u8ba1\u9605\u8bfb\u65f6\u95f4":"2 \u5206"},"schema":{"@context":"https:\/\/schema.org","@graph":[{"@type":"WebPage","@id":"https:\/\/somekco.com.vn\/san-pham\/easy-coco\/","url":"https:\/\/somekco.com.vn\/san-pham\/easy-coco\/","name":"Easy COCO - SOMEKCO","isPartOf":{"@id":"https:\/\/somekco.com.vn\/#website"},"primaryImageOfPage":{"@id":"https:\/\/somekco.com.vn\/san-pham\/easy-coco\/#primaryimage"},"image":{"@id":"https:\/\/somekco.com.vn\/san-pham\/easy-coco\/#primaryimage"},"thumbnailUrl":"https:\/\/somekco.com.vn\/wp-content\/uploads\/2025\/04\/easy-coco-product-01-1009x1024.jpg","datePublished":"2025-04-14T02:08:52+00:00","dateModified":"2025-05-03T00:06:35+00:00","breadcrumb":{"@id":"https:\/\/somekco.com.vn\/san-pham\/easy-coco\/#breadcrumb"},"inLanguage":"zh-Hans","potentialAction":[{"@type":"ReadAction","target":["https:\/\/somekco.com.vn\/san-pham\/easy-coco\/"]}]},{"@type":"ImageObject","inLanguage":"zh-Hans","@id":"https:\/\/somekco.com.vn\/san-pham\/easy-coco\/#primaryimage","url":"https:\/\/somekco.com.vn\/wp-content\/uploads\/2025\/04\/easy-coco-product-01-1009x1024.jpg","contentUrl":"https:\/\/somekco.com.vn\/wp-content\/uploads\/2025\/04\/easy-coco-product-01-1009x1024.jpg"},{"@type":"BreadcrumbList","@id":"https:\/\/somekco.com.vn\/san-pham\/easy-coco\/#breadcrumb","itemListElement":[{"@type":"ListItem","position":1,"name":"Trang ch\u1ee7","item":"https:\/\/somekco.com.vn\/"},{"@type":"ListItem","position":2,"name":"S\u1ea3n ph\u1ea9m","item":"https:\/\/somekco.com.vn\/san-pham\/"},{"@type":"ListItem","position":3,"name":"Easy COCO"}]},{"@type":"WebSite","@id":"https:\/\/somekco.com.vn\/#website","url":"https:\/\/somekco.com.vn\/","name":"SOMEKCO","description":"","publisher":{"@id":"https:\/\/somekco.com.vn\/#organization"},"potentialAction":[{"@type":"SearchAction","target":{"@type":"EntryPoint","urlTemplate":"https:\/\/somekco.com.vn\/?s={search_term_string}"},"query-input":{"@type":"PropertyValueSpecification","valueRequired":true,"valueName":"search_term_string"}}],"inLanguage":"zh-Hans"},{"@type":"Organization","@id":"https:\/\/somekco.com.vn\/#organization","name":"SOMEKCO","url":"https:\/\/somekco.com.vn\/","logo":{"@type":"ImageObject","inLanguage":"zh-Hans","@id":"https:\/\/somekco.com.vn\/#\/schema\/logo\/image\/","url":"https:\/\/somekco.com.vn\/wp-content\/uploads\/2025\/04\/logo-somekco.png","contentUrl":"https:\/\/somekco.com.vn\/wp-content\/uploads\/2025\/04\/logo-somekco.png","width":1414,"height":529,"caption":"SOMEKCO"},"image":{"@id":"https:\/\/somekco.com.vn\/#\/schema\/logo\/image\/"}}]}},"_links":{"self":[{"href":"https:\/\/somekco.com.vn\/zh\/wp-json\/wp\/v2\/pages\/457","targetHints":{"allow":["GET"]}}],"collection":[{"href":"https:\/\/somekco.com.vn\/zh\/wp-json\/wp\/v2\/pages"}],"about":[{"href":"https:\/\/somekco.com.vn\/zh\/wp-json\/wp\/v2\/types\/page"}],"author":[{"embeddable":true,"href":"https:\/\/somekco.com.vn\/zh\/wp-json\/wp\/v2\/users\/1"}],"replies":[{"embeddable":true,"href":"https:\/\/somekco.com.vn\/zh\/wp-json\/wp\/v2\/comments?post=457"}],"version-history":[{"count":16,"href":"https:\/\/somekco.com.vn\/zh\/wp-json\/wp\/v2\/pages\/457\/revisions"}],"predecessor-version":[{"id":1050,"href":"https:\/\/somekco.com.vn\/zh\/wp-json\/wp\/v2\/pages\/457\/revisions\/1050"}],"up":[{"embeddable":true,"href":"https:\/\/somekco.com.vn\/zh\/wp-json\/wp\/v2\/pages\/21"}],"wp:attachment":[{"href":"https:\/\/somekco.com.vn\/zh\/wp-json\/wp\/v2\/media?parent=457"}],"curies":[{"name":"wp","href":"https:\/\/api.w.org\/{rel}","templated":true}]}}