{"id":450,"date":"2025-04-14T01:54:44","date_gmt":"2025-04-14T01:54:44","guid":{"rendered":"https:\/\/somekco.123websitedev.com\/?page_id=450"},"modified":"2025-05-03T07:04:33","modified_gmt":"2025-05-03T00:04:33","slug":"diamond-coco","status":"publish","type":"page","link":"https:\/\/somekco.com.vn\/zh\/san-pham\/diamond-coco\/","title":{"rendered":"\u94bb\u77f3COCO"},"content":{"rendered":"<div data-elementor-type=\"wp-page\" data-elementor-id=\"450\" class=\"elementor elementor-450\" data-elementor-post-type=\"page\">\n\t\t\t\t<div class=\"elementor-element elementor-element-edc26db e-flex e-con-boxed elementor-invisible e-con e-parent\" data-id=\"edc26db\" data-element_type=\"container\" data-settings=\"{&quot;background_background&quot;:&quot;classic&quot;,&quot;animation&quot;:&quot;fadeInUp&quot;}\">\n\t\t\t\t\t<div class=\"e-con-inner\">\n\t\t<div class=\"elementor-element elementor-element-05ceaf7 e-con-full e-flex e-con e-child\" data-id=\"05ceaf7\" data-element_type=\"container\">\n\t\t\t\t<div class=\"elementor-element elementor-element-cd5c77b elementor-widget elementor-widget-heading\" data-id=\"cd5c77b\" data-element_type=\"widget\" data-widget_type=\"heading.default\">\n\t\t\t\t<div class=\"elementor-widget-container\">\n\t\t\t\t\t<h1 class=\"elementor-heading-title elementor-size-default\">\u94bb\u77f3COCO<\/h1>\t\t\t\t<\/div>\n\t\t\t\t<\/div>\n\t\t\t\t<div class=\"elementor-element elementor-element-8002d64 elementor-widget elementor-widget-text-editor\" data-id=\"8002d64\" data-element_type=\"widget\" data-widget_type=\"text-editor.default\">\n\t\t\t\t<div class=\"elementor-widget-container\">\n\t\t\t\t\t\t\t\t\t<p style=\"text-align: justify;\">Diamond Coconut \u4e0d\u4ec5\u4ec5\u662f\u6930\u5b50\u6c34\u2014\u2014\u5b83\u662f\u4e00\u79cd\u4f53\u9a8c\uff01 100% \u91c7\u7528\u53ef\u6301\u7eed\u6536\u83b7\u7684\u65b9\u5f0f\uff0c\u7eaf\u5929\u7136\u3001\u65e0\u6dfb\u52a0\u5242\uff0c\u4e3a\u70ed\u7231\u5927\u81ea\u7136\u7cbe\u9ad3\u7684\u4eba\u4eec\u63d0\u4f9b\u6700\u7eaf\u6b63\u7684\u6930\u5b50\u98ce\u5473\u3002<\/p><p style=\"text-align: justify;\">\u4eab\u53d7\u65b0\u9c9c\u53e3\u5473\uff0c\u4fdd\u62a4\u73af\u5883\uff01\u6bcf\u4e00\u53e3\u6c34\u4e0d\u4ec5\u80fd\u8ba9\u60a8\u795e\u6e05\u6c14\u723d\uff0c\u8fd8\u80fd\u4e3a\u4f20\u64ad\u7eff\u8272\u751f\u6d3b\u65b9\u5f0f\u505a\u51fa\u8d21\u732e\u3002\u9009\u62e9 Diamond Coconut \u2013 \u5962\u534e\u4e4b\u9009<br \/>\u4e3a\u4e86\u5065\u5eb7\u548c\u7f8e\u4e3d\uff01<\/p>\t\t\t\t\t\t\t\t<\/div>\n\t\t\t\t<\/div>\n\t\t\t\t<\/div>\n\t\t<div class=\"elementor-element elementor-element-c9b6146 e-con-full e-flex e-con e-child\" data-id=\"c9b6146\" data-element_type=\"container\">\n\t\t\t\t<div class=\"elementor-element elementor-element-ecfa6f8 elementor-widget elementor-widget-image\" data-id=\"ecfa6f8\" data-element_type=\"widget\" data-widget_type=\"image.default\">\n\t\t\t\t<div class=\"elementor-widget-container\">\n\t\t\t\t\t\t\t\t\t\t\t\t\t\t\t<img fetchpriority=\"high\" decoding=\"async\" width=\"800\" height=\"600\" src=\"https:\/\/somekco.com.vn\/wp-content\/uploads\/2025\/04\/san-pham-king-coco-hinh-3.jpg\" class=\"attachment-large size-large wp-image-392\" alt=\"\" srcset=\"https:\/\/somekco.com.vn\/wp-content\/uploads\/2025\/04\/san-pham-king-coco-hinh-3.jpg 800w, https:\/\/somekco.com.vn\/wp-content\/uploads\/2025\/04\/san-pham-king-coco-hinh-3-300x225.jpg 300w, https:\/\/somekco.com.vn\/wp-content\/uploads\/2025\/04\/san-pham-king-coco-hinh-3-768x576.jpg 768w, https:\/\/somekco.com.vn\/wp-content\/uploads\/2025\/04\/san-pham-king-coco-hinh-3-16x12.jpg 16w\" sizes=\"(max-width: 800px) 100vw, 800px\" \/>\t\t\t\t\t\t\t\t\t\t\t\t\t\t\t<\/div>\n\t\t\t\t<\/div>\n\t\t\t\t<\/div>\n\t\t\t\t\t<\/div>\n\t\t\t\t<\/div>\n\t\t<div class=\"elementor-element elementor-element-35f43e7 e-flex e-con-boxed e-con e-parent\" data-id=\"35f43e7\" data-element_type=\"container\" data-settings=\"{&quot;background_background&quot;:&quot;classic&quot;}\">\n\t\t\t\t\t<div class=\"e-con-inner\">\n\t\t<div class=\"elementor-element elementor-element-3ed5214 e-con-full e-flex elementor-invisible e-con e-child\" data-id=\"3ed5214\" data-element_type=\"container\" data-settings=\"{&quot;animation&quot;:&quot;fadeInLeft&quot;}\">\n\t\t\t\t<div class=\"elementor-element elementor-element-5bc23aa elementor-widget elementor-widget-heading\" data-id=\"5bc23aa\" data-element_type=\"widget\" data-widget_type=\"heading.default\">\n\t\t\t\t<div class=\"elementor-widget-container\">\n\t\t\t\t\t<h2 class=\"elementor-heading-title elementor-size-default\">\u591a\u6837\u5316\u9009\u62e9<br>\n\u6ee1\u8db3\u6240\u6709\u9700\u6c42<\/h2>\t\t\t\t<\/div>\n\t\t\t\t<\/div>\n\t\t\t\t<div class=\"elementor-element elementor-element-1f2ddab elementor-widget elementor-widget-text-editor\" data-id=\"1f2ddab\" data-element_type=\"widget\" data-widget_type=\"text-editor.default\">\n\t\t\t\t<div class=\"elementor-widget-container\">\n\t\t\t\t\t\t\t\t\t<p style=\"text-align: justify;\">\u7075\u6d3b\u7684\u5305\u88c5\u9009\u62e9\uff1a\u6709 6\u30019 \u6216 12 \u4e2a\u6c34\u679c\u76d2\u53ef\u4f9b\u9009\u62e9\uff0c\u65b9\u4fbf\u4e2a\u4eba\u3001\u5bb6\u5ead\u6216\u4f01\u4e1a\u98df\u7528\u3002<\/p>\t\t\t\t\t\t\t\t<\/div>\n\t\t\t\t<\/div>\n\t\t\t\t<div class=\"elementor-element elementor-element-1436e4f elementor-widget elementor-widget-heading\" data-id=\"1436e4f\" data-element_type=\"widget\" data-widget_type=\"heading.default\">\n\t\t\t\t<div class=\"elementor-widget-container\">\n\t\t\t\t\t<h3 class=\"elementor-heading-title elementor-size-default\">\u81ea\u6709\u54c1\u724c\n<\/h3>\t\t\t\t<\/div>\n\t\t\t\t<\/div>\n\t\t\t\t<div class=\"elementor-element elementor-element-854f9aa elementor-widget elementor-widget-text-editor\" data-id=\"854f9aa\" data-element_type=\"widget\" data-widget_type=\"text-editor.default\">\n\t\t\t\t<div class=\"elementor-widget-container\">\n\t\t\t\t\t\t\t\t\t<p style=\"text-align: justify;\">\u9ad8\u7aef\u54c1\u724c\u5b9a\u4f4d\uff1aSOMEKCO \u63d0\u4f9b OEM\/ODM \u670d\u52a1\u2014\u2014\u4f7f\u7528\u60a8\u81ea\u5df1\u7684\u6807\u5fd7\u4e2a\u6027\u5316\u5305\u88c5\uff0c\u5e2e\u52a9\u60a8\u7684\u54c1\u724c\u5728\u5e02\u573a\u4e2d\u8131\u9896\u800c\u51fa\uff01\u4f60\u7684\u65b9\u5f0f\uff01<\/p>\t\t\t\t\t\t\t\t<\/div>\n\t\t\t\t<\/div>\n\t\t\t\t<\/div>\n\t\t<div class=\"elementor-element elementor-element-0fac861 e-con-full e-flex elementor-invisible e-con e-child\" data-id=\"0fac861\" data-element_type=\"container\" data-settings=\"{&quot;animation&quot;:&quot;fadeInRight&quot;}\">\n\t\t\t\t<div class=\"elementor-element elementor-element-14a0200 elementor-widget elementor-widget-image\" data-id=\"14a0200\" data-element_type=\"widget\" data-widget_type=\"image.default\">\n\t\t\t\t<div class=\"elementor-widget-container\">\n\t\t\t\t\t\t\t\t\t\t\t\t\t\t\t<img decoding=\"async\" width=\"800\" height=\"593\" src=\"https:\/\/somekco.com.vn\/wp-content\/uploads\/2025\/04\/diamond-coco-product-02.jpg\" class=\"attachment-large size-large wp-image-453\" alt=\"\" srcset=\"https:\/\/somekco.com.vn\/wp-content\/uploads\/2025\/04\/diamond-coco-product-02.jpg 805w, https:\/\/somekco.com.vn\/wp-content\/uploads\/2025\/04\/diamond-coco-product-02-300x222.jpg 300w, https:\/\/somekco.com.vn\/wp-content\/uploads\/2025\/04\/diamond-coco-product-02-768x570.jpg 768w, https:\/\/somekco.com.vn\/wp-content\/uploads\/2025\/04\/diamond-coco-product-02-16x12.jpg 16w\" sizes=\"(max-width: 800px) 100vw, 800px\" \/>\t\t\t\t\t\t\t\t\t\t\t\t\t\t\t<\/div>\n\t\t\t\t<\/div>\n\t\t\t\t<\/div>\n\t\t\t\t\t<\/div>\n\t\t\t\t<\/div>\n\t\t\t\t<\/div>","protected":false},"excerpt":{"rendered":"<p>Diamond COCO D\u1eeba Kim C\u01b0\u01a1ng kh\u00f4ng ch\u1ec9 l\u00e0 n\u01b0\u1edbc d\u1eeba \u2013 \u0111\u00f3 l\u00e0 tr\u1ea3i nghi\u1ec7m! \u0110\u01b0\u1ee3c khai th\u00e1c b\u1ec1n v\u1eefng, 100% t\u1ef1 nhi\u00ean, kh\u00f4ng ph\u1ee5 gia, mang \u0111\u1ebfn v\u1ecb d\u1eeba thu\u1ea7n khi\u1ebft nh\u1ea5t cho nh\u1eefng ai y\u00eau th\u00edch s\u1ef1 tinh t\u00fay c\u1ee7a thi\u00ean nhi\u00ean. Th\u01b0\u1edfng th\u1ee9c v\u1ecb t\u01b0\u01a1i m\u00e1t, b\u1ea3o v\u1ec7 m\u00f4i tr\u01b0\u1eddng! M\u1ed7i ng\u1ee5m [&hellip;]<\/p>","protected":false},"author":1,"featured_media":0,"parent":21,"menu_order":0,"comment_status":"closed","ping_status":"closed","template":"elementor_header_footer","meta":{"footnotes":""},"class_list":["post-450","page","type-page","status-publish","hentry"],"yoast_head":"<!-- This site is optimized with the Yoast SEO Premium plugin v24.8 (Yoast SEO v24.8) - https:\/\/yoast.com\/wordpress\/plugins\/seo\/ -->\n<title>Diamond COCO - SOMEKCO<\/title>\n<meta name=\"robots\" content=\"index, follow, max-snippet:-1, max-image-preview:large, max-video-preview:-1\" \/>\n<link rel=\"canonical\" href=\"https:\/\/somekco.com.vn\/zh\/san-pham\/diamond-coco\/\" \/>\n<meta property=\"og:locale\" content=\"zh_CN\" \/>\n<meta property=\"og:type\" content=\"article\" \/>\n<meta property=\"og:title\" content=\"Diamond COCO\" \/>\n<meta property=\"og:description\" content=\"Diamond COCO D\u1eeba Kim C\u01b0\u01a1ng kh\u00f4ng ch\u1ec9 l\u00e0 n\u01b0\u1edbc d\u1eeba \u2013 \u0111\u00f3 l\u00e0 tr\u1ea3i nghi\u1ec7m! \u0110\u01b0\u1ee3c khai th\u00e1c b\u1ec1n v\u1eefng, 100% t\u1ef1 nhi\u00ean, kh\u00f4ng ph\u1ee5 gia, mang \u0111\u1ebfn v\u1ecb d\u1eeba thu\u1ea7n khi\u1ebft nh\u1ea5t cho nh\u1eefng ai y\u00eau th\u00edch s\u1ef1 tinh t\u00fay c\u1ee7a thi\u00ean nhi\u00ean. Th\u01b0\u1edfng th\u1ee9c v\u1ecb t\u01b0\u01a1i m\u00e1t, b\u1ea3o v\u1ec7 m\u00f4i tr\u01b0\u1eddng! M\u1ed7i ng\u1ee5m [&hellip;]\" \/>\n<meta property=\"og:url\" content=\"https:\/\/somekco.com.vn\/zh\/san-pham\/diamond-coco\/\" \/>\n<meta property=\"og:site_name\" content=\"SOMEKCO\" \/>\n<meta property=\"article:modified_time\" content=\"2025-05-03T00:04:33+00:00\" \/>\n<meta property=\"og:image\" content=\"https:\/\/somekco.com.vn\/wp-content\/uploads\/2025\/04\/san-pham-king-coco-hinh-3.jpg\" \/>\n\t<meta property=\"og:image:width\" content=\"800\" \/>\n\t<meta property=\"og:image:height\" content=\"600\" \/>\n\t<meta property=\"og:image:type\" content=\"image\/jpeg\" \/>\n<meta name=\"twitter:card\" content=\"summary_large_image\" \/>\n<meta name=\"twitter:label1\" content=\"\u9884\u8ba1\u9605\u8bfb\u65f6\u95f4\" \/>\n\t<meta name=\"twitter:data1\" content=\"2 \u5206\" \/>\n<script type=\"application\/ld+json\" class=\"yoast-schema-graph\">{\"@context\":\"https:\/\/schema.org\",\"@graph\":[{\"@type\":\"WebPage\",\"@id\":\"https:\/\/somekco.com.vn\/san-pham\/diamond-coco\/\",\"url\":\"https:\/\/somekco.com.vn\/san-pham\/diamond-coco\/\",\"name\":\"Diamond COCO - SOMEKCO\",\"isPartOf\":{\"@id\":\"https:\/\/somekco.com.vn\/#website\"},\"primaryImageOfPage\":{\"@id\":\"https:\/\/somekco.com.vn\/san-pham\/diamond-coco\/#primaryimage\"},\"image\":{\"@id\":\"https:\/\/somekco.com.vn\/san-pham\/diamond-coco\/#primaryimage\"},\"thumbnailUrl\":\"https:\/\/somekco.com.vn\/wp-content\/uploads\/2025\/04\/san-pham-king-coco-hinh-3.jpg\",\"datePublished\":\"2025-04-14T01:54:44+00:00\",\"dateModified\":\"2025-05-03T00:04:33+00:00\",\"breadcrumb\":{\"@id\":\"https:\/\/somekco.com.vn\/san-pham\/diamond-coco\/#breadcrumb\"},\"inLanguage\":\"zh-Hans\",\"potentialAction\":[{\"@type\":\"ReadAction\",\"target\":[\"https:\/\/somekco.com.vn\/san-pham\/diamond-coco\/\"]}]},{\"@type\":\"ImageObject\",\"inLanguage\":\"zh-Hans\",\"@id\":\"https:\/\/somekco.com.vn\/san-pham\/diamond-coco\/#primaryimage\",\"url\":\"https:\/\/somekco.com.vn\/wp-content\/uploads\/2025\/04\/san-pham-king-coco-hinh-3.jpg\",\"contentUrl\":\"https:\/\/somekco.com.vn\/wp-content\/uploads\/2025\/04\/san-pham-king-coco-hinh-3.jpg\"},{\"@type\":\"BreadcrumbList\",\"@id\":\"https:\/\/somekco.com.vn\/san-pham\/diamond-coco\/#breadcrumb\",\"itemListElement\":[{\"@type\":\"ListItem\",\"position\":1,\"name\":\"Trang ch\u1ee7\",\"item\":\"https:\/\/somekco.com.vn\/\"},{\"@type\":\"ListItem\",\"position\":2,\"name\":\"S\u1ea3n ph\u1ea9m\",\"item\":\"https:\/\/somekco.com.vn\/san-pham\/\"},{\"@type\":\"ListItem\",\"position\":3,\"name\":\"Diamond COCO\"}]},{\"@type\":\"WebSite\",\"@id\":\"https:\/\/somekco.com.vn\/#website\",\"url\":\"https:\/\/somekco.com.vn\/\",\"name\":\"SOMEKCO\",\"description\":\"\",\"publisher\":{\"@id\":\"https:\/\/somekco.com.vn\/#organization\"},\"potentialAction\":[{\"@type\":\"SearchAction\",\"target\":{\"@type\":\"EntryPoint\",\"urlTemplate\":\"https:\/\/somekco.com.vn\/?s={search_term_string}\"},\"query-input\":{\"@type\":\"PropertyValueSpecification\",\"valueRequired\":true,\"valueName\":\"search_term_string\"}}],\"inLanguage\":\"zh-Hans\"},{\"@type\":\"Organization\",\"@id\":\"https:\/\/somekco.com.vn\/#organization\",\"name\":\"SOMEKCO\",\"url\":\"https:\/\/somekco.com.vn\/\",\"logo\":{\"@type\":\"ImageObject\",\"inLanguage\":\"zh-Hans\",\"@id\":\"https:\/\/somekco.com.vn\/#\/schema\/logo\/image\/\",\"url\":\"https:\/\/somekco.com.vn\/wp-content\/uploads\/2025\/04\/logo-somekco.png\",\"contentUrl\":\"https:\/\/somekco.com.vn\/wp-content\/uploads\/2025\/04\/logo-somekco.png\",\"width\":1414,\"height\":529,\"caption\":\"SOMEKCO\"},\"image\":{\"@id\":\"https:\/\/somekco.com.vn\/#\/schema\/logo\/image\/\"}}]}<\/script>\n<!-- \/ Yoast SEO Premium plugin. -->","yoast_head_json":{"title":"Diamond COCO - SOMEKCO","robots":{"index":"index","follow":"follow","max-snippet":"max-snippet:-1","max-image-preview":"max-image-preview:large","max-video-preview":"max-video-preview:-1"},"canonical":"https:\/\/somekco.com.vn\/zh\/san-pham\/diamond-coco\/","og_locale":"zh_CN","og_type":"article","og_title":"Diamond COCO","og_description":"Diamond COCO D\u1eeba Kim C\u01b0\u01a1ng kh\u00f4ng ch\u1ec9 l\u00e0 n\u01b0\u1edbc d\u1eeba \u2013 \u0111\u00f3 l\u00e0 tr\u1ea3i nghi\u1ec7m! \u0110\u01b0\u1ee3c khai th\u00e1c b\u1ec1n v\u1eefng, 100% t\u1ef1 nhi\u00ean, kh\u00f4ng ph\u1ee5 gia, mang \u0111\u1ebfn v\u1ecb d\u1eeba thu\u1ea7n khi\u1ebft nh\u1ea5t cho nh\u1eefng ai y\u00eau th\u00edch s\u1ef1 tinh t\u00fay c\u1ee7a thi\u00ean nhi\u00ean. Th\u01b0\u1edfng th\u1ee9c v\u1ecb t\u01b0\u01a1i m\u00e1t, b\u1ea3o v\u1ec7 m\u00f4i tr\u01b0\u1eddng! M\u1ed7i ng\u1ee5m [&hellip;]","og_url":"https:\/\/somekco.com.vn\/zh\/san-pham\/diamond-coco\/","og_site_name":"SOMEKCO","article_modified_time":"2025-05-03T00:04:33+00:00","og_image":[{"width":800,"height":600,"url":"https:\/\/somekco.com.vn\/wp-content\/uploads\/2025\/04\/san-pham-king-coco-hinh-3.jpg","type":"image\/jpeg"}],"twitter_card":"summary_large_image","twitter_misc":{"\u9884\u8ba1\u9605\u8bfb\u65f6\u95f4":"2 \u5206"},"schema":{"@context":"https:\/\/schema.org","@graph":[{"@type":"WebPage","@id":"https:\/\/somekco.com.vn\/san-pham\/diamond-coco\/","url":"https:\/\/somekco.com.vn\/san-pham\/diamond-coco\/","name":"Diamond COCO - SOMEKCO","isPartOf":{"@id":"https:\/\/somekco.com.vn\/#website"},"primaryImageOfPage":{"@id":"https:\/\/somekco.com.vn\/san-pham\/diamond-coco\/#primaryimage"},"image":{"@id":"https:\/\/somekco.com.vn\/san-pham\/diamond-coco\/#primaryimage"},"thumbnailUrl":"https:\/\/somekco.com.vn\/wp-content\/uploads\/2025\/04\/san-pham-king-coco-hinh-3.jpg","datePublished":"2025-04-14T01:54:44+00:00","dateModified":"2025-05-03T00:04:33+00:00","breadcrumb":{"@id":"https:\/\/somekco.com.vn\/san-pham\/diamond-coco\/#breadcrumb"},"inLanguage":"zh-Hans","potentialAction":[{"@type":"ReadAction","target":["https:\/\/somekco.com.vn\/san-pham\/diamond-coco\/"]}]},{"@type":"ImageObject","inLanguage":"zh-Hans","@id":"https:\/\/somekco.com.vn\/san-pham\/diamond-coco\/#primaryimage","url":"https:\/\/somekco.com.vn\/wp-content\/uploads\/2025\/04\/san-pham-king-coco-hinh-3.jpg","contentUrl":"https:\/\/somekco.com.vn\/wp-content\/uploads\/2025\/04\/san-pham-king-coco-hinh-3.jpg"},{"@type":"BreadcrumbList","@id":"https:\/\/somekco.com.vn\/san-pham\/diamond-coco\/#breadcrumb","itemListElement":[{"@type":"ListItem","position":1,"name":"Trang ch\u1ee7","item":"https:\/\/somekco.com.vn\/"},{"@type":"ListItem","position":2,"name":"S\u1ea3n ph\u1ea9m","item":"https:\/\/somekco.com.vn\/san-pham\/"},{"@type":"ListItem","position":3,"name":"Diamond COCO"}]},{"@type":"WebSite","@id":"https:\/\/somekco.com.vn\/#website","url":"https:\/\/somekco.com.vn\/","name":"SOMEKCO","description":"","publisher":{"@id":"https:\/\/somekco.com.vn\/#organization"},"potentialAction":[{"@type":"SearchAction","target":{"@type":"EntryPoint","urlTemplate":"https:\/\/somekco.com.vn\/?s={search_term_string}"},"query-input":{"@type":"PropertyValueSpecification","valueRequired":true,"valueName":"search_term_string"}}],"inLanguage":"zh-Hans"},{"@type":"Organization","@id":"https:\/\/somekco.com.vn\/#organization","name":"SOMEKCO","url":"https:\/\/somekco.com.vn\/","logo":{"@type":"ImageObject","inLanguage":"zh-Hans","@id":"https:\/\/somekco.com.vn\/#\/schema\/logo\/image\/","url":"https:\/\/somekco.com.vn\/wp-content\/uploads\/2025\/04\/logo-somekco.png","contentUrl":"https:\/\/somekco.com.vn\/wp-content\/uploads\/2025\/04\/logo-somekco.png","width":1414,"height":529,"caption":"SOMEKCO"},"image":{"@id":"https:\/\/somekco.com.vn\/#\/schema\/logo\/image\/"}}]}},"_links":{"self":[{"href":"https:\/\/somekco.com.vn\/zh\/wp-json\/wp\/v2\/pages\/450","targetHints":{"allow":["GET"]}}],"collection":[{"href":"https:\/\/somekco.com.vn\/zh\/wp-json\/wp\/v2\/pages"}],"about":[{"href":"https:\/\/somekco.com.vn\/zh\/wp-json\/wp\/v2\/types\/page"}],"author":[{"embeddable":true,"href":"https:\/\/somekco.com.vn\/zh\/wp-json\/wp\/v2\/users\/1"}],"replies":[{"embeddable":true,"href":"https:\/\/somekco.com.vn\/zh\/wp-json\/wp\/v2\/comments?post=450"}],"version-history":[{"count":13,"href":"https:\/\/somekco.com.vn\/zh\/wp-json\/wp\/v2\/pages\/450\/revisions"}],"predecessor-version":[{"id":1047,"href":"https:\/\/somekco.com.vn\/zh\/wp-json\/wp\/v2\/pages\/450\/revisions\/1047"}],"up":[{"embeddable":true,"href":"https:\/\/somekco.com.vn\/zh\/wp-json\/wp\/v2\/pages\/21"}],"wp:attachment":[{"href":"https:\/\/somekco.com.vn\/zh\/wp-json\/wp\/v2\/media?parent=450"}],"curies":[{"name":"wp","href":"https:\/\/api.w.org\/{rel}","templated":true}]}}