{"id":195,"date":"2025-04-10T13:15:51","date_gmt":"2025-04-10T13:15:51","guid":{"rendered":"https:\/\/somekco.123websitedev.com\/?page_id=195"},"modified":"2025-05-03T06:11:58","modified_gmt":"2025-05-02T23:11:58","slug":"nha-may","status":"publish","type":"page","link":"https:\/\/somekco.com.vn\/zh\/nha-may\/","title":{"rendered":"\u5de5\u5382"},"content":{"rendered":"<div data-elementor-type=\"wp-page\" data-elementor-id=\"195\" class=\"elementor elementor-195\" data-elementor-post-type=\"page\">\n\t\t\t\t<div class=\"elementor-element elementor-element-156f0f4 e-con-full e-flex e-con e-parent\" data-id=\"156f0f4\" data-element_type=\"container\">\n\t\t\t\t<div class=\"elementor-element elementor-element-fd47d2c elementor--h-position-center elementor--v-position-middle elementor-arrows-position-inside elementor-widget elementor-widget-slides\" data-id=\"fd47d2c\" data-element_type=\"widget\" data-settings=\"{&quot;navigation&quot;:&quot;arrows&quot;,&quot;autoplay&quot;:&quot;yes&quot;,&quot;pause_on_hover&quot;:&quot;yes&quot;,&quot;pause_on_interaction&quot;:&quot;yes&quot;,&quot;autoplay_speed&quot;:5000,&quot;infinite&quot;:&quot;yes&quot;,&quot;transition&quot;:&quot;slide&quot;,&quot;transition_speed&quot;:500}\" data-widget_type=\"slides.default\">\n\t\t\t\t<div class=\"elementor-widget-container\">\n\t\t\t\t\t\t\t\t\t<div class=\"elementor-swiper\">\n\t\t\t\t\t<div class=\"elementor-slides-wrapper elementor-main-swiper swiper\" role=\"region\" aria-roledescription=\"carousel\" aria-label=\"\u5e7b\u706f\u7247\" dir=\"ltr\" data-animation=\"fadeInUp\">\n\t\t\t\t<div class=\"swiper-wrapper elementor-slides\">\n\t\t\t\t\t\t\t\t\t\t<div class=\"elementor-repeater-item-ddba7de swiper-slide\" role=\"group\" aria-roledescription=\"slide\"><div class=\"swiper-slide-bg\" role=\"img\"><\/div><div class=\"elementor-background-overlay\"><\/div><div class=\"swiper-slide-inner\" ><div class=\"swiper-slide-contents\"><div class=\"elementor-slide-heading\">\u6211\u4eec\u7684\u5de5\u5382<\/div><div class=\"elementor-slide-description\">\u6211\u4eec\u7684\u69df\u6925\u6930\u5b50\u7684\u8d28\u91cf\u4e0d\u900a\u4e8e\u4e16\u754c\u4e0a\u4efb\u4f55\u4e00\u4e2a\u56fd\u5bb6\uff0c\u6211\u4eec\u6709\u8ba4\u8bc1\u53ef\u4ee5\u8bc1\u660e\u8fd9\u4e00\u70b9\u3002<\/div><\/div><\/div><\/div><div class=\"elementor-repeater-item-756bbff swiper-slide\" role=\"group\" aria-roledescription=\"slide\"><div class=\"swiper-slide-bg\" role=\"img\"><\/div><div class=\"elementor-background-overlay\"><\/div><div class=\"swiper-slide-inner\" ><div class=\"swiper-slide-contents\"><div class=\"elementor-slide-heading\">\u6211\u4eec\u7684\u5de5\u5382<\/div><div class=\"elementor-slide-description\">\u6211\u4eec\u7684\u69df\u6925\u6930\u5b50\u7684\u8d28\u91cf\u4e0d\u900a\u4e8e\u4e16\u754c\u4e0a\u4efb\u4f55\u4e00\u4e2a\u56fd\u5bb6\uff0c\u6211\u4eec\u6709\u8ba4\u8bc1\u53ef\u4ee5\u8bc1\u660e\u8fd9\u4e00\u70b9\u3002<\/div><\/div><\/div><\/div>\t\t\t\t<\/div>\n\t\t\t\t\t\t\t\t\t\t\t\t\t\t\t<div class=\"elementor-swiper-button elementor-swiper-button-prev\" role=\"button\" tabindex=\"0\" aria-label=\"\u4e0a\u4e00\u5f20\u5e7b\u706f\u7247\">\n\t\t\t\t\t\t\t<svg aria-hidden=\"true\" class=\"e-font-icon-svg e-eicon-chevron-left\" viewbox=\"0 0 1000 1000\" xmlns=\"http:\/\/www.w3.org\/2000\/svg\"><path d=\"M646 125C629 125 613 133 604 142L308 442C296 454 292 471 292 487 292 504 296 521 308 533L604 854C617 867 629 875 646 875 663 875 679 871 692 858 704 846 713 829 713 812 713 796 708 779 692 767L438 487 692 225C700 217 708 204 708 187 708 171 704 154 692 142 675 129 663 125 646 125Z\"><\/path><\/svg>\t\t\t\t\t\t<\/div>\n\t\t\t\t\t\t<div class=\"elementor-swiper-button elementor-swiper-button-next\" role=\"button\" tabindex=\"0\" aria-label=\"\u4e0b\u4e00\u5f20\u5e7b\u706f\u7247\">\n\t\t\t\t\t\t\t<svg aria-hidden=\"true\" class=\"e-font-icon-svg e-eicon-chevron-right\" viewbox=\"0 0 1000 1000\" xmlns=\"http:\/\/www.w3.org\/2000\/svg\"><path d=\"M696 533C708 521 713 504 713 487 713 471 708 454 696 446L400 146C388 133 375 125 354 125 338 125 325 129 313 142 300 154 292 171 292 187 292 204 296 221 308 233L563 492 304 771C292 783 288 800 288 817 288 833 296 850 308 863 321 871 338 875 354 875 371 875 388 867 400 854L696 533Z\"><\/path><\/svg>\t\t\t\t\t\t<\/div>\n\t\t\t\t\t\t\t\t\t\t\t\t\t\t\t\t\t<\/div>\n\t\t\t\t<\/div>\n\t\t\t\t\t\t\t\t<\/div>\n\t\t\t\t<\/div>\n\t\t\t\t<\/div>\n\t\t<div class=\"elementor-element elementor-element-b0225b5 e-flex e-con-boxed elementor-invisible e-con e-parent\" data-id=\"b0225b5\" data-element_type=\"container\" data-settings=\"{&quot;background_background&quot;:&quot;classic&quot;,&quot;animation&quot;:&quot;fadeInLeft&quot;}\">\n\t\t\t\t\t<div class=\"e-con-inner\">\n\t\t<div class=\"elementor-element elementor-element-7d69dbc e-con-full e-flex e-con e-child\" data-id=\"7d69dbc\" data-element_type=\"container\">\n\t\t\t\t<div class=\"elementor-element elementor-element-d4a0249 elementor-widget elementor-widget-text-editor\" data-id=\"d4a0249\" data-element_type=\"widget\" data-widget_type=\"text-editor.default\">\n\t\t\t\t<div class=\"elementor-widget-container\">\n\t\t\t\t\t\t\t\t\t<iframe src=\"https:\/\/www.google.com\/maps\/embed?pb=!1m18!1m12!1m3!1d31416.11534920616!2d106.3955928531057!3d10.179482996134082!2m3!1f0!2f0!3f0!3m2!1i1024!2i768!4f13.1!3m3!1m2!1s0x31a0076a1c9f2b33%3A0x3d707cef025248d6!2zVGh14bqtbiDEkWnhu4FuLCBHaeG7k25nIFRyw7RtLCBC4bq_biBUcmUsIFZp4buHdCBOYW0!5e0!3m2!1svi!2s!4v1744699409107!5m2!1svi!2s\" width=\"100%\" height=\"450\" style=\"border:0;\" allowfullscreen=\"\" loading=\"lazy\" referrerpolicy=\"no-referrer-when-downgrade\"><\/iframe>\t\t\t\t\t\t\t\t<\/div>\n\t\t\t\t<\/div>\n\t\t\t\t<\/div>\n\t\t<div class=\"elementor-element elementor-element-77d1236 e-con-full e-flex e-con e-child\" data-id=\"77d1236\" data-element_type=\"container\">\n\t\t\t\t<div class=\"elementor-element elementor-element-5b0ee9e elementor-widget elementor-widget-heading\" data-id=\"5b0ee9e\" data-element_type=\"widget\" data-widget_type=\"heading.default\">\n\t\t\t\t<div class=\"elementor-widget-container\">\n\t\t\t\t\t<h1 class=\"elementor-heading-title elementor-size-default\">\u65b0\u9c9c\u6930\u5b50\u5de5\u5382<br>\n\u7d22\u7f8e\u79d1<\/h1>\t\t\t\t<\/div>\n\t\t\t\t<\/div>\n\t\t\t\t<div class=\"elementor-element elementor-element-e91c9f3 elementor-widget elementor-widget-text-editor\" data-id=\"e91c9f3\" data-element_type=\"widget\" data-widget_type=\"text-editor.default\">\n\t\t\t\t<div class=\"elementor-widget-container\">\n\t\t\t\t\t\t\t\t\t<p>\u5730\u5740\uff1a<br \/>\u987a\u7530\u4e61\u7b2c 2 \u6751\u5e84<br \/>\u8d8a\u5357\u69df\u6925\u7701\u8d21\u7279\u9686\u53bf<\/p>\t\t\t\t\t\t\t\t<\/div>\n\t\t\t\t<\/div>\n\t\t\t\t<\/div>\n\t\t\t\t\t<\/div>\n\t\t\t\t<\/div>\n\t\t<div class=\"elementor-element elementor-element-fa4c651 e-flex e-con-boxed elementor-invisible e-con e-parent\" data-id=\"fa4c651\" data-element_type=\"container\" data-settings=\"{&quot;animation&quot;:&quot;fadeInRight&quot;}\">\n\t\t\t\t\t<div class=\"e-con-inner\">\n\t\t<div class=\"elementor-element elementor-element-d409fa9 e-con-full e-flex e-con e-child\" data-id=\"d409fa9\" data-element_type=\"container\">\n\t\t\t\t<div class=\"elementor-element elementor-element-f40010d elementor-widget elementor-widget-image\" data-id=\"f40010d\" data-element_type=\"widget\" data-widget_type=\"image.default\">\n\t\t\t\t<div class=\"elementor-widget-container\">\n\t\t\t\t\t\t\t\t\t\t\t\t\t\t\t<img fetchpriority=\"high\" decoding=\"async\" width=\"800\" height=\"519\" src=\"https:\/\/somekco.com.vn\/wp-content\/uploads\/2025\/04\/nha-may-somekco-001-1024x664.png\" class=\"attachment-large size-large wp-image-203\" alt=\"\" srcset=\"https:\/\/somekco.com.vn\/wp-content\/uploads\/2025\/04\/nha-may-somekco-001-1024x664.png 1024w, https:\/\/somekco.com.vn\/wp-content\/uploads\/2025\/04\/nha-may-somekco-001-300x195.png 300w, https:\/\/somekco.com.vn\/wp-content\/uploads\/2025\/04\/nha-may-somekco-001-768x498.png 768w, https:\/\/somekco.com.vn\/wp-content\/uploads\/2025\/04\/nha-may-somekco-001-1536x997.png 1536w, https:\/\/somekco.com.vn\/wp-content\/uploads\/2025\/04\/nha-may-somekco-001-18x12.png 18w, https:\/\/somekco.com.vn\/wp-content\/uploads\/2025\/04\/nha-may-somekco-001.png 1877w\" sizes=\"(max-width: 800px) 100vw, 800px\" \/>\t\t\t\t\t\t\t\t\t\t\t\t\t\t\t<\/div>\n\t\t\t\t<\/div>\n\t\t\t\t<\/div>\n\t\t<div class=\"elementor-element elementor-element-272315f e-con-full e-flex e-con e-child\" data-id=\"272315f\" data-element_type=\"container\">\n\t\t\t\t<div class=\"elementor-element elementor-element-8157755 elementor-widget elementor-widget-heading\" data-id=\"8157755\" data-element_type=\"widget\" data-widget_type=\"heading.default\">\n\t\t\t\t<div class=\"elementor-widget-container\">\n\t\t\t\t\t<h2 class=\"elementor-heading-title elementor-size-default\">\u5236\u9020\u5de5\u5382<br>\n\u4e16\u754c\u4e00\u6d41<\/h2>\t\t\t\t<\/div>\n\t\t\t\t<\/div>\n\t\t\t\t<div class=\"elementor-element elementor-element-25c365f elementor-widget elementor-widget-text-editor\" data-id=\"25c365f\" data-element_type=\"widget\" data-widget_type=\"text-editor.default\">\n\t\t\t\t<div class=\"elementor-widget-container\">\n\t\t\t\t\t\t\t\t\t<p style=\"text-align: justify;\">\u5728 SOMEKCO\uff0c\u6211\u4eec\u4e3a\u5728\u6930\u5b50\u52a0\u5de5\u9886\u57df\u4fdd\u6301\u6700\u9ad8\u7684\u8d28\u91cf\u548c\u521b\u65b0\u6807\u51c6\u800c\u611f\u5230\u81ea\u8c6a\u3002\u6211\u4eec\u7684\u5de5\u5382\u914d\u5907\u4e86\u5168\u81ea\u52a8\u751f\u4ea7\u7ebf\uff0c\u4f18\u5316\u4e86\u4ece\u53bb\u76ae\u548c\u52a0\u5de5\u5230\u5305\u88c5\u548c\u51b7\u85cf\u7684\u6bcf\u4e2a\u9636\u6bb5\u3002\u5148\u8fdb\u7684\u6280\u672f\u786e\u4fdd\u6bcf\u4e2a\u6930\u5b50\u90fd\u7ecf\u8fc7\u7cbe\u786e\u52a0\u5de5\uff0c\u4fdd\u6301\u5176\u65b0\u9c9c\u5ea6\u548c\u4f18\u826f\u54c1\u8d28\u3002<\/p><p style=\"text-align: justify;\">\u901a\u8fc7\u6574\u5408\u73b0\u4ee3\u53ef\u8ffd\u6eaf\u7cfb\u7edf\uff0c\u6211\u4eec\u786e\u4fdd\u900f\u660e\u5ea6\u548c\u5b89\u5168\u6027\uff0c\u4f7f\u6211\u4eec\u80fd\u591f\u8ffd\u8e2a\u4ece\u519c\u573a\u5230\u5e02\u573a\u7684\u6bcf\u6279\u8d27\u7269\u3002\u81f4\u529b\u4e8e\u5353\u8d8a\u7684\u5236\u9020\u786e\u4fdd\u6211\u4eec\u7684\u6930\u5b50\u59cb\u7ec8\u7b26\u5408\u5e76\u8d85\u8d8a\u56fd\u9645\u6807\u51c6\uff0c\u5de9\u56fa\u4e86\u6211\u4eec\u4f5c\u4e3a\u503c\u5f97\u4fe1\u8d56\u7684\u5168\u7403\u4f9b\u5e94\u5546\u7684\u58f0\u8a89\u3002<\/p>\t\t\t\t\t\t\t\t<\/div>\n\t\t\t\t<\/div>\n\t\t\t\t<\/div>\n\t\t\t\t\t<\/div>\n\t\t\t\t<\/div>\n\t\t<div class=\"elementor-element elementor-element-caf1a95 e-flex e-con-boxed elementor-invisible e-con e-parent\" data-id=\"caf1a95\" data-element_type=\"container\" data-settings=\"{&quot;animation&quot;:&quot;fadeInUp&quot;}\">\n\t\t\t\t\t<div class=\"e-con-inner\">\n\t\t<div class=\"elementor-element elementor-element-597bc2e e-con-full e-flex e-con e-child\" data-id=\"597bc2e\" data-element_type=\"container\">\n\t\t\t\t<div class=\"elementor-element elementor-element-606f91e elementor-widget elementor-widget-image\" data-id=\"606f91e\" data-element_type=\"widget\" data-widget_type=\"image.default\">\n\t\t\t\t<div class=\"elementor-widget-container\">\n\t\t\t\t\t\t\t\t\t\t\t\t\t\t\t<img decoding=\"async\" width=\"800\" height=\"851\" src=\"https:\/\/somekco.com.vn\/wp-content\/uploads\/2025\/04\/nha-may-somekco-002-963x1024.png\" class=\"attachment-large size-large wp-image-204\" alt=\"\" srcset=\"https:\/\/somekco.com.vn\/wp-content\/uploads\/2025\/04\/nha-may-somekco-002-963x1024.png 963w, https:\/\/somekco.com.vn\/wp-content\/uploads\/2025\/04\/nha-may-somekco-002-282x300.png 282w, https:\/\/somekco.com.vn\/wp-content\/uploads\/2025\/04\/nha-may-somekco-002-768x817.png 768w, https:\/\/somekco.com.vn\/wp-content\/uploads\/2025\/04\/nha-may-somekco-002-1444x1536.png 1444w, https:\/\/somekco.com.vn\/wp-content\/uploads\/2025\/04\/nha-may-somekco-002-11x12.png 11w, https:\/\/somekco.com.vn\/wp-content\/uploads\/2025\/04\/nha-may-somekco-002.png 1494w\" sizes=\"(max-width: 800px) 100vw, 800px\" \/>\t\t\t\t\t\t\t\t\t\t\t\t\t\t\t<\/div>\n\t\t\t\t<\/div>\n\t\t\t\t<\/div>\n\t\t<div class=\"elementor-element elementor-element-9e7ff94 e-con-full e-flex e-con e-child\" data-id=\"9e7ff94\" data-element_type=\"container\">\n\t\t\t\t<div class=\"elementor-element elementor-element-d585cc5 elementor-widget elementor-widget-heading\" data-id=\"d585cc5\" data-element_type=\"widget\" data-widget_type=\"heading.default\">\n\t\t\t\t<div class=\"elementor-widget-container\">\n\t\t\t\t\t<h2 class=\"elementor-heading-title elementor-size-default\">10,000\u5e73\u65b9\u7c73\u5de5\u5382 <br>\n\u548c\u8bbe\u5907<\/h2>\t\t\t\t<\/div>\n\t\t\t\t<\/div>\n\t\t\t\t<div class=\"elementor-element elementor-element-5402b03 elementor-widget elementor-widget-text-editor\" data-id=\"5402b03\" data-element_type=\"widget\" data-widget_type=\"text-editor.default\">\n\t\t\t\t<div class=\"elementor-widget-container\">\n\t\t\t\t\t\t\t\t\t<p style=\"text-align: justify;\">\u6211\u4eec\u7684\u5de5\u5382\u4f4d\u4e8e\u8d8a\u5357\u6930\u5b50\u4e4b\u90fd\u69df\u6925\u7701\u4e2d\u5fc3\u5730\u5e26\uff0c\u5360\u5730\u9762\u79ef 10,000 \u5e73\u65b9\u7c73\u3002\u8fd9\u4e00\u6218\u7565\u4f4d\u7f6e\u4f7f\u6211\u4eec\u80fd\u591f\u91c7\u8d2d\u6700\u597d\u7684\u539f\u6750\u6599\uff0c\u786e\u4fdd\u6211\u4eec\u7684\u4ea7\u54c1\u53d7\u76ca\u4e8e\u8be5\u5730\u533a\u80a5\u6c83\u7684\u571f\u58e4\u548c\u81ea\u7136\u8d44\u6e90\u3002<\/p><p style=\"text-align: justify;\">SOMEKCO BEN TRE FACTORY \u7531 VPM \u516c\u53f8\u4e8e 2007 \u5e74\u521b\u7acb\uff0c\u5176\u8bbe\u8ba1\u65e8\u5728\u4ee3\u8868\u6548\u7387\u3001\u53ef\u6301\u7eed\u6027\u548c\u521b\u65b0\u3002<br \/>\u5176\u89c4\u6a21\u548c\u6700\u5148\u8fdb\u7684\u57fa\u7840\u8bbe\u65bd\u4f7f\u6211\u4eec\u80fd\u591f\u52a0\u5de5\u5927\u91cf\u6930\u5b50\uff0c\u540c\u65f6\u4fdd\u6301\u6700\u9ad8\u7684\u8d28\u91cf\u548c\u65b0\u9c9c\u5ea6\u6807\u51c6\u3002<\/p><p style=\"text-align: justify;\">\u6211\u4eec\u7684\u5de5\u5382\u4e0d\u4ec5\u4ec5\u662f\u4e00\u4e2a\u8bbe\u65bd\uff0c\u5b83\u8fd8\u662f\u4f20\u7edf\u4e0e\u6280\u672f\u76f8\u7ed3\u5408\u7684\u4e2d\u5fc3\uff0c\u5728\u8fd9\u91cc\u751f\u4ea7\u6700\u597d\u7684\u8d8a\u5357\u6930\u5b50\u4ee5\u6ee1\u8db3\u4e16\u754c\u5404\u5730\u5ba2\u6237\u7684\u9700\u6c42\u3002<\/p>\t\t\t\t\t\t\t\t<\/div>\n\t\t\t\t<\/div>\n\t\t\t\t<\/div>\n\t\t\t\t\t<\/div>\n\t\t\t\t<\/div>\n\t\t\t\t<\/div>","protected":false},"excerpt":{"rendered":"<p>\u6211\u4eec\u7684\u5de5\u5382\u6211\u4eec\u7684 Ben Tre \u6930\u5b50\u7684\u8d28\u91cf\u4e0d\u900a\u4e8e\u4e16\u754c\u4e0a\u4efb\u4f55\u4e00\u4e2a\u56fd\u5bb6\uff0c\u6211\u4eec\u6709\u8ba4\u8bc1\u53ef\u4ee5\u8bc1\u660e\u8fd9\u4e00\u70b9\u3002\u6211\u4eec\u7684\u5de5\u5382\u6211\u4eec\u7684 Ben Tre \u6930\u5b50\u7684\u8d28\u91cf\u4e0d\u900a\u4e8e\u4e16\u754c\u4e0a\u4efb\u4f55\u4e00\u4e2a\u56fd\u5bb6 [\u2026]<\/p>","protected":false},"author":1,"featured_media":0,"parent":0,"menu_order":0,"comment_status":"closed","ping_status":"closed","template":"elementor_header_footer","meta":{"footnotes":""},"class_list":["post-195","page","type-page","status-publish","hentry"],"yoast_head":"<!-- This site is optimized with the Yoast SEO Premium plugin v24.8 (Yoast SEO v24.8) - https:\/\/yoast.com\/wordpress\/plugins\/seo\/ -->\n<title>Nh\u00e0 m\u00e1y - SOMEKCO<\/title>\n<meta name=\"robots\" content=\"index, follow, max-snippet:-1, max-image-preview:large, max-video-preview:-1\" \/>\n<link rel=\"canonical\" href=\"https:\/\/somekco.com.vn\/zh\/nha-may\/\" \/>\n<meta property=\"og:locale\" content=\"zh_CN\" \/>\n<meta property=\"og:type\" content=\"article\" \/>\n<meta property=\"og:title\" content=\"Nh\u00e0 m\u00e1y\" \/>\n<meta property=\"og:description\" content=\"Nh\u00e0 m\u00e1y c\u1ee7a ch\u00fang t\u00f4iCh\u1ea5t l\u01b0\u1ee3ng d\u1eeba B\u1ebfn Tre c\u1ee7a ch\u00fang t\u00f4i kh\u00f4ng thua k\u00e9m b\u1ea5t k\u1ef3 qu\u1ed1c gia n\u00e0o tr\u00ean th\u1ebf gi\u1edbi, v\u00e0 ch\u00fang t\u00f4i c\u00f3 ch\u1ee9ng nh\u1eadn \u0111\u1ec3 ch\u1ee9ng minh \u0111i\u1ec1u \u0111\u00f3.Nh\u00e0 m\u00e1y c\u1ee7a ch\u00fang t\u00f4iCh\u1ea5t l\u01b0\u1ee3ng d\u1eeba B\u1ebfn Tre c\u1ee7a ch\u00fang t\u00f4i kh\u00f4ng thua k\u00e9m b\u1ea5t k\u1ef3 qu\u1ed1c gia n\u00e0o tr\u00ean th\u1ebf [&hellip;]\" \/>\n<meta property=\"og:url\" content=\"https:\/\/somekco.com.vn\/zh\/nha-may\/\" \/>\n<meta property=\"og:site_name\" content=\"SOMEKCO\" \/>\n<meta property=\"article:modified_time\" content=\"2025-05-02T23:11:58+00:00\" \/>\n<meta property=\"og:image\" content=\"https:\/\/somekco.com.vn\/wp-content\/uploads\/2025\/04\/nha-may-somekco-001.png\" \/>\n\t<meta property=\"og:image:width\" content=\"1877\" \/>\n\t<meta property=\"og:image:height\" content=\"1218\" \/>\n\t<meta property=\"og:image:type\" content=\"image\/png\" \/>\n<meta name=\"twitter:card\" content=\"summary_large_image\" \/>\n<meta name=\"twitter:label1\" content=\"\u9884\u8ba1\u9605\u8bfb\u65f6\u95f4\" \/>\n\t<meta name=\"twitter:data1\" content=\"4 \u5206\" \/>\n<script type=\"application\/ld+json\" class=\"yoast-schema-graph\">{\"@context\":\"https:\/\/schema.org\",\"@graph\":[{\"@type\":\"WebPage\",\"@id\":\"https:\/\/somekco.com.vn\/nha-may\/\",\"url\":\"https:\/\/somekco.com.vn\/nha-may\/\",\"name\":\"Nh\u00e0 m\u00e1y - SOMEKCO\",\"isPartOf\":{\"@id\":\"https:\/\/somekco.com.vn\/#website\"},\"primaryImageOfPage\":{\"@id\":\"https:\/\/somekco.com.vn\/nha-may\/#primaryimage\"},\"image\":{\"@id\":\"https:\/\/somekco.com.vn\/nha-may\/#primaryimage\"},\"thumbnailUrl\":\"https:\/\/somekco.com.vn\/wp-content\/uploads\/2025\/04\/nha-may-somekco-001-1024x664.png\",\"datePublished\":\"2025-04-10T13:15:51+00:00\",\"dateModified\":\"2025-05-02T23:11:58+00:00\",\"breadcrumb\":{\"@id\":\"https:\/\/somekco.com.vn\/nha-may\/#breadcrumb\"},\"inLanguage\":\"zh-Hans\",\"potentialAction\":[{\"@type\":\"ReadAction\",\"target\":[\"https:\/\/somekco.com.vn\/nha-may\/\"]}]},{\"@type\":\"ImageObject\",\"inLanguage\":\"zh-Hans\",\"@id\":\"https:\/\/somekco.com.vn\/nha-may\/#primaryimage\",\"url\":\"https:\/\/somekco.com.vn\/wp-content\/uploads\/2025\/04\/nha-may-somekco-001-1024x664.png\",\"contentUrl\":\"https:\/\/somekco.com.vn\/wp-content\/uploads\/2025\/04\/nha-may-somekco-001-1024x664.png\"},{\"@type\":\"BreadcrumbList\",\"@id\":\"https:\/\/somekco.com.vn\/nha-may\/#breadcrumb\",\"itemListElement\":[{\"@type\":\"ListItem\",\"position\":1,\"name\":\"Trang ch\u1ee7\",\"item\":\"https:\/\/somekco.com.vn\/\"},{\"@type\":\"ListItem\",\"position\":2,\"name\":\"Nh\u00e0 m\u00e1y\"}]},{\"@type\":\"WebSite\",\"@id\":\"https:\/\/somekco.com.vn\/#website\",\"url\":\"https:\/\/somekco.com.vn\/\",\"name\":\"SOMEKCO\",\"description\":\"\",\"publisher\":{\"@id\":\"https:\/\/somekco.com.vn\/#organization\"},\"potentialAction\":[{\"@type\":\"SearchAction\",\"target\":{\"@type\":\"EntryPoint\",\"urlTemplate\":\"https:\/\/somekco.com.vn\/?s={search_term_string}\"},\"query-input\":{\"@type\":\"PropertyValueSpecification\",\"valueRequired\":true,\"valueName\":\"search_term_string\"}}],\"inLanguage\":\"zh-Hans\"},{\"@type\":\"Organization\",\"@id\":\"https:\/\/somekco.com.vn\/#organization\",\"name\":\"SOMEKCO\",\"url\":\"https:\/\/somekco.com.vn\/\",\"logo\":{\"@type\":\"ImageObject\",\"inLanguage\":\"zh-Hans\",\"@id\":\"https:\/\/somekco.com.vn\/#\/schema\/logo\/image\/\",\"url\":\"https:\/\/somekco.com.vn\/wp-content\/uploads\/2025\/04\/logo-somekco.png\",\"contentUrl\":\"https:\/\/somekco.com.vn\/wp-content\/uploads\/2025\/04\/logo-somekco.png\",\"width\":1414,\"height\":529,\"caption\":\"SOMEKCO\"},\"image\":{\"@id\":\"https:\/\/somekco.com.vn\/#\/schema\/logo\/image\/\"}}]}<\/script>\n<!-- \/ Yoast SEO Premium plugin. -->","yoast_head_json":{"title":"Nh\u00e0 m\u00e1y - SOMEKCO","robots":{"index":"index","follow":"follow","max-snippet":"max-snippet:-1","max-image-preview":"max-image-preview:large","max-video-preview":"max-video-preview:-1"},"canonical":"https:\/\/somekco.com.vn\/zh\/nha-may\/","og_locale":"zh_CN","og_type":"article","og_title":"Nh\u00e0 m\u00e1y","og_description":"Nh\u00e0 m\u00e1y c\u1ee7a ch\u00fang t\u00f4iCh\u1ea5t l\u01b0\u1ee3ng d\u1eeba B\u1ebfn Tre c\u1ee7a ch\u00fang t\u00f4i kh\u00f4ng thua k\u00e9m b\u1ea5t k\u1ef3 qu\u1ed1c gia n\u00e0o tr\u00ean th\u1ebf gi\u1edbi, v\u00e0 ch\u00fang t\u00f4i c\u00f3 ch\u1ee9ng nh\u1eadn \u0111\u1ec3 ch\u1ee9ng minh \u0111i\u1ec1u \u0111\u00f3.Nh\u00e0 m\u00e1y c\u1ee7a ch\u00fang t\u00f4iCh\u1ea5t l\u01b0\u1ee3ng d\u1eeba B\u1ebfn Tre c\u1ee7a ch\u00fang t\u00f4i kh\u00f4ng thua k\u00e9m b\u1ea5t k\u1ef3 qu\u1ed1c gia n\u00e0o tr\u00ean th\u1ebf [&hellip;]","og_url":"https:\/\/somekco.com.vn\/zh\/nha-may\/","og_site_name":"SOMEKCO","article_modified_time":"2025-05-02T23:11:58+00:00","og_image":[{"width":1877,"height":1218,"url":"https:\/\/somekco.com.vn\/wp-content\/uploads\/2025\/04\/nha-may-somekco-001.png","type":"image\/png"}],"twitter_card":"summary_large_image","twitter_misc":{"\u9884\u8ba1\u9605\u8bfb\u65f6\u95f4":"4 \u5206"},"schema":{"@context":"https:\/\/schema.org","@graph":[{"@type":"WebPage","@id":"https:\/\/somekco.com.vn\/nha-may\/","url":"https:\/\/somekco.com.vn\/nha-may\/","name":"Nh\u00e0 m\u00e1y - SOMEKCO","isPartOf":{"@id":"https:\/\/somekco.com.vn\/#website"},"primaryImageOfPage":{"@id":"https:\/\/somekco.com.vn\/nha-may\/#primaryimage"},"image":{"@id":"https:\/\/somekco.com.vn\/nha-may\/#primaryimage"},"thumbnailUrl":"https:\/\/somekco.com.vn\/wp-content\/uploads\/2025\/04\/nha-may-somekco-001-1024x664.png","datePublished":"2025-04-10T13:15:51+00:00","dateModified":"2025-05-02T23:11:58+00:00","breadcrumb":{"@id":"https:\/\/somekco.com.vn\/nha-may\/#breadcrumb"},"inLanguage":"zh-Hans","potentialAction":[{"@type":"ReadAction","target":["https:\/\/somekco.com.vn\/nha-may\/"]}]},{"@type":"ImageObject","inLanguage":"zh-Hans","@id":"https:\/\/somekco.com.vn\/nha-may\/#primaryimage","url":"https:\/\/somekco.com.vn\/wp-content\/uploads\/2025\/04\/nha-may-somekco-001-1024x664.png","contentUrl":"https:\/\/somekco.com.vn\/wp-content\/uploads\/2025\/04\/nha-may-somekco-001-1024x664.png"},{"@type":"BreadcrumbList","@id":"https:\/\/somekco.com.vn\/nha-may\/#breadcrumb","itemListElement":[{"@type":"ListItem","position":1,"name":"Trang ch\u1ee7","item":"https:\/\/somekco.com.vn\/"},{"@type":"ListItem","position":2,"name":"Nh\u00e0 m\u00e1y"}]},{"@type":"WebSite","@id":"https:\/\/somekco.com.vn\/#website","url":"https:\/\/somekco.com.vn\/","name":"SOMEKCO","description":"","publisher":{"@id":"https:\/\/somekco.com.vn\/#organization"},"potentialAction":[{"@type":"SearchAction","target":{"@type":"EntryPoint","urlTemplate":"https:\/\/somekco.com.vn\/?s={search_term_string}"},"query-input":{"@type":"PropertyValueSpecification","valueRequired":true,"valueName":"search_term_string"}}],"inLanguage":"zh-Hans"},{"@type":"Organization","@id":"https:\/\/somekco.com.vn\/#organization","name":"SOMEKCO","url":"https:\/\/somekco.com.vn\/","logo":{"@type":"ImageObject","inLanguage":"zh-Hans","@id":"https:\/\/somekco.com.vn\/#\/schema\/logo\/image\/","url":"https:\/\/somekco.com.vn\/wp-content\/uploads\/2025\/04\/logo-somekco.png","contentUrl":"https:\/\/somekco.com.vn\/wp-content\/uploads\/2025\/04\/logo-somekco.png","width":1414,"height":529,"caption":"SOMEKCO"},"image":{"@id":"https:\/\/somekco.com.vn\/#\/schema\/logo\/image\/"}}]}},"_links":{"self":[{"href":"https:\/\/somekco.com.vn\/zh\/wp-json\/wp\/v2\/pages\/195","targetHints":{"allow":["GET"]}}],"collection":[{"href":"https:\/\/somekco.com.vn\/zh\/wp-json\/wp\/v2\/pages"}],"about":[{"href":"https:\/\/somekco.com.vn\/zh\/wp-json\/wp\/v2\/types\/page"}],"author":[{"embeddable":true,"href":"https:\/\/somekco.com.vn\/zh\/wp-json\/wp\/v2\/users\/1"}],"replies":[{"embeddable":true,"href":"https:\/\/somekco.com.vn\/zh\/wp-json\/wp\/v2\/comments?post=195"}],"version-history":[{"count":35,"href":"https:\/\/somekco.com.vn\/zh\/wp-json\/wp\/v2\/pages\/195\/revisions"}],"predecessor-version":[{"id":1028,"href":"https:\/\/somekco.com.vn\/zh\/wp-json\/wp\/v2\/pages\/195\/revisions\/1028"}],"wp:attachment":[{"href":"https:\/\/somekco.com.vn\/zh\/wp-json\/wp\/v2\/media?parent=195"}],"curies":[{"name":"wp","href":"https:\/\/api.w.org\/{rel}","templated":true}]}}