{"id":457,"date":"2025-04-14T02:08:52","date_gmt":"2025-04-14T02:08:52","guid":{"rendered":"https:\/\/somekco.123websitedev.com\/?page_id=457"},"modified":"2025-05-03T07:06:35","modified_gmt":"2025-05-03T00:06:35","slug":"easy-coco","status":"publish","type":"page","link":"https:\/\/somekco.com.vn\/en\/san-pham\/easy-coco\/","title":{"rendered":"Easy COCO"},"content":{"rendered":"<div data-elementor-type=\"wp-page\" data-elementor-id=\"457\" class=\"elementor elementor-457\" data-elementor-post-type=\"page\">\n\t\t\t\t<div class=\"elementor-element elementor-element-edc26db e-flex e-con-boxed elementor-invisible e-con e-parent\" data-id=\"edc26db\" data-element_type=\"container\" data-settings=\"{&quot;background_background&quot;:&quot;classic&quot;,&quot;animation&quot;:&quot;fadeInLeft&quot;}\">\n\t\t\t\t\t<div class=\"e-con-inner\">\n\t\t<div class=\"elementor-element elementor-element-05ceaf7 e-con-full e-flex e-con e-child\" data-id=\"05ceaf7\" data-element_type=\"container\">\n\t\t\t\t<div class=\"elementor-element elementor-element-cd5c77b elementor-widget elementor-widget-heading\" data-id=\"cd5c77b\" data-element_type=\"widget\" data-widget_type=\"heading.default\">\n\t\t\t\t<div class=\"elementor-widget-container\">\n\t\t\t\t\t<h1 class=\"elementor-heading-title elementor-size-default\">Easy COCO<\/h1>\t\t\t\t<\/div>\n\t\t\t\t<\/div>\n\t\t\t\t<div class=\"elementor-element elementor-element-8002d64 elementor-widget elementor-widget-text-editor\" data-id=\"8002d64\" data-element_type=\"widget\" data-widget_type=\"text-editor.default\">\n\t\t\t\t<div class=\"elementor-widget-container\">\n\t\t\t\t\t\t\t\t\t<p style=\"text-align: justify;\">Easy COCO brings a unique and convenient coconut water experience, allowing you to enjoy the refreshing taste without the need for knives or cumbersome tools!<\/p>\t\t\t\t\t\t\t\t<\/div>\n\t\t\t\t<\/div>\n\t\t\t\t<div class=\"elementor-element elementor-element-a88a444 elementor-widget elementor-widget-heading\" data-id=\"a88a444\" data-element_type=\"widget\" data-widget_type=\"heading.default\">\n\t\t\t\t<div class=\"elementor-widget-container\">\n\t\t\t\t\t<h2 class=\"elementor-heading-title elementor-size-default\">INSTRUCTIONS FOR USE<\/h2>\t\t\t\t<\/div>\n\t\t\t\t<\/div>\n\t\t\t\t<div class=\"elementor-element elementor-element-4da585f elementor-widget elementor-widget-text-editor\" data-id=\"4da585f\" data-element_type=\"widget\" data-widget_type=\"text-editor.default\">\n\t\t\t\t<div class=\"elementor-widget-container\">\n\t\t\t\t\t\t\t\t\t<p style=\"text-align: justify;\">1. Peel off the sticker and use a pointed straw as a lid pick.<br \/>2. Locate the soft spot marked on the coconut cap.<br \/>3. Press the button down firmly to penetrate the coconut cap (you can use a paper towel to avoid splashing).<br \/>4. Insert the straw and enjoy the pure coconut flavor immediately!<\/p>\t\t\t\t\t\t\t\t<\/div>\n\t\t\t\t<\/div>\n\t\t\t\t<\/div>\n\t\t<div class=\"elementor-element elementor-element-c9b6146 e-con-full e-flex e-con e-child\" data-id=\"c9b6146\" data-element_type=\"container\">\n\t\t\t\t<div class=\"elementor-element elementor-element-ecfa6f8 elementor-widget elementor-widget-image\" data-id=\"ecfa6f8\" data-element_type=\"widget\" data-widget_type=\"image.default\">\n\t\t\t\t<div class=\"elementor-widget-container\">\n\t\t\t\t\t\t\t\t\t\t\t\t\t\t\t<img fetchpriority=\"high\" decoding=\"async\" width=\"800\" height=\"812\" src=\"https:\/\/somekco.com.vn\/wp-content\/uploads\/2025\/04\/easy-coco-product-01-1009x1024.jpg\" class=\"attachment-large size-large wp-image-460\" alt=\"\" srcset=\"https:\/\/somekco.com.vn\/wp-content\/uploads\/2025\/04\/easy-coco-product-01-1009x1024.jpg 1009w, https:\/\/somekco.com.vn\/wp-content\/uploads\/2025\/04\/easy-coco-product-01-296x300.jpg 296w, https:\/\/somekco.com.vn\/wp-content\/uploads\/2025\/04\/easy-coco-product-01-768x780.jpg 768w, https:\/\/somekco.com.vn\/wp-content\/uploads\/2025\/04\/easy-coco-product-01-12x12.jpg 12w, https:\/\/somekco.com.vn\/wp-content\/uploads\/2025\/04\/easy-coco-product-01.jpg 1200w\" sizes=\"(max-width: 800px) 100vw, 800px\" \/>\t\t\t\t\t\t\t\t\t\t\t\t\t\t\t<\/div>\n\t\t\t\t<\/div>\n\t\t\t\t<\/div>\n\t\t\t\t\t<\/div>\n\t\t\t\t<\/div>\n\t\t<div class=\"elementor-element elementor-element-35f43e7 e-flex e-con-boxed elementor-invisible e-con e-parent\" data-id=\"35f43e7\" data-element_type=\"container\" data-settings=\"{&quot;background_background&quot;:&quot;classic&quot;,&quot;animation&quot;:&quot;fadeInRight&quot;}\">\n\t\t\t\t\t<div class=\"e-con-inner\">\n\t\t<div class=\"elementor-element elementor-element-3ed5214 e-con-full e-flex e-con e-child\" data-id=\"3ed5214\" data-element_type=\"container\">\n\t\t\t\t<div class=\"elementor-element elementor-element-5bc23aa elementor-widget elementor-widget-heading\" data-id=\"5bc23aa\" data-element_type=\"widget\" data-widget_type=\"heading.default\">\n\t\t\t\t<div class=\"elementor-widget-container\">\n\t\t\t\t\t<h2 class=\"elementor-heading-title elementor-size-default\">DIVERSE CHOICES<br>\nSUITABLE FOR ALL NEEDS<\/h2>\t\t\t\t<\/div>\n\t\t\t\t<\/div>\n\t\t\t\t<div class=\"elementor-element elementor-element-1f2ddab elementor-widget elementor-widget-text-editor\" data-id=\"1f2ddab\" data-element_type=\"widget\" data-widget_type=\"text-editor.default\">\n\t\t\t\t<div class=\"elementor-widget-container\">\n\t\t\t\t\t\t\t\t\t<p style=\"text-align: justify;\">Flexible packaging options: Choose from 6, 9 or 12-fruit cartons for easy personal, family or business serving.<\/p>\t\t\t\t\t\t\t\t<\/div>\n\t\t\t\t<\/div>\n\t\t\t\t<div class=\"elementor-element elementor-element-1436e4f elementor-widget elementor-widget-heading\" data-id=\"1436e4f\" data-element_type=\"widget\" data-widget_type=\"heading.default\">\n\t\t\t\t<div class=\"elementor-widget-container\">\n\t\t\t\t\t<h3 class=\"elementor-heading-title elementor-size-default\">PRIVATE BRAND\n<\/h3>\t\t\t\t<\/div>\n\t\t\t\t<\/div>\n\t\t\t\t<div class=\"elementor-element elementor-element-854f9aa elementor-widget elementor-widget-text-editor\" data-id=\"854f9aa\" data-element_type=\"widget\" data-widget_type=\"text-editor.default\">\n\t\t\t\t<div class=\"elementor-widget-container\">\n\t\t\t\t\t\t\t\t\t<p style=\"text-align: justify;\">High-class brand positioning: SOMEKCO provides OEM\/ODM services - personalize packaging with your own logo, helping your brand stand out in the market! your way!<\/p>\t\t\t\t\t\t\t\t<\/div>\n\t\t\t\t<\/div>\n\t\t\t\t<\/div>\n\t\t<div class=\"elementor-element elementor-element-0fac861 e-con-full e-flex e-con e-child\" data-id=\"0fac861\" data-element_type=\"container\">\n\t\t\t\t<div class=\"elementor-element elementor-element-14a0200 elementor-widget elementor-widget-image\" data-id=\"14a0200\" data-element_type=\"widget\" data-widget_type=\"image.default\">\n\t\t\t\t<div class=\"elementor-widget-container\">\n\t\t\t\t\t\t\t\t\t\t\t\t\t\t\t<img decoding=\"async\" width=\"800\" height=\"592\" src=\"https:\/\/somekco.com.vn\/wp-content\/uploads\/2025\/04\/easy-coco-product-02.jpg\" class=\"attachment-large size-large wp-image-461\" alt=\"\" srcset=\"https:\/\/somekco.com.vn\/wp-content\/uploads\/2025\/04\/easy-coco-product-02.jpg 840w, https:\/\/somekco.com.vn\/wp-content\/uploads\/2025\/04\/easy-coco-product-02-300x222.jpg 300w, https:\/\/somekco.com.vn\/wp-content\/uploads\/2025\/04\/easy-coco-product-02-768x569.jpg 768w, https:\/\/somekco.com.vn\/wp-content\/uploads\/2025\/04\/easy-coco-product-02-16x12.jpg 16w\" sizes=\"(max-width: 800px) 100vw, 800px\" \/>\t\t\t\t\t\t\t\t\t\t\t\t\t\t\t<\/div>\n\t\t\t\t<\/div>\n\t\t\t\t<\/div>\n\t\t\t\t\t<\/div>\n\t\t\t\t<\/div>\n\t\t\t\t<\/div>","protected":false},"excerpt":{"rendered":"<p>Easy COCO Easy COCO brings a unique and convenient coconut water experience, helping you enjoy the fresh taste without the need for knives or cumbersome tools! INSTRUCTIONS FOR USE 1. Peel off the sticker and use a pointed straw as a lid opener.2. Determine [\u2026]<\/p>","protected":false},"author":1,"featured_media":0,"parent":21,"menu_order":0,"comment_status":"closed","ping_status":"closed","template":"elementor_header_footer","meta":{"footnotes":""},"class_list":["post-457","page","type-page","status-publish","hentry"],"yoast_head":"<!-- This site is optimized with the Yoast SEO Premium plugin v24.8 (Yoast SEO v24.8) - https:\/\/yoast.com\/wordpress\/plugins\/seo\/ -->\n<title>Easy COCO - SOMEKCO<\/title>\n<meta name=\"robots\" content=\"index, follow, max-snippet:-1, max-image-preview:large, max-video-preview:-1\" \/>\n<link rel=\"canonical\" href=\"https:\/\/somekco.com.vn\/en\/san-pham\/easy-coco\/\" \/>\n<meta property=\"og:locale\" content=\"en_US\" \/>\n<meta property=\"og:type\" content=\"article\" \/>\n<meta property=\"og:title\" content=\"Easy COCO\" \/>\n<meta property=\"og:description\" content=\"Easy COCO Easy COCO mang \u0111\u1ebfn tr\u1ea3i nghi\u1ec7m th\u01b0\u1edfng th\u1ee9c n\u01b0\u1edbc d\u1eeba \u0111\u1ed9c \u0111\u00e1o v\u00e0 ti\u1ec7n l\u1ee3i, gi\u00fap b\u1ea1n t\u1eadn h\u01b0\u1edfng v\u1ecb t\u01b0\u01a1i m\u00e1t m\u00e0 kh\u00f4ng c\u1ea7n dao hay d\u1ee5ng c\u1ee5 l\u1ec9nh k\u1ec9nh! H\u01af\u1edaNG D\u1eaaN S\u1eec D\u1ee4NG 1. B\u00f3c mi\u1ebfng d\u00e1n v\u00e0 l\u1ea5y \u1ed1ng h\u00fat c\u00f3 \u0111\u1ea7u nh\u1ecdn l\u00e0m d\u1ee5ng c\u1ee5 ch\u1ecdc n\u1eafp.2. X\u00e1c \u0111\u1ecbnh [&hellip;]\" \/>\n<meta property=\"og:url\" content=\"https:\/\/somekco.com.vn\/en\/san-pham\/easy-coco\/\" \/>\n<meta property=\"og:site_name\" content=\"SOMEKCO\" \/>\n<meta property=\"article:modified_time\" content=\"2025-05-03T00:06:35+00:00\" \/>\n<meta property=\"og:image\" content=\"https:\/\/somekco.com.vn\/wp-content\/uploads\/2025\/04\/easy-coco-product-01.jpg\" \/>\n\t<meta property=\"og:image:width\" content=\"1200\" \/>\n\t<meta property=\"og:image:height\" content=\"1218\" \/>\n\t<meta property=\"og:image:type\" content=\"image\/jpeg\" \/>\n<meta name=\"twitter:card\" content=\"summary_large_image\" \/>\n<meta name=\"twitter:label1\" content=\"Est. reading time\" \/>\n\t<meta name=\"twitter:data1\" content=\"2 minutes\" \/>\n<script type=\"application\/ld+json\" class=\"yoast-schema-graph\">{\"@context\":\"https:\/\/schema.org\",\"@graph\":[{\"@type\":\"WebPage\",\"@id\":\"https:\/\/somekco.com.vn\/san-pham\/easy-coco\/\",\"url\":\"https:\/\/somekco.com.vn\/san-pham\/easy-coco\/\",\"name\":\"Easy COCO - SOMEKCO\",\"isPartOf\":{\"@id\":\"https:\/\/somekco.com.vn\/#website\"},\"primaryImageOfPage\":{\"@id\":\"https:\/\/somekco.com.vn\/san-pham\/easy-coco\/#primaryimage\"},\"image\":{\"@id\":\"https:\/\/somekco.com.vn\/san-pham\/easy-coco\/#primaryimage\"},\"thumbnailUrl\":\"https:\/\/somekco.com.vn\/wp-content\/uploads\/2025\/04\/easy-coco-product-01-1009x1024.jpg\",\"datePublished\":\"2025-04-14T02:08:52+00:00\",\"dateModified\":\"2025-05-03T00:06:35+00:00\",\"breadcrumb\":{\"@id\":\"https:\/\/somekco.com.vn\/san-pham\/easy-coco\/#breadcrumb\"},\"inLanguage\":\"en-US\",\"potentialAction\":[{\"@type\":\"ReadAction\",\"target\":[\"https:\/\/somekco.com.vn\/san-pham\/easy-coco\/\"]}]},{\"@type\":\"ImageObject\",\"inLanguage\":\"en-US\",\"@id\":\"https:\/\/somekco.com.vn\/san-pham\/easy-coco\/#primaryimage\",\"url\":\"https:\/\/somekco.com.vn\/wp-content\/uploads\/2025\/04\/easy-coco-product-01-1009x1024.jpg\",\"contentUrl\":\"https:\/\/somekco.com.vn\/wp-content\/uploads\/2025\/04\/easy-coco-product-01-1009x1024.jpg\"},{\"@type\":\"BreadcrumbList\",\"@id\":\"https:\/\/somekco.com.vn\/san-pham\/easy-coco\/#breadcrumb\",\"itemListElement\":[{\"@type\":\"ListItem\",\"position\":1,\"name\":\"Trang ch\u1ee7\",\"item\":\"https:\/\/somekco.com.vn\/\"},{\"@type\":\"ListItem\",\"position\":2,\"name\":\"S\u1ea3n ph\u1ea9m\",\"item\":\"https:\/\/somekco.com.vn\/san-pham\/\"},{\"@type\":\"ListItem\",\"position\":3,\"name\":\"Easy COCO\"}]},{\"@type\":\"WebSite\",\"@id\":\"https:\/\/somekco.com.vn\/#website\",\"url\":\"https:\/\/somekco.com.vn\/\",\"name\":\"SOMEKCO\",\"description\":\"\",\"publisher\":{\"@id\":\"https:\/\/somekco.com.vn\/#organization\"},\"potentialAction\":[{\"@type\":\"SearchAction\",\"target\":{\"@type\":\"EntryPoint\",\"urlTemplate\":\"https:\/\/somekco.com.vn\/?s={search_term_string}\"},\"query-input\":{\"@type\":\"PropertyValueSpecification\",\"valueRequired\":true,\"valueName\":\"search_term_string\"}}],\"inLanguage\":\"en-US\"},{\"@type\":\"Organization\",\"@id\":\"https:\/\/somekco.com.vn\/#organization\",\"name\":\"SOMEKCO\",\"url\":\"https:\/\/somekco.com.vn\/\",\"logo\":{\"@type\":\"ImageObject\",\"inLanguage\":\"en-US\",\"@id\":\"https:\/\/somekco.com.vn\/#\/schema\/logo\/image\/\",\"url\":\"https:\/\/somekco.com.vn\/wp-content\/uploads\/2025\/04\/logo-somekco.png\",\"contentUrl\":\"https:\/\/somekco.com.vn\/wp-content\/uploads\/2025\/04\/logo-somekco.png\",\"width\":1414,\"height\":529,\"caption\":\"SOMEKCO\"},\"image\":{\"@id\":\"https:\/\/somekco.com.vn\/#\/schema\/logo\/image\/\"}}]}<\/script>\n<!-- \/ Yoast SEO Premium plugin. -->","yoast_head_json":{"title":"Easy COCO - SOMEKCO","robots":{"index":"index","follow":"follow","max-snippet":"max-snippet:-1","max-image-preview":"max-image-preview:large","max-video-preview":"max-video-preview:-1"},"canonical":"https:\/\/somekco.com.vn\/en\/san-pham\/easy-coco\/","og_locale":"en_US","og_type":"article","og_title":"Easy COCO","og_description":"Easy COCO Easy COCO mang \u0111\u1ebfn tr\u1ea3i nghi\u1ec7m th\u01b0\u1edfng th\u1ee9c n\u01b0\u1edbc d\u1eeba \u0111\u1ed9c \u0111\u00e1o v\u00e0 ti\u1ec7n l\u1ee3i, gi\u00fap b\u1ea1n t\u1eadn h\u01b0\u1edfng v\u1ecb t\u01b0\u01a1i m\u00e1t m\u00e0 kh\u00f4ng c\u1ea7n dao hay d\u1ee5ng c\u1ee5 l\u1ec9nh k\u1ec9nh! H\u01af\u1edaNG D\u1eaaN S\u1eec D\u1ee4NG 1. B\u00f3c mi\u1ebfng d\u00e1n v\u00e0 l\u1ea5y \u1ed1ng h\u00fat c\u00f3 \u0111\u1ea7u nh\u1ecdn l\u00e0m d\u1ee5ng c\u1ee5 ch\u1ecdc n\u1eafp.2. X\u00e1c \u0111\u1ecbnh [&hellip;]","og_url":"https:\/\/somekco.com.vn\/en\/san-pham\/easy-coco\/","og_site_name":"SOMEKCO","article_modified_time":"2025-05-03T00:06:35+00:00","og_image":[{"width":1200,"height":1218,"url":"https:\/\/somekco.com.vn\/wp-content\/uploads\/2025\/04\/easy-coco-product-01.jpg","type":"image\/jpeg"}],"twitter_card":"summary_large_image","twitter_misc":{"Est. reading time":"2 minutes"},"schema":{"@context":"https:\/\/schema.org","@graph":[{"@type":"WebPage","@id":"https:\/\/somekco.com.vn\/san-pham\/easy-coco\/","url":"https:\/\/somekco.com.vn\/san-pham\/easy-coco\/","name":"Easy COCO - SOMEKCO","isPartOf":{"@id":"https:\/\/somekco.com.vn\/#website"},"primaryImageOfPage":{"@id":"https:\/\/somekco.com.vn\/san-pham\/easy-coco\/#primaryimage"},"image":{"@id":"https:\/\/somekco.com.vn\/san-pham\/easy-coco\/#primaryimage"},"thumbnailUrl":"https:\/\/somekco.com.vn\/wp-content\/uploads\/2025\/04\/easy-coco-product-01-1009x1024.jpg","datePublished":"2025-04-14T02:08:52+00:00","dateModified":"2025-05-03T00:06:35+00:00","breadcrumb":{"@id":"https:\/\/somekco.com.vn\/san-pham\/easy-coco\/#breadcrumb"},"inLanguage":"en-US","potentialAction":[{"@type":"ReadAction","target":["https:\/\/somekco.com.vn\/san-pham\/easy-coco\/"]}]},{"@type":"ImageObject","inLanguage":"en-US","@id":"https:\/\/somekco.com.vn\/san-pham\/easy-coco\/#primaryimage","url":"https:\/\/somekco.com.vn\/wp-content\/uploads\/2025\/04\/easy-coco-product-01-1009x1024.jpg","contentUrl":"https:\/\/somekco.com.vn\/wp-content\/uploads\/2025\/04\/easy-coco-product-01-1009x1024.jpg"},{"@type":"BreadcrumbList","@id":"https:\/\/somekco.com.vn\/san-pham\/easy-coco\/#breadcrumb","itemListElement":[{"@type":"ListItem","position":1,"name":"Trang ch\u1ee7","item":"https:\/\/somekco.com.vn\/"},{"@type":"ListItem","position":2,"name":"S\u1ea3n ph\u1ea9m","item":"https:\/\/somekco.com.vn\/san-pham\/"},{"@type":"ListItem","position":3,"name":"Easy COCO"}]},{"@type":"WebSite","@id":"https:\/\/somekco.com.vn\/#website","url":"https:\/\/somekco.com.vn\/","name":"SOMEKCO","description":"","publisher":{"@id":"https:\/\/somekco.com.vn\/#organization"},"potentialAction":[{"@type":"SearchAction","target":{"@type":"EntryPoint","urlTemplate":"https:\/\/somekco.com.vn\/?s={search_term_string}"},"query-input":{"@type":"PropertyValueSpecification","valueRequired":true,"valueName":"search_term_string"}}],"inLanguage":"en-US"},{"@type":"Organization","@id":"https:\/\/somekco.com.vn\/#organization","name":"SOMEKCO","url":"https:\/\/somekco.com.vn\/","logo":{"@type":"ImageObject","inLanguage":"en-US","@id":"https:\/\/somekco.com.vn\/#\/schema\/logo\/image\/","url":"https:\/\/somekco.com.vn\/wp-content\/uploads\/2025\/04\/logo-somekco.png","contentUrl":"https:\/\/somekco.com.vn\/wp-content\/uploads\/2025\/04\/logo-somekco.png","width":1414,"height":529,"caption":"SOMEKCO"},"image":{"@id":"https:\/\/somekco.com.vn\/#\/schema\/logo\/image\/"}}]}},"_links":{"self":[{"href":"https:\/\/somekco.com.vn\/en\/wp-json\/wp\/v2\/pages\/457","targetHints":{"allow":["GET"]}}],"collection":[{"href":"https:\/\/somekco.com.vn\/en\/wp-json\/wp\/v2\/pages"}],"about":[{"href":"https:\/\/somekco.com.vn\/en\/wp-json\/wp\/v2\/types\/page"}],"author":[{"embeddable":true,"href":"https:\/\/somekco.com.vn\/en\/wp-json\/wp\/v2\/users\/1"}],"replies":[{"embeddable":true,"href":"https:\/\/somekco.com.vn\/en\/wp-json\/wp\/v2\/comments?post=457"}],"version-history":[{"count":16,"href":"https:\/\/somekco.com.vn\/en\/wp-json\/wp\/v2\/pages\/457\/revisions"}],"predecessor-version":[{"id":1050,"href":"https:\/\/somekco.com.vn\/en\/wp-json\/wp\/v2\/pages\/457\/revisions\/1050"}],"up":[{"embeddable":true,"href":"https:\/\/somekco.com.vn\/en\/wp-json\/wp\/v2\/pages\/21"}],"wp:attachment":[{"href":"https:\/\/somekco.com.vn\/en\/wp-json\/wp\/v2\/media?parent=457"}],"curies":[{"name":"wp","href":"https:\/\/api.w.org\/{rel}","templated":true}]}}