{"id":432,"date":"2025-04-14T01:30:38","date_gmt":"2025-04-14T01:30:38","guid":{"rendered":"https:\/\/somekco.123websitedev.com\/?page_id=432"},"modified":"2025-05-03T07:03:14","modified_gmt":"2025-05-03T00:03:14","slug":"king-coco","status":"publish","type":"page","link":"https:\/\/somekco.com.vn\/en\/san-pham\/king-coco\/","title":{"rendered":"King COCO"},"content":{"rendered":"<div data-elementor-type=\"wp-page\" data-elementor-id=\"432\" class=\"elementor elementor-432\" data-elementor-post-type=\"page\">\n\t\t\t\t<div class=\"elementor-element elementor-element-edc26db e-flex e-con-boxed e-con e-parent\" data-id=\"edc26db\" data-element_type=\"container\" data-settings=\"{&quot;background_background&quot;:&quot;classic&quot;}\">\n\t\t\t\t\t<div class=\"e-con-inner\">\n\t\t<div class=\"elementor-element elementor-element-05ceaf7 e-con-full e-flex elementor-invisible e-con e-child\" data-id=\"05ceaf7\" data-element_type=\"container\" data-settings=\"{&quot;animation&quot;:&quot;fadeInLeft&quot;}\">\n\t\t\t\t<div class=\"elementor-element elementor-element-cd5c77b elementor-widget elementor-widget-heading\" data-id=\"cd5c77b\" data-element_type=\"widget\" data-widget_type=\"heading.default\">\n\t\t\t\t<div class=\"elementor-widget-container\">\n\t\t\t\t\t<h1 class=\"elementor-heading-title elementor-size-default\">King COCO<\/h1>\t\t\t\t<\/div>\n\t\t\t\t<\/div>\n\t\t\t\t<div class=\"elementor-element elementor-element-8002d64 elementor-widget elementor-widget-text-editor\" data-id=\"8002d64\" data-element_type=\"widget\" data-widget_type=\"text-editor.default\">\n\t\t\t\t<div class=\"elementor-widget-container\">\n\t\t\t\t\t\t\t\t\t<p style=\"text-align: justify;\">With just one click, you have a glass of fresh, sweet, 100% organic coconut water from Ben Tre - no preservatives, no additives, only natural purity! King COCO brings you a convenient experience of enjoying fresh coconut, no effort, no knife, no mess!<\/p><p style=\"text-align: justify;\">Eco-friendly \u2013 Lid and straw are made from biodegradable material, allowing you to fully enjoy the natural flavors while protecting the planet.<\/p>\t\t\t\t\t\t\t\t<\/div>\n\t\t\t\t<\/div>\n\t\t\t\t<\/div>\n\t\t<div class=\"elementor-element elementor-element-c9b6146 e-con-full e-flex elementor-invisible e-con e-child\" data-id=\"c9b6146\" data-element_type=\"container\" data-settings=\"{&quot;animation&quot;:&quot;fadeInRight&quot;}\">\n\t\t\t\t<div class=\"elementor-element elementor-element-ecfa6f8 elementor-widget elementor-widget-image\" data-id=\"ecfa6f8\" data-element_type=\"widget\" data-widget_type=\"image.default\">\n\t\t\t\t<div class=\"elementor-widget-container\">\n\t\t\t\t\t\t\t\t\t\t\t\t\t\t\t<img fetchpriority=\"high\" decoding=\"async\" width=\"800\" height=\"600\" src=\"https:\/\/somekco.com.vn\/wp-content\/uploads\/2025\/04\/san-pham-king-coco-hinh-1.jpg\" class=\"attachment-large size-large wp-image-375\" alt=\"\" srcset=\"https:\/\/somekco.com.vn\/wp-content\/uploads\/2025\/04\/san-pham-king-coco-hinh-1.jpg 800w, https:\/\/somekco.com.vn\/wp-content\/uploads\/2025\/04\/san-pham-king-coco-hinh-1-300x225.jpg 300w, https:\/\/somekco.com.vn\/wp-content\/uploads\/2025\/04\/san-pham-king-coco-hinh-1-768x576.jpg 768w, https:\/\/somekco.com.vn\/wp-content\/uploads\/2025\/04\/san-pham-king-coco-hinh-1-16x12.jpg 16w\" sizes=\"(max-width: 800px) 100vw, 800px\" \/>\t\t\t\t\t\t\t\t\t\t\t\t\t\t\t<\/div>\n\t\t\t\t<\/div>\n\t\t\t\t<\/div>\n\t\t\t\t\t<\/div>\n\t\t\t\t<\/div>\n\t\t<div class=\"elementor-element elementor-element-adb9ec2 e-flex e-con-boxed e-con e-parent\" data-id=\"adb9ec2\" data-element_type=\"container\" data-settings=\"{&quot;background_background&quot;:&quot;classic&quot;}\">\n\t\t\t\t\t<div class=\"e-con-inner\">\n\t\t<div class=\"elementor-element elementor-element-209bd61 e-con-full e-flex elementor-invisible e-con e-child\" data-id=\"209bd61\" data-element_type=\"container\" data-settings=\"{&quot;animation&quot;:&quot;fadeInDown&quot;}\">\n\t\t\t\t<div class=\"elementor-element elementor-element-7928fde elementor-widget elementor-widget-heading\" data-id=\"7928fde\" data-element_type=\"widget\" data-widget_type=\"heading.default\">\n\t\t\t\t<div class=\"elementor-widget-container\">\n\t\t\t\t\t<h2 class=\"elementor-heading-title elementor-size-default\">INSTRUCTIONS FOR USE<\/h2>\t\t\t\t<\/div>\n\t\t\t\t<\/div>\n\t\t\t\t<div class=\"elementor-element elementor-element-d361fd3 elementor-widget elementor-widget-image\" data-id=\"d361fd3\" data-element_type=\"widget\" data-widget_type=\"image.default\">\n\t\t\t\t<div class=\"elementor-widget-container\">\n\t\t\t\t\t\t\t\t\t\t\t\t\t\t\t<img decoding=\"async\" width=\"800\" height=\"269\" src=\"https:\/\/somekco.com.vn\/wp-content\/uploads\/2025\/04\/step-by-step-1024x344.png\" class=\"attachment-large size-large wp-image-442\" alt=\"\" srcset=\"https:\/\/somekco.com.vn\/wp-content\/uploads\/2025\/04\/step-by-step-1024x344.png 1024w, https:\/\/somekco.com.vn\/wp-content\/uploads\/2025\/04\/step-by-step-300x101.png 300w, https:\/\/somekco.com.vn\/wp-content\/uploads\/2025\/04\/step-by-step-768x258.png 768w, https:\/\/somekco.com.vn\/wp-content\/uploads\/2025\/04\/step-by-step-1536x517.png 1536w, https:\/\/somekco.com.vn\/wp-content\/uploads\/2025\/04\/step-by-step-18x6.png 18w, https:\/\/somekco.com.vn\/wp-content\/uploads\/2025\/04\/step-by-step.png 1766w\" sizes=\"(max-width: 800px) 100vw, 800px\" \/>\t\t\t\t\t\t\t\t\t\t\t\t\t\t\t<\/div>\n\t\t\t\t<\/div>\n\t\t\t\t<div class=\"elementor-element elementor-element-5348d81 elementor-widget elementor-widget-text-editor\" data-id=\"5348d81\" data-element_type=\"widget\" data-widget_type=\"text-editor.default\">\n\t\t\t\t<div class=\"elementor-widget-container\">\n\t\t\t\t\t\t\t\t\t<p style=\"text-align: justify;\">1. Pull the red safety lock out of the lid.<br \/>2. Use your thumb or palm to press<br \/>down the lid.<br \/>3. Peel off the sticker on the lid.<br \/>4. Insert the straw and enjoy the coconut flavor right away.<br \/>pure!<\/p>\t\t\t\t\t\t\t\t<\/div>\n\t\t\t\t<\/div>\n\t\t\t\t<\/div>\n\t\t<div class=\"elementor-element elementor-element-d19403f e-con-full e-flex elementor-invisible e-con e-child\" data-id=\"d19403f\" data-element_type=\"container\" data-settings=\"{&quot;animation&quot;:&quot;fadeInUp&quot;}\">\n\t\t\t\t<div class=\"elementor-element elementor-element-e4abd8c elementor-widget elementor-widget-image\" data-id=\"e4abd8c\" data-element_type=\"widget\" data-widget_type=\"image.default\">\n\t\t\t\t<div class=\"elementor-widget-container\">\n\t\t\t\t\t\t\t\t\t\t\t\t\t\t\t<img decoding=\"async\" width=\"800\" height=\"802\" src=\"https:\/\/somekco.com.vn\/wp-content\/uploads\/2025\/04\/king-coco-product-02.png\" class=\"attachment-large size-large wp-image-440\" alt=\"\" srcset=\"https:\/\/somekco.com.vn\/wp-content\/uploads\/2025\/04\/king-coco-product-02.png 815w, https:\/\/somekco.com.vn\/wp-content\/uploads\/2025\/04\/king-coco-product-02-300x300.png 300w, https:\/\/somekco.com.vn\/wp-content\/uploads\/2025\/04\/king-coco-product-02-150x150.png 150w, https:\/\/somekco.com.vn\/wp-content\/uploads\/2025\/04\/king-coco-product-02-768x770.png 768w, https:\/\/somekco.com.vn\/wp-content\/uploads\/2025\/04\/king-coco-product-02-12x12.png 12w\" sizes=\"(max-width: 800px) 100vw, 800px\" \/>\t\t\t\t\t\t\t\t\t\t\t\t\t\t\t<\/div>\n\t\t\t\t<\/div>\n\t\t\t\t<\/div>\n\t\t\t\t\t<\/div>\n\t\t\t\t<\/div>\n\t\t<div class=\"elementor-element elementor-element-35f43e7 e-flex e-con-boxed elementor-invisible e-con e-parent\" data-id=\"35f43e7\" data-element_type=\"container\" data-settings=\"{&quot;background_background&quot;:&quot;classic&quot;,&quot;animation&quot;:&quot;fadeInUp&quot;}\">\n\t\t\t\t\t<div class=\"e-con-inner\">\n\t\t<div class=\"elementor-element elementor-element-3ed5214 e-con-full e-flex e-con e-child\" data-id=\"3ed5214\" data-element_type=\"container\">\n\t\t\t\t<div class=\"elementor-element elementor-element-5bc23aa elementor-widget elementor-widget-heading\" data-id=\"5bc23aa\" data-element_type=\"widget\" data-widget_type=\"heading.default\">\n\t\t\t\t<div class=\"elementor-widget-container\">\n\t\t\t\t\t<h2 class=\"elementor-heading-title elementor-size-default\">DIVERSE CHOICES<br>\nSUITABLE FOR ALL NEEDS<\/h2>\t\t\t\t<\/div>\n\t\t\t\t<\/div>\n\t\t\t\t<div class=\"elementor-element elementor-element-1f2ddab elementor-widget elementor-widget-text-editor\" data-id=\"1f2ddab\" data-element_type=\"widget\" data-widget_type=\"text-editor.default\">\n\t\t\t\t<div class=\"elementor-widget-container\">\n\t\t\t\t\t\t\t\t\t<p style=\"text-align: justify;\">Flexible packaging options: Choose from 6, 9 or 12-fruit cartons for easy personal, family or business serving.<\/p>\t\t\t\t\t\t\t\t<\/div>\n\t\t\t\t<\/div>\n\t\t\t\t<div class=\"elementor-element elementor-element-1436e4f elementor-widget elementor-widget-heading\" data-id=\"1436e4f\" data-element_type=\"widget\" data-widget_type=\"heading.default\">\n\t\t\t\t<div class=\"elementor-widget-container\">\n\t\t\t\t\t<h3 class=\"elementor-heading-title elementor-size-default\">PRIVATE BRAND\n<\/h3>\t\t\t\t<\/div>\n\t\t\t\t<\/div>\n\t\t\t\t<div class=\"elementor-element elementor-element-854f9aa elementor-widget elementor-widget-text-editor\" data-id=\"854f9aa\" data-element_type=\"widget\" data-widget_type=\"text-editor.default\">\n\t\t\t\t<div class=\"elementor-widget-container\">\n\t\t\t\t\t\t\t\t\t<p style=\"text-align: justify;\">High-class brand positioning: SOMEKCO provides OEM\/ODM services - personalize packaging with your own logo, helping your brand stand out in the market! your way!<\/p>\t\t\t\t\t\t\t\t<\/div>\n\t\t\t\t<\/div>\n\t\t\t\t<\/div>\n\t\t<div class=\"elementor-element elementor-element-0fac861 e-con-full e-flex e-con e-child\" data-id=\"0fac861\" data-element_type=\"container\">\n\t\t\t\t<div class=\"elementor-element elementor-element-14a0200 elementor-widget elementor-widget-image\" data-id=\"14a0200\" data-element_type=\"widget\" data-widget_type=\"image.default\">\n\t\t\t\t<div class=\"elementor-widget-container\">\n\t\t\t\t\t\t\t\t\t\t\t\t\t\t\t<img loading=\"lazy\" decoding=\"async\" width=\"800\" height=\"600\" src=\"https:\/\/somekco.com.vn\/wp-content\/uploads\/2025\/04\/king-coco-product-03.jpg\" class=\"attachment-large size-large wp-image-443\" alt=\"\" srcset=\"https:\/\/somekco.com.vn\/wp-content\/uploads\/2025\/04\/king-coco-product-03.jpg 800w, https:\/\/somekco.com.vn\/wp-content\/uploads\/2025\/04\/king-coco-product-03-300x225.jpg 300w, https:\/\/somekco.com.vn\/wp-content\/uploads\/2025\/04\/king-coco-product-03-768x576.jpg 768w, https:\/\/somekco.com.vn\/wp-content\/uploads\/2025\/04\/king-coco-product-03-16x12.jpg 16w\" sizes=\"(max-width: 800px) 100vw, 800px\" \/>\t\t\t\t\t\t\t\t\t\t\t\t\t\t\t<\/div>\n\t\t\t\t<\/div>\n\t\t\t\t<\/div>\n\t\t\t\t\t<\/div>\n\t\t\t\t<\/div>\n\t\t\t\t<\/div>","protected":false},"excerpt":{"rendered":"<p>King COCO: With just one press, you&#039;ll have a refreshing, sweet glass of fresh coconut water, 100% organic from Ben Tre \u2013 no preservatives, no additives, only natural purity! King COCO offers a convenient, effortless experience of enjoying fresh coconut water.<\/p>","protected":false},"author":1,"featured_media":0,"parent":21,"menu_order":0,"comment_status":"closed","ping_status":"closed","template":"elementor_header_footer","meta":{"footnotes":""},"class_list":["post-432","page","type-page","status-publish","hentry"],"yoast_head":"<!-- This site is optimized with the Yoast SEO Premium plugin v24.8 (Yoast SEO v24.8) - https:\/\/yoast.com\/wordpress\/plugins\/seo\/ -->\n<title>King COCO - SOMEKCO<\/title>\n<meta name=\"robots\" content=\"index, follow, max-snippet:-1, max-image-preview:large, max-video-preview:-1\" \/>\n<link rel=\"canonical\" href=\"https:\/\/somekco.com.vn\/en\/san-pham\/king-coco\/\" \/>\n<meta property=\"og:locale\" content=\"en_US\" \/>\n<meta property=\"og:type\" content=\"article\" \/>\n<meta property=\"og:title\" content=\"King COCO\" \/>\n<meta property=\"og:description\" content=\"King COCO Ch\u1ec9 v\u1edbi m\u1ed9t l\u1ea7n nh\u1ea5n, b\u1ea1n \u0111\u00e3 c\u00f3 ngay ly n\u01b0\u1edbc d\u1eeba t\u01b0\u01a1i m\u00e1t, ng\u1ecdt l\u00e0nh, 100% h\u1eefu c\u01a1 t\u1eeb B\u1ebfn Tre \u2013 kh\u00f4ng ch\u1ea5t b\u1ea3o qu\u1ea3n, kh\u00f4ng ph\u1ee5 gia, ch\u1ec9 c\u00f3 s\u1ef1 tinh khi\u1ebft t\u1ef1 nhi\u00ean! King COCO mang \u0111\u1ebfn tr\u1ea3i nghi\u1ec7m th\u01b0\u1edfng th\u1ee9c d\u1eeba t\u01b0\u01a1i ti\u1ec7n l\u1ee3i, kh\u00f4ng t\u1ed1n c\u00f4ng s\u1ee9c, [&hellip;]\" \/>\n<meta property=\"og:url\" content=\"https:\/\/somekco.com.vn\/en\/san-pham\/king-coco\/\" \/>\n<meta property=\"og:site_name\" content=\"SOMEKCO\" \/>\n<meta property=\"article:modified_time\" content=\"2025-05-03T00:03:14+00:00\" \/>\n<meta property=\"og:image\" content=\"https:\/\/somekco.com.vn\/wp-content\/uploads\/2025\/04\/san-pham-king-coco-hinh-1.jpg\" \/>\n\t<meta property=\"og:image:width\" content=\"800\" \/>\n\t<meta property=\"og:image:height\" content=\"600\" \/>\n\t<meta property=\"og:image:type\" content=\"image\/jpeg\" \/>\n<meta name=\"twitter:card\" content=\"summary_large_image\" \/>\n<meta name=\"twitter:label1\" content=\"Est. reading time\" \/>\n\t<meta name=\"twitter:data1\" content=\"2 minutes\" \/>\n<script type=\"application\/ld+json\" class=\"yoast-schema-graph\">{\"@context\":\"https:\/\/schema.org\",\"@graph\":[{\"@type\":\"WebPage\",\"@id\":\"https:\/\/somekco.com.vn\/san-pham\/king-coco\/\",\"url\":\"https:\/\/somekco.com.vn\/san-pham\/king-coco\/\",\"name\":\"King COCO - SOMEKCO\",\"isPartOf\":{\"@id\":\"https:\/\/somekco.com.vn\/#website\"},\"primaryImageOfPage\":{\"@id\":\"https:\/\/somekco.com.vn\/san-pham\/king-coco\/#primaryimage\"},\"image\":{\"@id\":\"https:\/\/somekco.com.vn\/san-pham\/king-coco\/#primaryimage\"},\"thumbnailUrl\":\"https:\/\/somekco.com.vn\/wp-content\/uploads\/2025\/04\/san-pham-king-coco-hinh-1.jpg\",\"datePublished\":\"2025-04-14T01:30:38+00:00\",\"dateModified\":\"2025-05-03T00:03:14+00:00\",\"breadcrumb\":{\"@id\":\"https:\/\/somekco.com.vn\/san-pham\/king-coco\/#breadcrumb\"},\"inLanguage\":\"en-US\",\"potentialAction\":[{\"@type\":\"ReadAction\",\"target\":[\"https:\/\/somekco.com.vn\/san-pham\/king-coco\/\"]}]},{\"@type\":\"ImageObject\",\"inLanguage\":\"en-US\",\"@id\":\"https:\/\/somekco.com.vn\/san-pham\/king-coco\/#primaryimage\",\"url\":\"https:\/\/somekco.com.vn\/wp-content\/uploads\/2025\/04\/san-pham-king-coco-hinh-1.jpg\",\"contentUrl\":\"https:\/\/somekco.com.vn\/wp-content\/uploads\/2025\/04\/san-pham-king-coco-hinh-1.jpg\"},{\"@type\":\"BreadcrumbList\",\"@id\":\"https:\/\/somekco.com.vn\/san-pham\/king-coco\/#breadcrumb\",\"itemListElement\":[{\"@type\":\"ListItem\",\"position\":1,\"name\":\"Trang ch\u1ee7\",\"item\":\"https:\/\/somekco.com.vn\/\"},{\"@type\":\"ListItem\",\"position\":2,\"name\":\"S\u1ea3n ph\u1ea9m\",\"item\":\"https:\/\/somekco.com.vn\/san-pham\/\"},{\"@type\":\"ListItem\",\"position\":3,\"name\":\"King COCO\"}]},{\"@type\":\"WebSite\",\"@id\":\"https:\/\/somekco.com.vn\/#website\",\"url\":\"https:\/\/somekco.com.vn\/\",\"name\":\"SOMEKCO\",\"description\":\"\",\"publisher\":{\"@id\":\"https:\/\/somekco.com.vn\/#organization\"},\"potentialAction\":[{\"@type\":\"SearchAction\",\"target\":{\"@type\":\"EntryPoint\",\"urlTemplate\":\"https:\/\/somekco.com.vn\/?s={search_term_string}\"},\"query-input\":{\"@type\":\"PropertyValueSpecification\",\"valueRequired\":true,\"valueName\":\"search_term_string\"}}],\"inLanguage\":\"en-US\"},{\"@type\":\"Organization\",\"@id\":\"https:\/\/somekco.com.vn\/#organization\",\"name\":\"SOMEKCO\",\"url\":\"https:\/\/somekco.com.vn\/\",\"logo\":{\"@type\":\"ImageObject\",\"inLanguage\":\"en-US\",\"@id\":\"https:\/\/somekco.com.vn\/#\/schema\/logo\/image\/\",\"url\":\"https:\/\/somekco.com.vn\/wp-content\/uploads\/2025\/04\/logo-somekco.png\",\"contentUrl\":\"https:\/\/somekco.com.vn\/wp-content\/uploads\/2025\/04\/logo-somekco.png\",\"width\":1414,\"height\":529,\"caption\":\"SOMEKCO\"},\"image\":{\"@id\":\"https:\/\/somekco.com.vn\/#\/schema\/logo\/image\/\"}}]}<\/script>\n<!-- \/ Yoast SEO Premium plugin. -->","yoast_head_json":{"title":"King COCO - SOMEKCO","robots":{"index":"index","follow":"follow","max-snippet":"max-snippet:-1","max-image-preview":"max-image-preview:large","max-video-preview":"max-video-preview:-1"},"canonical":"https:\/\/somekco.com.vn\/en\/san-pham\/king-coco\/","og_locale":"en_US","og_type":"article","og_title":"King COCO","og_description":"King COCO Ch\u1ec9 v\u1edbi m\u1ed9t l\u1ea7n nh\u1ea5n, b\u1ea1n \u0111\u00e3 c\u00f3 ngay ly n\u01b0\u1edbc d\u1eeba t\u01b0\u01a1i m\u00e1t, ng\u1ecdt l\u00e0nh, 100% h\u1eefu c\u01a1 t\u1eeb B\u1ebfn Tre \u2013 kh\u00f4ng ch\u1ea5t b\u1ea3o qu\u1ea3n, kh\u00f4ng ph\u1ee5 gia, ch\u1ec9 c\u00f3 s\u1ef1 tinh khi\u1ebft t\u1ef1 nhi\u00ean! King COCO mang \u0111\u1ebfn tr\u1ea3i nghi\u1ec7m th\u01b0\u1edfng th\u1ee9c d\u1eeba t\u01b0\u01a1i ti\u1ec7n l\u1ee3i, kh\u00f4ng t\u1ed1n c\u00f4ng s\u1ee9c, [&hellip;]","og_url":"https:\/\/somekco.com.vn\/en\/san-pham\/king-coco\/","og_site_name":"SOMEKCO","article_modified_time":"2025-05-03T00:03:14+00:00","og_image":[{"width":800,"height":600,"url":"https:\/\/somekco.com.vn\/wp-content\/uploads\/2025\/04\/san-pham-king-coco-hinh-1.jpg","type":"image\/jpeg"}],"twitter_card":"summary_large_image","twitter_misc":{"Est. reading time":"2 minutes"},"schema":{"@context":"https:\/\/schema.org","@graph":[{"@type":"WebPage","@id":"https:\/\/somekco.com.vn\/san-pham\/king-coco\/","url":"https:\/\/somekco.com.vn\/san-pham\/king-coco\/","name":"King COCO - SOMEKCO","isPartOf":{"@id":"https:\/\/somekco.com.vn\/#website"},"primaryImageOfPage":{"@id":"https:\/\/somekco.com.vn\/san-pham\/king-coco\/#primaryimage"},"image":{"@id":"https:\/\/somekco.com.vn\/san-pham\/king-coco\/#primaryimage"},"thumbnailUrl":"https:\/\/somekco.com.vn\/wp-content\/uploads\/2025\/04\/san-pham-king-coco-hinh-1.jpg","datePublished":"2025-04-14T01:30:38+00:00","dateModified":"2025-05-03T00:03:14+00:00","breadcrumb":{"@id":"https:\/\/somekco.com.vn\/san-pham\/king-coco\/#breadcrumb"},"inLanguage":"en-US","potentialAction":[{"@type":"ReadAction","target":["https:\/\/somekco.com.vn\/san-pham\/king-coco\/"]}]},{"@type":"ImageObject","inLanguage":"en-US","@id":"https:\/\/somekco.com.vn\/san-pham\/king-coco\/#primaryimage","url":"https:\/\/somekco.com.vn\/wp-content\/uploads\/2025\/04\/san-pham-king-coco-hinh-1.jpg","contentUrl":"https:\/\/somekco.com.vn\/wp-content\/uploads\/2025\/04\/san-pham-king-coco-hinh-1.jpg"},{"@type":"BreadcrumbList","@id":"https:\/\/somekco.com.vn\/san-pham\/king-coco\/#breadcrumb","itemListElement":[{"@type":"ListItem","position":1,"name":"Trang ch\u1ee7","item":"https:\/\/somekco.com.vn\/"},{"@type":"ListItem","position":2,"name":"S\u1ea3n ph\u1ea9m","item":"https:\/\/somekco.com.vn\/san-pham\/"},{"@type":"ListItem","position":3,"name":"King COCO"}]},{"@type":"WebSite","@id":"https:\/\/somekco.com.vn\/#website","url":"https:\/\/somekco.com.vn\/","name":"SOMEKCO","description":"","publisher":{"@id":"https:\/\/somekco.com.vn\/#organization"},"potentialAction":[{"@type":"SearchAction","target":{"@type":"EntryPoint","urlTemplate":"https:\/\/somekco.com.vn\/?s={search_term_string}"},"query-input":{"@type":"PropertyValueSpecification","valueRequired":true,"valueName":"search_term_string"}}],"inLanguage":"en-US"},{"@type":"Organization","@id":"https:\/\/somekco.com.vn\/#organization","name":"SOMEKCO","url":"https:\/\/somekco.com.vn\/","logo":{"@type":"ImageObject","inLanguage":"en-US","@id":"https:\/\/somekco.com.vn\/#\/schema\/logo\/image\/","url":"https:\/\/somekco.com.vn\/wp-content\/uploads\/2025\/04\/logo-somekco.png","contentUrl":"https:\/\/somekco.com.vn\/wp-content\/uploads\/2025\/04\/logo-somekco.png","width":1414,"height":529,"caption":"SOMEKCO"},"image":{"@id":"https:\/\/somekco.com.vn\/#\/schema\/logo\/image\/"}}]}},"_links":{"self":[{"href":"https:\/\/somekco.com.vn\/en\/wp-json\/wp\/v2\/pages\/432","targetHints":{"allow":["GET"]}}],"collection":[{"href":"https:\/\/somekco.com.vn\/en\/wp-json\/wp\/v2\/pages"}],"about":[{"href":"https:\/\/somekco.com.vn\/en\/wp-json\/wp\/v2\/types\/page"}],"author":[{"embeddable":true,"href":"https:\/\/somekco.com.vn\/en\/wp-json\/wp\/v2\/users\/1"}],"replies":[{"embeddable":true,"href":"https:\/\/somekco.com.vn\/en\/wp-json\/wp\/v2\/comments?post=432"}],"version-history":[{"count":23,"href":"https:\/\/somekco.com.vn\/en\/wp-json\/wp\/v2\/pages\/432\/revisions"}],"predecessor-version":[{"id":1044,"href":"https:\/\/somekco.com.vn\/en\/wp-json\/wp\/v2\/pages\/432\/revisions\/1044"}],"up":[{"embeddable":true,"href":"https:\/\/somekco.com.vn\/en\/wp-json\/wp\/v2\/pages\/21"}],"wp:attachment":[{"href":"https:\/\/somekco.com.vn\/en\/wp-json\/wp\/v2\/media?parent=432"}],"curies":[{"name":"wp","href":"https:\/\/api.w.org\/{rel}","templated":true}]}}