{"id":195,"date":"2025-04-10T13:15:51","date_gmt":"2025-04-10T13:15:51","guid":{"rendered":"https:\/\/somekco.123websitedev.com\/?page_id=195"},"modified":"2025-05-03T06:11:58","modified_gmt":"2025-05-02T23:11:58","slug":"nha-may","status":"publish","type":"page","link":"https:\/\/somekco.com.vn\/en\/nha-may\/","title":{"rendered":"Factory"},"content":{"rendered":"<div data-elementor-type=\"wp-page\" data-elementor-id=\"195\" class=\"elementor elementor-195\" data-elementor-post-type=\"page\">\n\t\t\t\t<div class=\"elementor-element elementor-element-156f0f4 e-con-full e-flex e-con e-parent\" data-id=\"156f0f4\" data-element_type=\"container\">\n\t\t\t\t<div class=\"elementor-element elementor-element-fd47d2c elementor--h-position-center elementor--v-position-middle elementor-arrows-position-inside elementor-widget elementor-widget-slides\" data-id=\"fd47d2c\" data-element_type=\"widget\" data-settings=\"{&quot;navigation&quot;:&quot;arrows&quot;,&quot;autoplay&quot;:&quot;yes&quot;,&quot;pause_on_hover&quot;:&quot;yes&quot;,&quot;pause_on_interaction&quot;:&quot;yes&quot;,&quot;autoplay_speed&quot;:5000,&quot;infinite&quot;:&quot;yes&quot;,&quot;transition&quot;:&quot;slide&quot;,&quot;transition_speed&quot;:500}\" data-widget_type=\"slides.default\">\n\t\t\t\t<div class=\"elementor-widget-container\">\n\t\t\t\t\t\t\t\t\t<div class=\"elementor-swiper\">\n\t\t\t\t\t<div class=\"elementor-slides-wrapper elementor-main-swiper swiper\" role=\"region\" aria-roledescription=\"carousel\" aria-label=\"Slides\" dir=\"ltr\" data-animation=\"fadeInUp\">\n\t\t\t\t<div class=\"swiper-wrapper elementor-slides\">\n\t\t\t\t\t\t\t\t\t\t<div class=\"elementor-repeater-item-ddba7de swiper-slide\" role=\"group\" aria-roledescription=\"slide\"><div class=\"swiper-slide-bg\" role=\"img\"><\/div><div class=\"elementor-background-overlay\"><\/div><div class=\"swiper-slide-inner\" ><div class=\"swiper-slide-contents\"><div class=\"elementor-slide-heading\">Our factory<\/div><div class=\"elementor-slide-description\">The quality of our Ben Tre coconuts is not inferior to any country in the world, and we have the certification to prove it.<\/div><\/div><\/div><\/div><div class=\"elementor-repeater-item-756bbff swiper-slide\" role=\"group\" aria-roledescription=\"slide\"><div class=\"swiper-slide-bg\" role=\"img\"><\/div><div class=\"elementor-background-overlay\"><\/div><div class=\"swiper-slide-inner\" ><div class=\"swiper-slide-contents\"><div class=\"elementor-slide-heading\">Our factory<\/div><div class=\"elementor-slide-description\">The quality of our Ben Tre coconuts is not inferior to any country in the world, and we have the certification to prove it.<\/div><\/div><\/div><\/div>\t\t\t\t<\/div>\n\t\t\t\t\t\t\t\t\t\t\t\t\t\t\t<div class=\"elementor-swiper-button elementor-swiper-button-prev\" role=\"button\" tabindex=\"0\" aria-label=\"Previous Slide\">\n\t\t\t\t\t\t\t<svg aria-hidden=\"true\" class=\"e-font-icon-svg e-eicon-chevron-left\" viewbox=\"0 0 1000 1000\" xmlns=\"http:\/\/www.w3.org\/2000\/svg\"><path d=\"M646 125C629 125 613 133 604 142L308 442C296 454 292 471 292 487 292 504 296 521 308 533L604 854C617 867 629 875 646 875 663 875 679 871 692 858 704 846 713 829 713 812 713 796 708 779 692 767L438 487 692 225C700 217 708 204 708 187 708 171 704 154 692 142 675 129 663 125 646 125Z\"><\/path><\/svg>\t\t\t\t\t\t<\/div>\n\t\t\t\t\t\t<div class=\"elementor-swiper-button elementor-swiper-button-next\" role=\"button\" tabindex=\"0\" aria-label=\"Next Slide\">\n\t\t\t\t\t\t\t<svg aria-hidden=\"true\" class=\"e-font-icon-svg e-eicon-chevron-right\" viewbox=\"0 0 1000 1000\" xmlns=\"http:\/\/www.w3.org\/2000\/svg\"><path d=\"M696 533C708 521 713 504 713 487 713 471 708 454 696 446L400 146C388 133 375 125 354 125 338 125 325 129 313 142 300 154 292 171 292 187 292 204 296 221 308 233L563 492 304 771C292 783 288 800 288 817 288 833 296 850 308 863 321 871 338 875 354 875 371 875 388 867 400 854L696 533Z\"><\/path><\/svg>\t\t\t\t\t\t<\/div>\n\t\t\t\t\t\t\t\t\t\t\t\t\t\t\t\t\t<\/div>\n\t\t\t\t<\/div>\n\t\t\t\t\t\t\t\t<\/div>\n\t\t\t\t<\/div>\n\t\t\t\t<\/div>\n\t\t<div class=\"elementor-element elementor-element-b0225b5 e-flex e-con-boxed elementor-invisible e-con e-parent\" data-id=\"b0225b5\" data-element_type=\"container\" data-settings=\"{&quot;background_background&quot;:&quot;classic&quot;,&quot;animation&quot;:&quot;fadeInLeft&quot;}\">\n\t\t\t\t\t<div class=\"e-con-inner\">\n\t\t<div class=\"elementor-element elementor-element-7d69dbc e-con-full e-flex e-con e-child\" data-id=\"7d69dbc\" data-element_type=\"container\">\n\t\t\t\t<div class=\"elementor-element elementor-element-d4a0249 elementor-widget elementor-widget-text-editor\" data-id=\"d4a0249\" data-element_type=\"widget\" data-widget_type=\"text-editor.default\">\n\t\t\t\t<div class=\"elementor-widget-container\">\n\t\t\t\t\t\t\t\t\t<iframe src=\"https:\/\/www.google.com\/maps\/embed?pb=!1m18!1m12!1m3!1d31416.11534920616!2d106.3955928531057!3d10.179482996134082!2m3!1f0!2f0!3f0!3m2!1i1024!2i768!4f13.1!3m3!1m2!1s0x31a0076a1c9f2b33%3A0x3d707cef025248d6!2zVGh14bqtbiDEkWnhu4FuLCBHaeG7k25nIFRyw7RtLCBC4bq_biBUcmUsIFZp4buHdCBOYW0!5e0!3m2!1svi!2s!4v1744699409107!5m2!1svi!2s\" width=\"100%\" height=\"450\" style=\"border:0;\" allowfullscreen=\"\" loading=\"lazy\" referrerpolicy=\"no-referrer-when-downgrade\"><\/iframe>\t\t\t\t\t\t\t\t<\/div>\n\t\t\t\t<\/div>\n\t\t\t\t<\/div>\n\t\t<div class=\"elementor-element elementor-element-77d1236 e-con-full e-flex e-con e-child\" data-id=\"77d1236\" data-element_type=\"container\">\n\t\t\t\t<div class=\"elementor-element elementor-element-5b0ee9e elementor-widget elementor-widget-heading\" data-id=\"5b0ee9e\" data-element_type=\"widget\" data-widget_type=\"heading.default\">\n\t\t\t\t<div class=\"elementor-widget-container\">\n\t\t\t\t\t<h1 class=\"elementor-heading-title elementor-size-default\">Fresh Coconut Factory<br>\nSOMEKCO<\/h1>\t\t\t\t<\/div>\n\t\t\t\t<\/div>\n\t\t\t\t<div class=\"elementor-element elementor-element-e91c9f3 elementor-widget elementor-widget-text-editor\" data-id=\"e91c9f3\" data-element_type=\"widget\" data-widget_type=\"text-editor.default\">\n\t\t\t\t<div class=\"elementor-widget-container\">\n\t\t\t\t\t\t\t\t\t<p>Address:<br \/>Hamlet 2, Thuan Dien Commune,<br \/>Giong Trom District, Ben Tre Province, Vietnam<\/p>\t\t\t\t\t\t\t\t<\/div>\n\t\t\t\t<\/div>\n\t\t\t\t<\/div>\n\t\t\t\t\t<\/div>\n\t\t\t\t<\/div>\n\t\t<div class=\"elementor-element elementor-element-fa4c651 e-flex e-con-boxed elementor-invisible e-con e-parent\" data-id=\"fa4c651\" data-element_type=\"container\" data-settings=\"{&quot;animation&quot;:&quot;fadeInRight&quot;}\">\n\t\t\t\t\t<div class=\"e-con-inner\">\n\t\t<div class=\"elementor-element elementor-element-d409fa9 e-con-full e-flex e-con e-child\" data-id=\"d409fa9\" data-element_type=\"container\">\n\t\t\t\t<div class=\"elementor-element elementor-element-f40010d elementor-widget elementor-widget-image\" data-id=\"f40010d\" data-element_type=\"widget\" data-widget_type=\"image.default\">\n\t\t\t\t<div class=\"elementor-widget-container\">\n\t\t\t\t\t\t\t\t\t\t\t\t\t\t\t<img fetchpriority=\"high\" decoding=\"async\" width=\"800\" height=\"519\" src=\"https:\/\/somekco.com.vn\/wp-content\/uploads\/2025\/04\/nha-may-somekco-001-1024x664.png\" class=\"attachment-large size-large wp-image-203\" alt=\"\" srcset=\"https:\/\/somekco.com.vn\/wp-content\/uploads\/2025\/04\/nha-may-somekco-001-1024x664.png 1024w, https:\/\/somekco.com.vn\/wp-content\/uploads\/2025\/04\/nha-may-somekco-001-300x195.png 300w, https:\/\/somekco.com.vn\/wp-content\/uploads\/2025\/04\/nha-may-somekco-001-768x498.png 768w, https:\/\/somekco.com.vn\/wp-content\/uploads\/2025\/04\/nha-may-somekco-001-1536x997.png 1536w, https:\/\/somekco.com.vn\/wp-content\/uploads\/2025\/04\/nha-may-somekco-001-18x12.png 18w, https:\/\/somekco.com.vn\/wp-content\/uploads\/2025\/04\/nha-may-somekco-001.png 1877w\" sizes=\"(max-width: 800px) 100vw, 800px\" \/>\t\t\t\t\t\t\t\t\t\t\t\t\t\t\t<\/div>\n\t\t\t\t<\/div>\n\t\t\t\t<\/div>\n\t\t<div class=\"elementor-element elementor-element-272315f e-con-full e-flex e-con e-child\" data-id=\"272315f\" data-element_type=\"container\">\n\t\t\t\t<div class=\"elementor-element elementor-element-8157755 elementor-widget elementor-widget-heading\" data-id=\"8157755\" data-element_type=\"widget\" data-widget_type=\"heading.default\">\n\t\t\t\t<div class=\"elementor-widget-container\">\n\t\t\t\t\t<h2 class=\"elementor-heading-title elementor-size-default\">Manufacturing Facility<br>\nWorld Class<\/h2>\t\t\t\t<\/div>\n\t\t\t\t<\/div>\n\t\t\t\t<div class=\"elementor-element elementor-element-25c365f elementor-widget elementor-widget-text-editor\" data-id=\"25c365f\" data-element_type=\"widget\" data-widget_type=\"text-editor.default\">\n\t\t\t\t<div class=\"elementor-widget-container\">\n\t\t\t\t\t\t\t\t\t<p style=\"text-align: justify;\">At SOMEKCO, we pride ourselves on maintaining the highest standards of quality and innovation in coconut processing. Our facility is equipped with a fully automated production line that optimizes every stage of the process\u2014from dehusking and processing to packaging and cold storage. The advanced technology ensures that each coconut is handled with precision, preserving freshness and superior quality.<\/p><p style=\"text-align: justify;\">By integrating state-of-the-art traceability systems, we ensure transparency and security, allowing us to track each shipment from farm to market. Our dedication to manufacturing excellence ensures that our coconuts consistently meet and exceed international standards, cementing our reputation as a trusted global supplier.<\/p>\t\t\t\t\t\t\t\t<\/div>\n\t\t\t\t<\/div>\n\t\t\t\t<\/div>\n\t\t\t\t\t<\/div>\n\t\t\t\t<\/div>\n\t\t<div class=\"elementor-element elementor-element-caf1a95 e-flex e-con-boxed elementor-invisible e-con e-parent\" data-id=\"caf1a95\" data-element_type=\"container\" data-settings=\"{&quot;animation&quot;:&quot;fadeInUp&quot;}\">\n\t\t\t\t\t<div class=\"e-con-inner\">\n\t\t<div class=\"elementor-element elementor-element-597bc2e e-con-full e-flex e-con e-child\" data-id=\"597bc2e\" data-element_type=\"container\">\n\t\t\t\t<div class=\"elementor-element elementor-element-606f91e elementor-widget elementor-widget-image\" data-id=\"606f91e\" data-element_type=\"widget\" data-widget_type=\"image.default\">\n\t\t\t\t<div class=\"elementor-widget-container\">\n\t\t\t\t\t\t\t\t\t\t\t\t\t\t\t<img decoding=\"async\" width=\"800\" height=\"851\" src=\"https:\/\/somekco.com.vn\/wp-content\/uploads\/2025\/04\/nha-may-somekco-002-963x1024.png\" class=\"attachment-large size-large wp-image-204\" alt=\"\" srcset=\"https:\/\/somekco.com.vn\/wp-content\/uploads\/2025\/04\/nha-may-somekco-002-963x1024.png 963w, https:\/\/somekco.com.vn\/wp-content\/uploads\/2025\/04\/nha-may-somekco-002-282x300.png 282w, https:\/\/somekco.com.vn\/wp-content\/uploads\/2025\/04\/nha-may-somekco-002-768x817.png 768w, https:\/\/somekco.com.vn\/wp-content\/uploads\/2025\/04\/nha-may-somekco-002-1444x1536.png 1444w, https:\/\/somekco.com.vn\/wp-content\/uploads\/2025\/04\/nha-may-somekco-002-11x12.png 11w, https:\/\/somekco.com.vn\/wp-content\/uploads\/2025\/04\/nha-may-somekco-002.png 1494w\" sizes=\"(max-width: 800px) 100vw, 800px\" \/>\t\t\t\t\t\t\t\t\t\t\t\t\t\t\t<\/div>\n\t\t\t\t<\/div>\n\t\t\t\t<\/div>\n\t\t<div class=\"elementor-element elementor-element-9e7ff94 e-con-full e-flex e-con e-child\" data-id=\"9e7ff94\" data-element_type=\"container\">\n\t\t\t\t<div class=\"elementor-element elementor-element-d585cc5 elementor-widget elementor-widget-heading\" data-id=\"d585cc5\" data-element_type=\"widget\" data-widget_type=\"heading.default\">\n\t\t\t\t<div class=\"elementor-widget-container\">\n\t\t\t\t\t<h2 class=\"elementor-heading-title elementor-size-default\">10,000 m2 Factory <br>\nand Equipment<\/h2>\t\t\t\t<\/div>\n\t\t\t\t<\/div>\n\t\t\t\t<div class=\"elementor-element elementor-element-5402b03 elementor-widget elementor-widget-text-editor\" data-id=\"5402b03\" data-element_type=\"widget\" data-widget_type=\"text-editor.default\">\n\t\t\t\t<div class=\"elementor-widget-container\">\n\t\t\t\t\t\t\t\t\t<p style=\"text-align: justify;\">Located in the heart of Ben Tre province, the coconut capital of Vietnam, our factory covers an area of 10,000 square meters. This strategic location allows us to source the best raw materials, ensuring that our products benefit from the region\u2019s rich soil and natural resources.<\/p><p style=\"text-align: justify;\">Established in 2007 by VPM Company, SOMEKCO BEN TRE FACTORY has been designed to represent efficiency, sustainability and innovation.<br \/>Its scale and state-of-the-art infrastructure allows us to process large volumes of coconuts while maintaining the highest standards of quality and freshness.<\/p><p style=\"text-align: justify;\">Our factory is more than just a facility\u2014it is a hub where tradition meets technology, and where the best Vietnamese coconuts are prepared to meet the demands of customers around the world.<\/p>\t\t\t\t\t\t\t\t<\/div>\n\t\t\t\t<\/div>\n\t\t\t\t<\/div>\n\t\t\t\t\t<\/div>\n\t\t\t\t<\/div>\n\t\t\t\t<\/div>","protected":false},"excerpt":{"rendered":"<p>Our FactoryThe quality of our Ben Tre coconuts is not inferior to any country in the world, and we have the certification to prove it.Our FactoryThe quality of our Ben Tre coconuts is not inferior to any country in the world [\u2026]<\/p>","protected":false},"author":1,"featured_media":0,"parent":0,"menu_order":0,"comment_status":"closed","ping_status":"closed","template":"elementor_header_footer","meta":{"footnotes":""},"class_list":["post-195","page","type-page","status-publish","hentry"],"yoast_head":"<!-- This site is optimized with the Yoast SEO Premium plugin v24.8 (Yoast SEO v24.8) - https:\/\/yoast.com\/wordpress\/plugins\/seo\/ -->\n<title>Nh\u00e0 m\u00e1y - SOMEKCO<\/title>\n<meta name=\"robots\" content=\"index, follow, max-snippet:-1, max-image-preview:large, max-video-preview:-1\" \/>\n<link rel=\"canonical\" href=\"https:\/\/somekco.com.vn\/en\/nha-may\/\" \/>\n<meta property=\"og:locale\" content=\"en_US\" \/>\n<meta property=\"og:type\" content=\"article\" \/>\n<meta property=\"og:title\" content=\"Nh\u00e0 m\u00e1y\" \/>\n<meta property=\"og:description\" content=\"Nh\u00e0 m\u00e1y c\u1ee7a ch\u00fang t\u00f4iCh\u1ea5t l\u01b0\u1ee3ng d\u1eeba B\u1ebfn Tre c\u1ee7a ch\u00fang t\u00f4i kh\u00f4ng thua k\u00e9m b\u1ea5t k\u1ef3 qu\u1ed1c gia n\u00e0o tr\u00ean th\u1ebf gi\u1edbi, v\u00e0 ch\u00fang t\u00f4i c\u00f3 ch\u1ee9ng nh\u1eadn \u0111\u1ec3 ch\u1ee9ng minh \u0111i\u1ec1u \u0111\u00f3.Nh\u00e0 m\u00e1y c\u1ee7a ch\u00fang t\u00f4iCh\u1ea5t l\u01b0\u1ee3ng d\u1eeba B\u1ebfn Tre c\u1ee7a ch\u00fang t\u00f4i kh\u00f4ng thua k\u00e9m b\u1ea5t k\u1ef3 qu\u1ed1c gia n\u00e0o tr\u00ean th\u1ebf [&hellip;]\" \/>\n<meta property=\"og:url\" content=\"https:\/\/somekco.com.vn\/en\/nha-may\/\" \/>\n<meta property=\"og:site_name\" content=\"SOMEKCO\" \/>\n<meta property=\"article:modified_time\" content=\"2025-05-02T23:11:58+00:00\" \/>\n<meta property=\"og:image\" content=\"https:\/\/somekco.com.vn\/wp-content\/uploads\/2025\/04\/nha-may-somekco-001.png\" \/>\n\t<meta property=\"og:image:width\" content=\"1877\" \/>\n\t<meta property=\"og:image:height\" content=\"1218\" \/>\n\t<meta property=\"og:image:type\" content=\"image\/png\" \/>\n<meta name=\"twitter:card\" content=\"summary_large_image\" \/>\n<meta name=\"twitter:label1\" content=\"Est. reading time\" \/>\n\t<meta name=\"twitter:data1\" content=\"4 minutes\" \/>\n<script type=\"application\/ld+json\" class=\"yoast-schema-graph\">{\"@context\":\"https:\/\/schema.org\",\"@graph\":[{\"@type\":\"WebPage\",\"@id\":\"https:\/\/somekco.com.vn\/nha-may\/\",\"url\":\"https:\/\/somekco.com.vn\/nha-may\/\",\"name\":\"Nh\u00e0 m\u00e1y - SOMEKCO\",\"isPartOf\":{\"@id\":\"https:\/\/somekco.com.vn\/#website\"},\"primaryImageOfPage\":{\"@id\":\"https:\/\/somekco.com.vn\/nha-may\/#primaryimage\"},\"image\":{\"@id\":\"https:\/\/somekco.com.vn\/nha-may\/#primaryimage\"},\"thumbnailUrl\":\"https:\/\/somekco.com.vn\/wp-content\/uploads\/2025\/04\/nha-may-somekco-001-1024x664.png\",\"datePublished\":\"2025-04-10T13:15:51+00:00\",\"dateModified\":\"2025-05-02T23:11:58+00:00\",\"breadcrumb\":{\"@id\":\"https:\/\/somekco.com.vn\/nha-may\/#breadcrumb\"},\"inLanguage\":\"en-US\",\"potentialAction\":[{\"@type\":\"ReadAction\",\"target\":[\"https:\/\/somekco.com.vn\/nha-may\/\"]}]},{\"@type\":\"ImageObject\",\"inLanguage\":\"en-US\",\"@id\":\"https:\/\/somekco.com.vn\/nha-may\/#primaryimage\",\"url\":\"https:\/\/somekco.com.vn\/wp-content\/uploads\/2025\/04\/nha-may-somekco-001-1024x664.png\",\"contentUrl\":\"https:\/\/somekco.com.vn\/wp-content\/uploads\/2025\/04\/nha-may-somekco-001-1024x664.png\"},{\"@type\":\"BreadcrumbList\",\"@id\":\"https:\/\/somekco.com.vn\/nha-may\/#breadcrumb\",\"itemListElement\":[{\"@type\":\"ListItem\",\"position\":1,\"name\":\"Trang ch\u1ee7\",\"item\":\"https:\/\/somekco.com.vn\/\"},{\"@type\":\"ListItem\",\"position\":2,\"name\":\"Nh\u00e0 m\u00e1y\"}]},{\"@type\":\"WebSite\",\"@id\":\"https:\/\/somekco.com.vn\/#website\",\"url\":\"https:\/\/somekco.com.vn\/\",\"name\":\"SOMEKCO\",\"description\":\"\",\"publisher\":{\"@id\":\"https:\/\/somekco.com.vn\/#organization\"},\"potentialAction\":[{\"@type\":\"SearchAction\",\"target\":{\"@type\":\"EntryPoint\",\"urlTemplate\":\"https:\/\/somekco.com.vn\/?s={search_term_string}\"},\"query-input\":{\"@type\":\"PropertyValueSpecification\",\"valueRequired\":true,\"valueName\":\"search_term_string\"}}],\"inLanguage\":\"en-US\"},{\"@type\":\"Organization\",\"@id\":\"https:\/\/somekco.com.vn\/#organization\",\"name\":\"SOMEKCO\",\"url\":\"https:\/\/somekco.com.vn\/\",\"logo\":{\"@type\":\"ImageObject\",\"inLanguage\":\"en-US\",\"@id\":\"https:\/\/somekco.com.vn\/#\/schema\/logo\/image\/\",\"url\":\"https:\/\/somekco.com.vn\/wp-content\/uploads\/2025\/04\/logo-somekco.png\",\"contentUrl\":\"https:\/\/somekco.com.vn\/wp-content\/uploads\/2025\/04\/logo-somekco.png\",\"width\":1414,\"height\":529,\"caption\":\"SOMEKCO\"},\"image\":{\"@id\":\"https:\/\/somekco.com.vn\/#\/schema\/logo\/image\/\"}}]}<\/script>\n<!-- \/ Yoast SEO Premium plugin. -->","yoast_head_json":{"title":"Nh\u00e0 m\u00e1y - SOMEKCO","robots":{"index":"index","follow":"follow","max-snippet":"max-snippet:-1","max-image-preview":"max-image-preview:large","max-video-preview":"max-video-preview:-1"},"canonical":"https:\/\/somekco.com.vn\/en\/nha-may\/","og_locale":"en_US","og_type":"article","og_title":"Nh\u00e0 m\u00e1y","og_description":"Nh\u00e0 m\u00e1y c\u1ee7a ch\u00fang t\u00f4iCh\u1ea5t l\u01b0\u1ee3ng d\u1eeba B\u1ebfn Tre c\u1ee7a ch\u00fang t\u00f4i kh\u00f4ng thua k\u00e9m b\u1ea5t k\u1ef3 qu\u1ed1c gia n\u00e0o tr\u00ean th\u1ebf gi\u1edbi, v\u00e0 ch\u00fang t\u00f4i c\u00f3 ch\u1ee9ng nh\u1eadn \u0111\u1ec3 ch\u1ee9ng minh \u0111i\u1ec1u \u0111\u00f3.Nh\u00e0 m\u00e1y c\u1ee7a ch\u00fang t\u00f4iCh\u1ea5t l\u01b0\u1ee3ng d\u1eeba B\u1ebfn Tre c\u1ee7a ch\u00fang t\u00f4i kh\u00f4ng thua k\u00e9m b\u1ea5t k\u1ef3 qu\u1ed1c gia n\u00e0o tr\u00ean th\u1ebf [&hellip;]","og_url":"https:\/\/somekco.com.vn\/en\/nha-may\/","og_site_name":"SOMEKCO","article_modified_time":"2025-05-02T23:11:58+00:00","og_image":[{"width":1877,"height":1218,"url":"https:\/\/somekco.com.vn\/wp-content\/uploads\/2025\/04\/nha-may-somekco-001.png","type":"image\/png"}],"twitter_card":"summary_large_image","twitter_misc":{"Est. reading time":"4 minutes"},"schema":{"@context":"https:\/\/schema.org","@graph":[{"@type":"WebPage","@id":"https:\/\/somekco.com.vn\/nha-may\/","url":"https:\/\/somekco.com.vn\/nha-may\/","name":"Nh\u00e0 m\u00e1y - SOMEKCO","isPartOf":{"@id":"https:\/\/somekco.com.vn\/#website"},"primaryImageOfPage":{"@id":"https:\/\/somekco.com.vn\/nha-may\/#primaryimage"},"image":{"@id":"https:\/\/somekco.com.vn\/nha-may\/#primaryimage"},"thumbnailUrl":"https:\/\/somekco.com.vn\/wp-content\/uploads\/2025\/04\/nha-may-somekco-001-1024x664.png","datePublished":"2025-04-10T13:15:51+00:00","dateModified":"2025-05-02T23:11:58+00:00","breadcrumb":{"@id":"https:\/\/somekco.com.vn\/nha-may\/#breadcrumb"},"inLanguage":"en-US","potentialAction":[{"@type":"ReadAction","target":["https:\/\/somekco.com.vn\/nha-may\/"]}]},{"@type":"ImageObject","inLanguage":"en-US","@id":"https:\/\/somekco.com.vn\/nha-may\/#primaryimage","url":"https:\/\/somekco.com.vn\/wp-content\/uploads\/2025\/04\/nha-may-somekco-001-1024x664.png","contentUrl":"https:\/\/somekco.com.vn\/wp-content\/uploads\/2025\/04\/nha-may-somekco-001-1024x664.png"},{"@type":"BreadcrumbList","@id":"https:\/\/somekco.com.vn\/nha-may\/#breadcrumb","itemListElement":[{"@type":"ListItem","position":1,"name":"Trang ch\u1ee7","item":"https:\/\/somekco.com.vn\/"},{"@type":"ListItem","position":2,"name":"Nh\u00e0 m\u00e1y"}]},{"@type":"WebSite","@id":"https:\/\/somekco.com.vn\/#website","url":"https:\/\/somekco.com.vn\/","name":"SOMEKCO","description":"","publisher":{"@id":"https:\/\/somekco.com.vn\/#organization"},"potentialAction":[{"@type":"SearchAction","target":{"@type":"EntryPoint","urlTemplate":"https:\/\/somekco.com.vn\/?s={search_term_string}"},"query-input":{"@type":"PropertyValueSpecification","valueRequired":true,"valueName":"search_term_string"}}],"inLanguage":"en-US"},{"@type":"Organization","@id":"https:\/\/somekco.com.vn\/#organization","name":"SOMEKCO","url":"https:\/\/somekco.com.vn\/","logo":{"@type":"ImageObject","inLanguage":"en-US","@id":"https:\/\/somekco.com.vn\/#\/schema\/logo\/image\/","url":"https:\/\/somekco.com.vn\/wp-content\/uploads\/2025\/04\/logo-somekco.png","contentUrl":"https:\/\/somekco.com.vn\/wp-content\/uploads\/2025\/04\/logo-somekco.png","width":1414,"height":529,"caption":"SOMEKCO"},"image":{"@id":"https:\/\/somekco.com.vn\/#\/schema\/logo\/image\/"}}]}},"_links":{"self":[{"href":"https:\/\/somekco.com.vn\/en\/wp-json\/wp\/v2\/pages\/195","targetHints":{"allow":["GET"]}}],"collection":[{"href":"https:\/\/somekco.com.vn\/en\/wp-json\/wp\/v2\/pages"}],"about":[{"href":"https:\/\/somekco.com.vn\/en\/wp-json\/wp\/v2\/types\/page"}],"author":[{"embeddable":true,"href":"https:\/\/somekco.com.vn\/en\/wp-json\/wp\/v2\/users\/1"}],"replies":[{"embeddable":true,"href":"https:\/\/somekco.com.vn\/en\/wp-json\/wp\/v2\/comments?post=195"}],"version-history":[{"count":35,"href":"https:\/\/somekco.com.vn\/en\/wp-json\/wp\/v2\/pages\/195\/revisions"}],"predecessor-version":[{"id":1028,"href":"https:\/\/somekco.com.vn\/en\/wp-json\/wp\/v2\/pages\/195\/revisions\/1028"}],"wp:attachment":[{"href":"https:\/\/somekco.com.vn\/en\/wp-json\/wp\/v2\/media?parent=195"}],"curies":[{"name":"wp","href":"https:\/\/api.w.org\/{rel}","templated":true}]}}