{"id":13,"date":"2025-04-10T10:34:55","date_gmt":"2025-04-10T10:34:55","guid":{"rendered":"https:\/\/somekco.123websitedev.com\/?page_id=13"},"modified":"2025-05-26T11:47:19","modified_gmt":"2025-05-26T04:47:19","slug":"trang-chu","status":"publish","type":"page","link":"https:\/\/somekco.com.vn\/en\/","title":{"rendered":"Home"},"content":{"rendered":"<div data-elementor-type=\"wp-page\" data-elementor-id=\"13\" class=\"elementor elementor-13\" data-elementor-post-type=\"page\">\n\t\t\t\t<div class=\"elementor-element elementor-element-b3da31d e-flex e-con-boxed e-con e-parent\" data-id=\"b3da31d\" data-element_type=\"container\">\n\t\t\t\t\t<div class=\"e-con-inner\">\n\t\t<div class=\"elementor-element elementor-element-21a7015 e-con-full e-flex e-con e-child\" data-id=\"21a7015\" data-element_type=\"container\">\n\t\t\t\t<div class=\"elementor-element elementor-element-5f02c2f elementor-arrows-position-inside elementor-widget elementor-widget-n-carousel\" data-id=\"5f02c2f\" data-element_type=\"widget\" data-settings=\"{&quot;carousel_items&quot;:[{&quot;slide_title&quot;:&quot;Slide #1&quot;,&quot;_id&quot;:&quot;fb06581&quot;}],&quot;slides_to_show&quot;:&quot;1&quot;,&quot;slides_to_scroll&quot;:&quot;1&quot;,&quot;image_spacing_custom&quot;:{&quot;unit&quot;:&quot;px&quot;,&quot;size&quot;:0,&quot;sizes&quot;:[]},&quot;slides_to_show_tablet&quot;:&quot;2&quot;,&quot;slides_to_show_mobile&quot;:&quot;1&quot;,&quot;autoplay&quot;:&quot;yes&quot;,&quot;autoplay_speed&quot;:5000,&quot;pause_on_hover&quot;:&quot;yes&quot;,&quot;pause_on_interaction&quot;:&quot;yes&quot;,&quot;infinite&quot;:&quot;yes&quot;,&quot;speed&quot;:500,&quot;offset_sides&quot;:&quot;none&quot;,&quot;arrows&quot;:&quot;yes&quot;,&quot;image_spacing_custom_tablet&quot;:{&quot;unit&quot;:&quot;px&quot;,&quot;size&quot;:&quot;&quot;,&quot;sizes&quot;:[]},&quot;image_spacing_custom_mobile&quot;:{&quot;unit&quot;:&quot;px&quot;,&quot;size&quot;:&quot;&quot;,&quot;sizes&quot;:[]}}\" data-widget_type=\"nested-carousel.default\">\n\t\t\t\t<div class=\"elementor-widget-container\">\n\t\t\t\t\t\t\t<div class=\"e-n-carousel swiper\" role=\"region\" aria-roledescription=\"carousel\" aria-label=\"Carousel\" dir=\"ltr\">\n\t\t\t<div class=\"swiper-wrapper\" aria-live=\"off\">\n\t\t\t\t\t\t\t\t\t\t<div class=\"swiper-slide\" data-slide=\"1\" role=\"group\" aria-roledescription=\"slide\" aria-label=\"1 of 1\">\n\t\t\t\t\t\t\t<div class=\"elementor-element elementor-element-f814223 e-flex e-con-boxed e-con e-child\" data-id=\"f814223\" data-element_type=\"container\">\n\t\t\t\t\t<div class=\"e-con-inner\">\n\t\t<div class=\"elementor-element elementor-element-d77b30e e-con-full e-flex e-con e-child\" data-id=\"d77b30e\" data-element_type=\"container\">\n\t\t\t\t<div class=\"elementor-element elementor-element-4edd26e elementor-widget elementor-widget-image\" data-id=\"4edd26e\" data-element_type=\"widget\" data-widget_type=\"image.default\">\n\t\t\t\t<div class=\"elementor-widget-container\">\n\t\t\t\t\t\t\t\t\t\t\t\t\t\t\t<img fetchpriority=\"high\" decoding=\"async\" width=\"1926\" height=\"685\" src=\"https:\/\/somekco.com.vn\/wp-content\/uploads\/2025\/04\/slider-001.jpg\" class=\"attachment-full size-full wp-image-60\" alt=\"\" srcset=\"https:\/\/somekco.com.vn\/wp-content\/uploads\/2025\/04\/slider-001.jpg 1926w, https:\/\/somekco.com.vn\/wp-content\/uploads\/2025\/04\/slider-001-300x107.jpg 300w, https:\/\/somekco.com.vn\/wp-content\/uploads\/2025\/04\/slider-001-1024x364.jpg 1024w, https:\/\/somekco.com.vn\/wp-content\/uploads\/2025\/04\/slider-001-768x273.jpg 768w, https:\/\/somekco.com.vn\/wp-content\/uploads\/2025\/04\/slider-001-1536x546.jpg 1536w, https:\/\/somekco.com.vn\/wp-content\/uploads\/2025\/04\/slider-001-18x6.jpg 18w\" sizes=\"(max-width: 1926px) 100vw, 1926px\" \/>\t\t\t\t\t\t\t\t\t\t\t\t\t\t\t<\/div>\n\t\t\t\t<\/div>\n\t\t\t\t<\/div>\n\t\t\t\t\t<\/div>\n\t\t\t\t<\/div>\n\t\t\t\t\t\t\t\t<\/div>\n\t\t\t\t\t\t\t\t<\/div>\n\t\t<\/div>\n\t\t\t\t\t\t<\/div>\n\t\t\t\t<\/div>\n\t\t\t\t<\/div>\n\t\t\t\t\t<\/div>\n\t\t\t\t<\/div>\n\t\t<div class=\"elementor-element elementor-element-fd7a94d e-flex e-con-boxed elementor-invisible e-con e-parent\" data-id=\"fd7a94d\" data-element_type=\"container\" data-settings=\"{&quot;background_background&quot;:&quot;classic&quot;,&quot;animation&quot;:&quot;fadeInUp&quot;}\">\n\t\t\t\t\t<div class=\"e-con-inner\">\n\t\t\t\t<div class=\"elementor-element elementor-element-eb7e8af elementor-hidden-desktop elementor-hidden-tablet elementor-hidden-mobile elementor-widget elementor-widget-heading\" data-id=\"eb7e8af\" data-element_type=\"widget\" data-widget_type=\"heading.default\">\n\t\t\t\t<div class=\"elementor-widget-container\">\n\t\t\t\t\t<h1 class=\"elementor-heading-title elementor-size-default\">SOMEKCO<\/h1>\t\t\t\t<\/div>\n\t\t\t\t<\/div>\n\t\t<div class=\"elementor-element elementor-element-c6c65f4 e-con-full e-flex e-con e-child\" data-id=\"c6c65f4\" data-element_type=\"container\">\n\t\t\t\t<div class=\"elementor-element elementor-element-9ca5942 elementor-widget elementor-widget-heading\" data-id=\"9ca5942\" data-element_type=\"widget\" data-widget_type=\"heading.default\">\n\t\t\t\t<div class=\"elementor-widget-container\">\n\t\t\t\t\t<h2 class=\"elementor-heading-title elementor-size-default\">&quot;Your satisfaction is our top priority&quot;<\/h2>\t\t\t\t<\/div>\n\t\t\t\t<\/div>\n\t\t\t\t<\/div>\n\t\t<div class=\"elementor-element elementor-element-cf57fea e-con-full e-flex e-con e-child\" data-id=\"cf57fea\" data-element_type=\"container\">\n\t\t<div class=\"elementor-element elementor-element-46835f4 e-con-full e-flex e-con e-child\" data-id=\"46835f4\" data-element_type=\"container\">\n\t\t\t\t<div class=\"elementor-element elementor-element-69b7ecb elementor-widget elementor-widget-text-editor\" data-id=\"69b7ecb\" data-element_type=\"widget\" data-widget_type=\"text-editor.default\">\n\t\t\t\t<div class=\"elementor-widget-container\">\n\t\t\t\t\t\t\t\t\t<p style=\"text-align: justify;\">SOMEKCO Ben Tre is a fresh coconut factory owned by VPM Company, established in 2007. Our facility covers an area of 10,000 square meters in Ben Tre province, known as the coconut capital of Vietnam. Equipped with advanced technologies, our factory has a fully automated production line, including de-shelling, processing, packaging and modern cold storage systems.<\/p><p style=\"text-align: justify;\">We have established 2,650 hectares of coconut plantation codes in partnership with skilled local farmers who have many years of experience in growing this variety. The cultivation process, from selecting high quality seedlings to ensuring compliance with GAP and Global GAP standards, is closely monitored to maintain superior quality.<\/p><p style=\"text-align: justify;\">We pride ourselves on our dedication to continuous innovation, creativity and meticulous attention to detail at every stage of the supply chain\u2014from farming and harvesting to manufacturing, logistics and customer service.<\/p><p style=\"text-align: justify;\">At SOMEKCO Ben Tre, we are committed to being a reliable partner, providing fresh, high quality and safe coconut products, meeting the health needs of consumers and winning the trust of importers worldwide.<\/p>\t\t\t\t\t\t\t\t<\/div>\n\t\t\t\t<\/div>\n\t\t<div class=\"elementor-element elementor-element-d31cd51 e-grid e-con-full e-con e-child\" data-id=\"d31cd51\" data-element_type=\"container\">\n\t\t\t\t<div class=\"elementor-element elementor-element-2a77ed7 elementor-widget elementor-widget-counter\" data-id=\"2a77ed7\" data-element_type=\"widget\" data-widget_type=\"counter.default\">\n\t\t\t\t<div class=\"elementor-widget-container\">\n\t\t\t\t\t\t\t<div class=\"elementor-counter\">\n\t\t\t<div class=\"elementor-counter-title\">Hectare of Coconut Garden<\/div>\t\t\t<div class=\"elementor-counter-number-wrapper\">\n\t\t\t\t<span class=\"elementor-counter-number-prefix\"><\/span>\n\t\t\t\t<span class=\"elementor-counter-number\" data-duration=\"2000\" data-to-value=\"2650\" data-from-value=\"0\" data-delimiter=\",\">0<\/span>\n\t\t\t\t<span class=\"elementor-counter-number-suffix\"><\/span>\n\t\t\t<\/div>\n\t\t<\/div>\n\t\t\t\t\t\t<\/div>\n\t\t\t\t<\/div>\n\t\t\t\t<div class=\"elementor-element elementor-element-d96aaae elementor-widget elementor-widget-counter\" data-id=\"d96aaae\" data-element_type=\"widget\" data-widget_type=\"counter.default\">\n\t\t\t\t<div class=\"elementor-widget-container\">\n\t\t\t\t\t\t\t<div class=\"elementor-counter\">\n\t\t\t<div class=\"elementor-counter-title\">Hectare of Coconut Garden<\/div>\t\t\t<div class=\"elementor-counter-number-wrapper\">\n\t\t\t\t<span class=\"elementor-counter-number-prefix\"><\/span>\n\t\t\t\t<span class=\"elementor-counter-number\" data-duration=\"2000\" data-to-value=\"10000\" data-from-value=\"0\" data-delimiter=\",\">0<\/span>\n\t\t\t\t<span class=\"elementor-counter-number-suffix\"><\/span>\n\t\t\t<\/div>\n\t\t<\/div>\n\t\t\t\t\t\t<\/div>\n\t\t\t\t<\/div>\n\t\t\t\t<div class=\"elementor-element elementor-element-053a776 elementor-widget elementor-widget-heading\" data-id=\"053a776\" data-element_type=\"widget\" data-widget_type=\"heading.default\">\n\t\t\t\t<div class=\"elementor-widget-container\">\n\t\t\t\t\t<h3 class=\"elementor-heading-title elementor-size-default\">Global Export<\/h3>\t\t\t\t<\/div>\n\t\t\t\t<\/div>\n\t\t\t\t<\/div>\n\t\t\t\t<\/div>\n\t\t<div class=\"elementor-element elementor-element-1a8df1b e-con-full e-flex e-con e-child\" data-id=\"1a8df1b\" data-element_type=\"container\">\n\t\t\t\t<div class=\"elementor-element elementor-element-09634cc elementor-pagination-position-inside elementor-skin-carousel elementor-arrows-yes elementor-pagination-type-bullets elementor-widget elementor-widget-media-carousel\" data-id=\"09634cc\" data-element_type=\"widget\" data-settings=\"{&quot;slides_per_view&quot;:&quot;1&quot;,&quot;slides_per_view_tablet&quot;:&quot;1&quot;,&quot;skin&quot;:&quot;carousel&quot;,&quot;effect&quot;:&quot;slide&quot;,&quot;show_arrows&quot;:&quot;yes&quot;,&quot;pagination&quot;:&quot;bullets&quot;,&quot;speed&quot;:500,&quot;autoplay&quot;:&quot;yes&quot;,&quot;autoplay_speed&quot;:5000,&quot;loop&quot;:&quot;yes&quot;,&quot;pause_on_hover&quot;:&quot;yes&quot;,&quot;pause_on_interaction&quot;:&quot;yes&quot;,&quot;space_between&quot;:{&quot;unit&quot;:&quot;px&quot;,&quot;size&quot;:10,&quot;sizes&quot;:[]},&quot;space_between_tablet&quot;:{&quot;unit&quot;:&quot;px&quot;,&quot;size&quot;:10,&quot;sizes&quot;:[]},&quot;space_between_mobile&quot;:{&quot;unit&quot;:&quot;px&quot;,&quot;size&quot;:10,&quot;sizes&quot;:[]}}\" data-widget_type=\"media-carousel.default\">\n\t\t\t\t<div class=\"elementor-widget-container\">\n\t\t\t\t\t\t\t\t\t<div class=\"elementor-swiper\">\n\t\t\t\t\t<div class=\"elementor-main-swiper swiper\" role=\"region\" aria-roledescription=\"carousel\" aria-label=\"Slides\">\n\t\t\t\t<div class=\"swiper-wrapper\">\n\t\t\t\t\t\t\t\t\t\t\t<div class=\"swiper-slide\" role=\"group\" aria-roledescription=\"slide\">\n\t\t\t\t\t\t\t<a href=\"https:\/\/somekco.com.vn\/wp-content\/uploads\/2025\/04\/bg-video-home.jpg\" data-elementor-open-lightbox=\"yes\" data-elementor-lightbox-slideshow=\"09634cc\" data-elementor-lightbox-title=\"bg-video-home\" data-e-action-hash=\"#elementor-action%3Aaction%3Dlightbox%26settings%3DeyJpZCI6NzIsInVybCI6Imh0dHBzOlwvXC9zb21la2NvLmNvbS52blwvd3AtY29udGVudFwvdXBsb2Fkc1wvMjAyNVwvMDRcL2JnLXZpZGVvLWhvbWUuanBnIiwic2xpZGVzaG93IjoiMDk2MzRjYyJ9\" data-elementor-lightbox-video=\"https:\/\/www.youtube.com\/embed\/qF_1bSyLVK0?feature=oembed&amp;autoplay=1&amp;rel=0&amp;controls=0\">\t\t<div class=\"elementor-carousel-image\" role=\"img\" aria-label=\"bg-video-home\" style=\"background-image: url(&#039;https:\/\/somekco.com.vn\/wp-content\/uploads\/2025\/04\/bg-video-home.jpg&#039;)\">\n\n\t\t\t\n\t\t\t\t\t\t\t<div class=\"elementor-custom-embed-play\">\n\t\t\t\t\t<svg aria-hidden=\"true\" class=\"e-font-icon-svg e-eicon-play\" viewbox=\"0 0 1000 1000\" xmlns=\"http:\/\/www.w3.org\/2000\/svg\"><path d=\"M838 162C746 71 633 25 500 25 371 25 258 71 163 162 71 254 25 367 25 500 25 633 71 746 163 837 254 929 367 979 500 979 633 979 746 933 838 837 929 746 975 633 975 500 975 367 929 254 838 162M808 192C892 279 933 379 933 500 933 621 892 725 808 808 725 892 621 938 500 938 379 938 279 896 196 808 113 725 67 621 67 500 67 379 108 279 196 192 279 108 383 62 500 62 621 62 721 108 808 192M438 392V642L642 517 438 392Z\"><\/path><\/svg>\t\t\t\t\t<span class=\"elementor-screen-only\">Play<\/span>\n\t\t\t\t<\/div>\n\t\t\t\t\t<\/div>\n\t\t<\/a>\t\t\t\t\t\t<\/div>\n\t\t\t\t\t\t\t\t\t<\/div>\n\t\t\t\t\t\t\t<\/div>\n\t\t\t\t<\/div>\n\t\t\t\t\t\t\t\t<\/div>\n\t\t\t\t<\/div>\n\t\t\t\t<\/div>\n\t\t\t\t<\/div>\n\t\t\t\t\t<\/div>\n\t\t\t\t<\/div>\n\t\t<div class=\"elementor-element elementor-element-bae3c14 e-flex e-con-boxed e-con e-parent\" data-id=\"bae3c14\" data-element_type=\"container\">\n\t\t\t\t\t<div class=\"e-con-inner\">\n\t\t\t\t<div class=\"elementor-element elementor-element-4276203 elementor-widget-divider--view-line elementor-widget elementor-widget-divider\" data-id=\"4276203\" data-element_type=\"widget\" data-widget_type=\"divider.default\">\n\t\t\t\t<div class=\"elementor-widget-container\">\n\t\t\t\t\t\t\t<div class=\"elementor-divider\">\n\t\t\t<span class=\"elementor-divider-separator\">\n\t\t\t\t\t\t<\/span>\n\t\t<\/div>\n\t\t\t\t\t\t<\/div>\n\t\t\t\t<\/div>\n\t\t\t\t\t<\/div>\n\t\t\t\t<\/div>\n\t\t\t\t<\/div>","protected":false},"excerpt":{"rendered":"<p>SOMEKCO \u201cYour satisfaction is our top priority\u201d SOMEKCO Ben Tre is a fresh coconut factory owned by VPM Company, established in 2007. Our facility spans over 10,000 square meters in Ben Tre province, known as the [\u2026]<\/p>","protected":false},"author":1,"featured_media":745,"parent":0,"menu_order":0,"comment_status":"closed","ping_status":"closed","template":"elementor_header_footer","meta":{"footnotes":""},"class_list":["post-13","page","type-page","status-publish","has-post-thumbnail","hentry"],"yoast_head":"<!-- This site is optimized with the Yoast SEO Premium plugin v24.8 (Yoast SEO v24.8) - https:\/\/yoast.com\/wordpress\/plugins\/seo\/ -->\n<title>C\u00d4NG TY TNHH N\u00d4NG NGHI\u1ec6P NAM MEKONG - B\u1ebeN TRE<\/title>\n<meta name=\"description\" content=\"Tr\u00e1i d\u1eeba xi\u00eam ng\u1ecdt m\u00e1t l\u00e0 s\u1ea3n ph\u1ea9m \u0111\u01b0\u1ee3c t\u1ea1o ra t\u1eeb t\u00ecnh y\u00eau v\u00e0 l\u00f2ng \u0111am m\u00ea c\u1ee7a \u0111\u1ed9i ng\u0169 SOMEKCO. Ch\u00fang t\u00f4i nu\u00f4i d\u01b0\u1ee1ng, ch\u0103m s\u00f3c d\u1eeba theo ph\u01b0\u01a1ng th\u1ee9c v\u00e0 quy tr\u00ecnh nghi\u00eam ng\u1eb7t nh\u01b0 nh\u1eefng ng\u01b0\u1eddi n\u00f4ng d\u00e2n t\u1eadn t\u00e2m.\" \/>\n<meta name=\"robots\" content=\"index, follow, max-snippet:-1, max-image-preview:large, max-video-preview:-1\" \/>\n<link rel=\"canonical\" href=\"https:\/\/somekco.com.vn\/en\/\" \/>\n<meta property=\"og:locale\" content=\"en_US\" \/>\n<meta property=\"og:type\" content=\"article\" \/>\n<meta property=\"og:title\" content=\"C\u00d4NG TY TNHH N\u00d4NG NGHI\u1ec6P NAM MEKONG - B\u1ebeN TRE\" \/>\n<meta property=\"og:description\" content=\"Tr\u00e1i d\u1eeba xi\u00eam ng\u1ecdt m\u00e1t l\u00e0 s\u1ea3n ph\u1ea9m \u0111\u01b0\u1ee3c t\u1ea1o ra t\u1eeb t\u00ecnh y\u00eau v\u00e0 l\u00f2ng \u0111am m\u00ea c\u1ee7a \u0111\u1ed9i ng\u0169 SOMEKCO. Ch\u00fang t\u00f4i nu\u00f4i d\u01b0\u1ee1ng, ch\u0103m s\u00f3c d\u1eeba theo ph\u01b0\u01a1ng th\u1ee9c v\u00e0 quy tr\u00ecnh nghi\u00eam ng\u1eb7t nh\u01b0 nh\u1eefng ng\u01b0\u1eddi n\u00f4ng d\u00e2n t\u1eadn t\u00e2m.\" \/>\n<meta property=\"og:url\" content=\"https:\/\/somekco.com.vn\/en\/\" \/>\n<meta property=\"og:site_name\" content=\"SOMEKCO\" \/>\n<meta property=\"article:modified_time\" content=\"2025-05-26T04:47:19+00:00\" \/>\n<meta property=\"og:image\" content=\"https:\/\/somekco.com.vn\/wp-content\/uploads\/2025\/04\/avt-share-fb-zalo.jpg\" \/>\n\t<meta property=\"og:image:width\" content=\"600\" \/>\n\t<meta property=\"og:image:height\" content=\"315\" \/>\n\t<meta property=\"og:image:type\" content=\"image\/jpeg\" \/>\n<meta name=\"twitter:card\" content=\"summary_large_image\" \/>\n<meta name=\"twitter:title\" content=\"Trang ch\u1ee7\" \/>\n<meta name=\"twitter:label1\" content=\"Est. reading time\" \/>\n\t<meta name=\"twitter:data1\" content=\"2 minutes\" \/>\n<script type=\"application\/ld+json\" class=\"yoast-schema-graph\">{\"@context\":\"https:\/\/schema.org\",\"@graph\":[{\"@type\":\"WebPage\",\"@id\":\"https:\/\/somekco.com.vn\/\",\"url\":\"https:\/\/somekco.com.vn\/\",\"name\":\"C\u00d4NG TY TNHH N\u00d4NG NGHI\u1ec6P NAM MEKONG - B\u1ebeN TRE\",\"isPartOf\":{\"@id\":\"https:\/\/somekco.com.vn\/#website\"},\"primaryImageOfPage\":{\"@id\":\"https:\/\/somekco.com.vn\/#primaryimage\"},\"image\":{\"@id\":\"https:\/\/somekco.com.vn\/#primaryimage\"},\"thumbnailUrl\":\"https:\/\/somekco.com.vn\/wp-content\/uploads\/2025\/04\/avt-share-fb-zalo.jpg\",\"datePublished\":\"2025-04-10T10:34:55+00:00\",\"dateModified\":\"2025-05-26T04:47:19+00:00\",\"description\":\"Tr\u00e1i d\u1eeba xi\u00eam ng\u1ecdt m\u00e1t l\u00e0 s\u1ea3n ph\u1ea9m \u0111\u01b0\u1ee3c t\u1ea1o ra t\u1eeb t\u00ecnh y\u00eau v\u00e0 l\u00f2ng \u0111am m\u00ea c\u1ee7a \u0111\u1ed9i ng\u0169 SOMEKCO. Ch\u00fang t\u00f4i nu\u00f4i d\u01b0\u1ee1ng, ch\u0103m s\u00f3c d\u1eeba theo ph\u01b0\u01a1ng th\u1ee9c v\u00e0 quy tr\u00ecnh nghi\u00eam ng\u1eb7t nh\u01b0 nh\u1eefng ng\u01b0\u1eddi n\u00f4ng d\u00e2n t\u1eadn t\u00e2m.\",\"breadcrumb\":{\"@id\":\"https:\/\/somekco.com.vn\/#breadcrumb\"},\"inLanguage\":\"en-US\",\"potentialAction\":[{\"@type\":\"ReadAction\",\"target\":[\"https:\/\/somekco.com.vn\/\"]}]},{\"@type\":\"ImageObject\",\"inLanguage\":\"en-US\",\"@id\":\"https:\/\/somekco.com.vn\/#primaryimage\",\"url\":\"https:\/\/somekco.com.vn\/wp-content\/uploads\/2025\/04\/avt-share-fb-zalo.jpg\",\"contentUrl\":\"https:\/\/somekco.com.vn\/wp-content\/uploads\/2025\/04\/avt-share-fb-zalo.jpg\",\"width\":600,\"height\":315},{\"@type\":\"BreadcrumbList\",\"@id\":\"https:\/\/somekco.com.vn\/#breadcrumb\",\"itemListElement\":[{\"@type\":\"ListItem\",\"position\":1,\"name\":\"Trang ch\u1ee7\",\"item\":\"https:\/\/somekco.com.vn\/\"},{\"@type\":\"ListItem\",\"position\":2,\"name\":\"Trang ch\u1ee7\"}]},{\"@type\":\"WebSite\",\"@id\":\"https:\/\/somekco.com.vn\/#website\",\"url\":\"https:\/\/somekco.com.vn\/\",\"name\":\"SOMEKCO\",\"description\":\"\",\"publisher\":{\"@id\":\"https:\/\/somekco.com.vn\/#organization\"},\"potentialAction\":[{\"@type\":\"SearchAction\",\"target\":{\"@type\":\"EntryPoint\",\"urlTemplate\":\"https:\/\/somekco.com.vn\/?s={search_term_string}\"},\"query-input\":{\"@type\":\"PropertyValueSpecification\",\"valueRequired\":true,\"valueName\":\"search_term_string\"}}],\"inLanguage\":\"en-US\"},{\"@type\":\"Organization\",\"@id\":\"https:\/\/somekco.com.vn\/#organization\",\"name\":\"SOMEKCO\",\"url\":\"https:\/\/somekco.com.vn\/\",\"logo\":{\"@type\":\"ImageObject\",\"inLanguage\":\"en-US\",\"@id\":\"https:\/\/somekco.com.vn\/#\/schema\/logo\/image\/\",\"url\":\"https:\/\/somekco.com.vn\/wp-content\/uploads\/2025\/04\/logo-somekco.png\",\"contentUrl\":\"https:\/\/somekco.com.vn\/wp-content\/uploads\/2025\/04\/logo-somekco.png\",\"width\":1414,\"height\":529,\"caption\":\"SOMEKCO\"},\"image\":{\"@id\":\"https:\/\/somekco.com.vn\/#\/schema\/logo\/image\/\"}}]}<\/script>\n<!-- \/ Yoast SEO Premium plugin. -->","yoast_head_json":{"title":"C\u00d4NG TY TNHH N\u00d4NG NGHI\u1ec6P NAM MEKONG - B\u1ebeN TRE","description":"Tr\u00e1i d\u1eeba xi\u00eam ng\u1ecdt m\u00e1t l\u00e0 s\u1ea3n ph\u1ea9m \u0111\u01b0\u1ee3c t\u1ea1o ra t\u1eeb t\u00ecnh y\u00eau v\u00e0 l\u00f2ng \u0111am m\u00ea c\u1ee7a \u0111\u1ed9i ng\u0169 SOMEKCO. Ch\u00fang t\u00f4i nu\u00f4i d\u01b0\u1ee1ng, ch\u0103m s\u00f3c d\u1eeba theo ph\u01b0\u01a1ng th\u1ee9c v\u00e0 quy tr\u00ecnh nghi\u00eam ng\u1eb7t nh\u01b0 nh\u1eefng ng\u01b0\u1eddi n\u00f4ng d\u00e2n t\u1eadn t\u00e2m.","robots":{"index":"index","follow":"follow","max-snippet":"max-snippet:-1","max-image-preview":"max-image-preview:large","max-video-preview":"max-video-preview:-1"},"canonical":"https:\/\/somekco.com.vn\/en\/","og_locale":"en_US","og_type":"article","og_title":"C\u00d4NG TY TNHH N\u00d4NG NGHI\u1ec6P NAM MEKONG - B\u1ebeN TRE","og_description":"Tr\u00e1i d\u1eeba xi\u00eam ng\u1ecdt m\u00e1t l\u00e0 s\u1ea3n ph\u1ea9m \u0111\u01b0\u1ee3c t\u1ea1o ra t\u1eeb t\u00ecnh y\u00eau v\u00e0 l\u00f2ng \u0111am m\u00ea c\u1ee7a \u0111\u1ed9i ng\u0169 SOMEKCO. Ch\u00fang t\u00f4i nu\u00f4i d\u01b0\u1ee1ng, ch\u0103m s\u00f3c d\u1eeba theo ph\u01b0\u01a1ng th\u1ee9c v\u00e0 quy tr\u00ecnh nghi\u00eam ng\u1eb7t nh\u01b0 nh\u1eefng ng\u01b0\u1eddi n\u00f4ng d\u00e2n t\u1eadn t\u00e2m.","og_url":"https:\/\/somekco.com.vn\/en\/","og_site_name":"SOMEKCO","article_modified_time":"2025-05-26T04:47:19+00:00","og_image":[{"width":600,"height":315,"url":"https:\/\/somekco.com.vn\/wp-content\/uploads\/2025\/04\/avt-share-fb-zalo.jpg","type":"image\/jpeg"}],"twitter_card":"summary_large_image","twitter_title":"Trang ch\u1ee7","twitter_misc":{"Est. reading time":"2 minutes"},"schema":{"@context":"https:\/\/schema.org","@graph":[{"@type":"WebPage","@id":"https:\/\/somekco.com.vn\/","url":"https:\/\/somekco.com.vn\/","name":"C\u00d4NG TY TNHH N\u00d4NG NGHI\u1ec6P NAM MEKONG - B\u1ebeN TRE","isPartOf":{"@id":"https:\/\/somekco.com.vn\/#website"},"primaryImageOfPage":{"@id":"https:\/\/somekco.com.vn\/#primaryimage"},"image":{"@id":"https:\/\/somekco.com.vn\/#primaryimage"},"thumbnailUrl":"https:\/\/somekco.com.vn\/wp-content\/uploads\/2025\/04\/avt-share-fb-zalo.jpg","datePublished":"2025-04-10T10:34:55+00:00","dateModified":"2025-05-26T04:47:19+00:00","description":"Tr\u00e1i d\u1eeba xi\u00eam ng\u1ecdt m\u00e1t l\u00e0 s\u1ea3n ph\u1ea9m \u0111\u01b0\u1ee3c t\u1ea1o ra t\u1eeb t\u00ecnh y\u00eau v\u00e0 l\u00f2ng \u0111am m\u00ea c\u1ee7a \u0111\u1ed9i ng\u0169 SOMEKCO. Ch\u00fang t\u00f4i nu\u00f4i d\u01b0\u1ee1ng, ch\u0103m s\u00f3c d\u1eeba theo ph\u01b0\u01a1ng th\u1ee9c v\u00e0 quy tr\u00ecnh nghi\u00eam ng\u1eb7t nh\u01b0 nh\u1eefng ng\u01b0\u1eddi n\u00f4ng d\u00e2n t\u1eadn t\u00e2m.","breadcrumb":{"@id":"https:\/\/somekco.com.vn\/#breadcrumb"},"inLanguage":"en-US","potentialAction":[{"@type":"ReadAction","target":["https:\/\/somekco.com.vn\/"]}]},{"@type":"ImageObject","inLanguage":"en-US","@id":"https:\/\/somekco.com.vn\/#primaryimage","url":"https:\/\/somekco.com.vn\/wp-content\/uploads\/2025\/04\/avt-share-fb-zalo.jpg","contentUrl":"https:\/\/somekco.com.vn\/wp-content\/uploads\/2025\/04\/avt-share-fb-zalo.jpg","width":600,"height":315},{"@type":"BreadcrumbList","@id":"https:\/\/somekco.com.vn\/#breadcrumb","itemListElement":[{"@type":"ListItem","position":1,"name":"Trang ch\u1ee7","item":"https:\/\/somekco.com.vn\/"},{"@type":"ListItem","position":2,"name":"Trang ch\u1ee7"}]},{"@type":"WebSite","@id":"https:\/\/somekco.com.vn\/#website","url":"https:\/\/somekco.com.vn\/","name":"SOMEKCO","description":"","publisher":{"@id":"https:\/\/somekco.com.vn\/#organization"},"potentialAction":[{"@type":"SearchAction","target":{"@type":"EntryPoint","urlTemplate":"https:\/\/somekco.com.vn\/?s={search_term_string}"},"query-input":{"@type":"PropertyValueSpecification","valueRequired":true,"valueName":"search_term_string"}}],"inLanguage":"en-US"},{"@type":"Organization","@id":"https:\/\/somekco.com.vn\/#organization","name":"SOMEKCO","url":"https:\/\/somekco.com.vn\/","logo":{"@type":"ImageObject","inLanguage":"en-US","@id":"https:\/\/somekco.com.vn\/#\/schema\/logo\/image\/","url":"https:\/\/somekco.com.vn\/wp-content\/uploads\/2025\/04\/logo-somekco.png","contentUrl":"https:\/\/somekco.com.vn\/wp-content\/uploads\/2025\/04\/logo-somekco.png","width":1414,"height":529,"caption":"SOMEKCO"},"image":{"@id":"https:\/\/somekco.com.vn\/#\/schema\/logo\/image\/"}}]}},"_links":{"self":[{"href":"https:\/\/somekco.com.vn\/en\/wp-json\/wp\/v2\/pages\/13","targetHints":{"allow":["GET"]}}],"collection":[{"href":"https:\/\/somekco.com.vn\/en\/wp-json\/wp\/v2\/pages"}],"about":[{"href":"https:\/\/somekco.com.vn\/en\/wp-json\/wp\/v2\/types\/page"}],"author":[{"embeddable":true,"href":"https:\/\/somekco.com.vn\/en\/wp-json\/wp\/v2\/users\/1"}],"replies":[{"embeddable":true,"href":"https:\/\/somekco.com.vn\/en\/wp-json\/wp\/v2\/comments?post=13"}],"version-history":[{"count":157,"href":"https:\/\/somekco.com.vn\/en\/wp-json\/wp\/v2\/pages\/13\/revisions"}],"predecessor-version":[{"id":1060,"href":"https:\/\/somekco.com.vn\/en\/wp-json\/wp\/v2\/pages\/13\/revisions\/1060"}],"wp:featuredmedia":[{"embeddable":true,"href":"https:\/\/somekco.com.vn\/en\/wp-json\/wp\/v2\/media\/745"}],"wp:attachment":[{"href":"https:\/\/somekco.com.vn\/en\/wp-json\/wp\/v2\/media?parent=13"}],"curies":[{"name":"wp","href":"https:\/\/api.w.org\/{rel}","templated":true}]}}